{"id":5450,"date":"2013-03-11T13:01:02","date_gmt":"2013-03-11T10:01:02","guid":{"rendered":"https:\/\/editura-unibuc.ro\/?p=5450"},"modified":"2025-03-13T12:46:34","modified_gmt":"2025-03-13T10:46:34","slug":"phonetique-francaise-et-exercices","status":"publish","type":"product","link":"https:\/\/editura-unibuc.ro\/en\/phonetique-francaise-et-exercices\/","title":{"rendered":"FRENCH PHONETICS AND EXERCISES"},"content":{"rendered":"<p>Cet ouvrage s&#8217;adresse aux apprenants d\u00e9sireux de perfectionner leurs connaissances th\u00e9oriques et pratiques de phon\u00e9tique fran\u00e7aise. En 14 le\u00e7ons sont d\u00e9crites, \u00e0 travers le prisme des rapports complexes du code oral et du code \u00e9crit, de la langue source et de la langue cible, les <strong>unit\u00e9s phon\u00e9tiques segmentales et suprasegmentales <\/strong>du fran\u00e7ais \u2013 la phrase phon\u00e9tique et le groupe de souffle, le groupe accentuel et l&#8217;accent, l&#8217;intonation, la syllabe, le phon\u00e8me vocalique et consonantique \u2013 ainsi que les <strong>jonctions <\/strong>(les ph\u00e9nom\u00e8nes de phon\u00e9tique syntagmatique ou combinatoire) \u2013 l&#8217;encha\u00eenement vocalique et consonantique, l&#8217;\u00e9lision, la semi-vocalisation, la g\u00e9mination, l&#8217;assimilation, la liaison.<\/p>\n","protected":false},"excerpt":{"rendered":"<p>Cet ouvrage s&#8217;adresse aux apprenants d\u00e9sireux de perfectionner leurs connaissances th\u00e9oriques et pratiques de phon\u00e9tique fran\u00e7aise. En 14 le\u00e7ons sont d\u00e9crites, \u00e0 travers le prisme des rapports complexes du code oral et du code \u00e9crit, de la langue source et de la langue cible, les unit\u00e9s phon\u00e9tiques segmentales et suprasegmentales du fran\u00e7ais \u2013 la phrase [&hellip;]<\/p>\n","protected":false},"featured_media":8789,"comment_status":"closed","ping_status":"closed","template":"","meta":[],"product_brand":[],"product_cat":[3823,1464,977],"product_tag":[903],"class_list":{"0":"post-5450","1":"product","2":"type-product","3":"status-publish","4":"has-post-thumbnail","6":"product_cat-stiinte-umane","7":"product_cat-filologie","8":"product_cat-limba-franceza","9":"product_tag-geografie","11":"first","12":"instock","13":"shipping-taxable","14":"purchasable","15":"product-type-simple"},"_links":{"self":[{"href":"https:\/\/editura-unibuc.ro\/en\/wp-json\/wp\/v2\/product\/5450","targetHints":{"allow":["GET"]}}],"collection":[{"href":"https:\/\/editura-unibuc.ro\/en\/wp-json\/wp\/v2\/product"}],"about":[{"href":"https:\/\/editura-unibuc.ro\/en\/wp-json\/wp\/v2\/types\/product"}],"replies":[{"embeddable":true,"href":"https:\/\/editura-unibuc.ro\/en\/wp-json\/wp\/v2\/comments?post=5450"}],"wp:featuredmedia":[{"embeddable":true,"href":"https:\/\/editura-unibuc.ro\/en\/wp-json\/wp\/v2\/media\/8789"}],"wp:attachment":[{"href":"https:\/\/editura-unibuc.ro\/en\/wp-json\/wp\/v2\/media?parent=5450"}],"wp:term":[{"taxonomy":"product_brand","embeddable":true,"href":"https:\/\/editura-unibuc.ro\/en\/wp-json\/wp\/v2\/product_brand?post=5450"},{"taxonomy":"product_cat","embeddable":true,"href":"https:\/\/editura-unibuc.ro\/en\/wp-json\/wp\/v2\/product_cat?post=5450"},{"taxonomy":"product_tag","embeddable":true,"href":"https:\/\/editura-unibuc.ro\/en\/wp-json\/wp\/v2\/product_tag?post=5450"}],"curies":[{"name":"wp","href":"https:\/\/api.w.org\/{rel}","templated":true}]}}