{"id":5471,"date":"2013-03-14T12:51:03","date_gmt":"2013-03-14T09:51:03","guid":{"rendered":"https:\/\/editura-unibuc.ro\/?p=5471"},"modified":"2025-08-07T09:27:49","modified_gmt":"2025-08-07T06:27:49","slug":"metode-de-monitorizare-a-substantelor-toxice-note-de-curs-si-aplicatii","status":"publish","type":"product","link":"https:\/\/editura-unibuc.ro\/en\/metode-de-monitorizare-a-substantelor-toxice-note-de-curs-si-aplicatii\/","title":{"rendered":"TOXIC WASTE MONITORING METHODS. Course notes and applications"},"content":{"rendered":"<p>Scopul lucr\u0103rii este acela de a pune la dispozi\u021bia studen\u021bilor chimi\u0219ti \u0219i cadrelor didactice din \u00eenv\u0103\u021b\u0103m\u00e2ntul pre-universitar, bagajul de cuno\u0219tin\u021be necesare pentru \u00een\u021belegerea principiilor ce stau la baza metodelor chimice \u0219i instrumentale, cu aplica\u021bii \u00een analiza substan\u021belor toxice. Sunt descrise metode chimice (gravimetrice \u0219i volumetrice) zi metode instrumentale de analiz\u0103 (optice, cromatografice, electrochimice). Lucrarea se adreseaz\u0103, \u00een principal, cursan\u021bilor la masterul \u201eAbordarea integrat\u0103 a \u0219tiin\u021belor: biologie, chimie, fizic\u0103\u201d, ce doresc o specializare multidisciplinar\u0103, dar \u0219i, \u00een general, speciali\u0219tilor \u00een domeniul chimiei analitice. \u00cen lucrare sunt descrise pe larg, principiile teoretice, tehnicile de lucru, modul de efectuare a determin\u0103rilor, calcularea rezultatelor determin\u0103rilor experimentale. Fiecare capitol con\u021bine at\u00e2t exerci\u021bii de verificare a no\u021biunilor teoretice c\u00e2t \u0219i probleme. Acestea din urm\u0103 au fost concepute ca aplica\u021bii de calculare a rezultatelor analizelor de substan\u021be poten\u021bial toxice, din probe de mediu, biologice, produ\u0219i farmaceutici..<\/p>\n","protected":false},"excerpt":{"rendered":"<p>Scopul lucr\u0103rii este acela de a pune la dispozi\u021bia studen\u021bilor chimi\u0219ti \u0219i cadrelor didactice din \u00eenv\u0103\u021b\u0103m\u00e2ntul pre-universitar, bagajul de cuno\u0219tin\u021be necesare pentru \u00een\u021belegerea principiilor ce stau la baza metodelor chimice \u0219i instrumentale, cu aplica\u021bii \u00een analiza substan\u021belor toxice. Sunt descrise metode chimice (gravimetrice \u0219i volumetrice) zi metode instrumentale de analiz\u0103 (optice, cromatografice, electrochimice). Lucrarea se [&hellip;]<\/p>\n","protected":false},"featured_media":8784,"comment_status":"closed","ping_status":"closed","template":"","meta":[],"product_brand":[],"product_cat":[982,983],"product_tag":[907],"class_list":{"0":"post-5471","1":"product","2":"type-product","3":"status-publish","4":"has-post-thumbnail","6":"product_cat-stiinte-exacte","7":"product_cat-chimie","8":"product_tag-chimie","10":"first","11":"outofstock","12":"shipping-taxable","13":"purchasable","14":"product-type-simple"},"_links":{"self":[{"href":"https:\/\/editura-unibuc.ro\/en\/wp-json\/wp\/v2\/product\/5471","targetHints":{"allow":["GET"]}}],"collection":[{"href":"https:\/\/editura-unibuc.ro\/en\/wp-json\/wp\/v2\/product"}],"about":[{"href":"https:\/\/editura-unibuc.ro\/en\/wp-json\/wp\/v2\/types\/product"}],"replies":[{"embeddable":true,"href":"https:\/\/editura-unibuc.ro\/en\/wp-json\/wp\/v2\/comments?post=5471"}],"wp:featuredmedia":[{"embeddable":true,"href":"https:\/\/editura-unibuc.ro\/en\/wp-json\/wp\/v2\/media\/8784"}],"wp:attachment":[{"href":"https:\/\/editura-unibuc.ro\/en\/wp-json\/wp\/v2\/media?parent=5471"}],"wp:term":[{"taxonomy":"product_brand","embeddable":true,"href":"https:\/\/editura-unibuc.ro\/en\/wp-json\/wp\/v2\/product_brand?post=5471"},{"taxonomy":"product_cat","embeddable":true,"href":"https:\/\/editura-unibuc.ro\/en\/wp-json\/wp\/v2\/product_cat?post=5471"},{"taxonomy":"product_tag","embeddable":true,"href":"https:\/\/editura-unibuc.ro\/en\/wp-json\/wp\/v2\/product_tag?post=5471"}],"curies":[{"name":"wp","href":"https:\/\/api.w.org\/{rel}","templated":true}]}}