{"id":5496,"date":"2013-03-18T14:13:15","date_gmt":"2013-03-18T11:13:15","guid":{"rendered":"https:\/\/editura-unibuc.ro\/?p=5496"},"modified":"2025-08-06T10:44:18","modified_gmt":"2025-08-06T07:44:18","slug":"activitatea-fizica-independenta-si-valorificarea-prin-miscare-a-timpului-liber-vol-ii","status":"publish","type":"product","link":"https:\/\/editura-unibuc.ro\/en\/activitatea-fizica-independenta-si-valorificarea-prin-miscare-a-timpului-liber-vol-ii\/","title":{"rendered":"INDEPENDENT PHYSICAL ACTIVITY AND MAKING THE MOST OF LEISURE BY EXERCISE. VOL. II"},"content":{"rendered":"<p>Cuprins: Introducere; Activit\u0103\u021bi nautice \u0219i agrement maritim; Alpinism \u0219i escalad\u0103; Culturism \u0219i fitness; Dansul de societate; Fitness \u00een ap\u0103 \u2013 aqua aerobics; Gimnastica lejer\u0103; Jocul de fotbal \u00een sal\u0103 (futsal); Jocul de squash; Tae-bo; Team-building; Turismul montan; Triada: mersul pe jos, jogging, mersul pe biciclet\u0103.<\/p>\n","protected":false},"excerpt":{"rendered":"<p>Cuprins: Introducere; Activit\u0103\u021bi nautice \u0219i agrement maritim; Alpinism \u0219i escalad\u0103; Culturism \u0219i fitness; Dansul de societate; Fitness \u00een ap\u0103 \u2013 aqua aerobics; Gimnastica lejer\u0103; Jocul de fotbal \u00een sal\u0103 (futsal); Jocul de squash; Tae-bo; Team-building; Turismul montan; Triada: mersul pe jos, jogging, mersul pe biciclet\u0103.<\/p>\n","protected":false},"featured_media":8778,"comment_status":"closed","ping_status":"closed","template":"","meta":[],"product_brand":[],"product_cat":[993,991],"product_tag":[1269],"class_list":{"0":"post-5496","1":"product","2":"type-product","3":"status-publish","4":"has-post-thumbnail","6":"product_cat-educatie-fizica-si-sport","7":"product_cat-stiinte-sociale","8":"product_tag-sport","10":"first","11":"instock","12":"shipping-taxable","13":"purchasable","14":"product-type-simple"},"_links":{"self":[{"href":"https:\/\/editura-unibuc.ro\/en\/wp-json\/wp\/v2\/product\/5496","targetHints":{"allow":["GET"]}}],"collection":[{"href":"https:\/\/editura-unibuc.ro\/en\/wp-json\/wp\/v2\/product"}],"about":[{"href":"https:\/\/editura-unibuc.ro\/en\/wp-json\/wp\/v2\/types\/product"}],"replies":[{"embeddable":true,"href":"https:\/\/editura-unibuc.ro\/en\/wp-json\/wp\/v2\/comments?post=5496"}],"wp:featuredmedia":[{"embeddable":true,"href":"https:\/\/editura-unibuc.ro\/en\/wp-json\/wp\/v2\/media\/8778"}],"wp:attachment":[{"href":"https:\/\/editura-unibuc.ro\/en\/wp-json\/wp\/v2\/media?parent=5496"}],"wp:term":[{"taxonomy":"product_brand","embeddable":true,"href":"https:\/\/editura-unibuc.ro\/en\/wp-json\/wp\/v2\/product_brand?post=5496"},{"taxonomy":"product_cat","embeddable":true,"href":"https:\/\/editura-unibuc.ro\/en\/wp-json\/wp\/v2\/product_cat?post=5496"},{"taxonomy":"product_tag","embeddable":true,"href":"https:\/\/editura-unibuc.ro\/en\/wp-json\/wp\/v2\/product_tag?post=5496"}],"curies":[{"name":"wp","href":"https:\/\/api.w.org\/{rel}","templated":true}]}}