{"id":5500,"date":"2013-03-18T14:17:29","date_gmt":"2013-03-18T12:17:29","guid":{"rendered":"https:\/\/editura-unibuc.ro\/?p=5500"},"modified":"2016-02-18T14:28:42","modified_gmt":"2016-02-18T12:28:42","slug":"the-syntax-of-quantity-and-quality-in-romanian-prepositional-binominal-structures","status":"publish","type":"product","link":"https:\/\/editura-unibuc.ro\/en\/the-syntax-of-quantity-and-quality-in-romanian-prepositional-binominal-structures\/","title":{"rendered":"THE SYNTAX OF QUANTITY AND QUALITY IN ROMANIAN: PREPOSITIONAL BINOMINAL STRUCTURES"},"content":{"rendered":"<p>Structurat\u0103 \u00een trei mari capitole, lucrarea analizeaz\u0103 sintaxa cantit\u0103\u021bii \u0219i a calit\u0103\u021bii \u00een limba rom\u00e2n\u0103, pornind de la construc\u021biile pseudopartitive, ale c\u0103ror caracteristici \u0219i cazuri specifice sunt luate \u00een considerare \u00een primul capitol. \u00cen capitolul II reg\u0103sim analiza construc\u021biilor cu numerale cardinale, cu o trecere \u00een revist\u0103 multilingvistic\u0103 a acestora, prin familii de limbi \u0219i limbi particulare, \u00een timp\u00a0 ce categoria calit\u0103\u021bii \u00een sintaxa limbii rom\u00e2ne este tratat\u0103 \u00een al treilea capitol. Cartea este redactat\u0103 \u00een \u00eentregime \u00een limba englez\u0103 dar este completat\u0103 de exemple cuprinz\u0103toare \u00een limba rom\u00e2n\u0103 \u0219i alte limbi de interes pentru demonstra\u021bia metodic\u0103.<\/p>\n","protected":false},"excerpt":{"rendered":"<p>Structurat\u0103 \u00een trei mari capitole, lucrarea analizeaz\u0103 sintaxa cantit\u0103\u021bii \u0219i a calit\u0103\u021bii \u00een limba rom\u00e2n\u0103, pornind de la construc\u021biile pseudopartitive, ale c\u0103ror caracteristici \u0219i cazuri specifice sunt luate \u00een considerare \u00een primul capitol. \u00cen capitolul II reg\u0103sim analiza construc\u021biilor cu numerale cardinale, cu o trecere \u00een revist\u0103 multilingvistic\u0103 a acestora, prin familii de limbi \u0219i [&hellip;]<\/p>\n","protected":false},"featured_media":8772,"comment_status":"open","ping_status":"closed","template":"","meta":[],"product_brand":[],"product_cat":[1464,976],"product_tag":[926],"class_list":{"0":"post-5500","1":"product","2":"type-product","3":"status-publish","4":"has-post-thumbnail","6":"product_cat-filologie","7":"product_cat-limba-engleza","8":"product_tag-engleza","10":"first","11":"instock","12":"purchasable","13":"product-type-simple"},"_links":{"self":[{"href":"https:\/\/editura-unibuc.ro\/en\/wp-json\/wp\/v2\/product\/5500","targetHints":{"allow":["GET"]}}],"collection":[{"href":"https:\/\/editura-unibuc.ro\/en\/wp-json\/wp\/v2\/product"}],"about":[{"href":"https:\/\/editura-unibuc.ro\/en\/wp-json\/wp\/v2\/types\/product"}],"replies":[{"embeddable":true,"href":"https:\/\/editura-unibuc.ro\/en\/wp-json\/wp\/v2\/comments?post=5500"}],"wp:featuredmedia":[{"embeddable":true,"href":"https:\/\/editura-unibuc.ro\/en\/wp-json\/wp\/v2\/media\/8772"}],"wp:attachment":[{"href":"https:\/\/editura-unibuc.ro\/en\/wp-json\/wp\/v2\/media?parent=5500"}],"wp:term":[{"taxonomy":"product_brand","embeddable":true,"href":"https:\/\/editura-unibuc.ro\/en\/wp-json\/wp\/v2\/product_brand?post=5500"},{"taxonomy":"product_cat","embeddable":true,"href":"https:\/\/editura-unibuc.ro\/en\/wp-json\/wp\/v2\/product_cat?post=5500"},{"taxonomy":"product_tag","embeddable":true,"href":"https:\/\/editura-unibuc.ro\/en\/wp-json\/wp\/v2\/product_tag?post=5500"}],"curies":[{"name":"wp","href":"https:\/\/api.w.org\/{rel}","templated":true}]}}