{"id":5561,"date":"2013-03-26T13:35:12","date_gmt":"2013-03-26T10:35:12","guid":{"rendered":"https:\/\/editura-unibuc.ro\/?p=5561"},"modified":"2018-01-09T11:55:10","modified_gmt":"2018-01-09T09:55:10","slug":"acordul-in-limba-romana","status":"publish","type":"product","link":"https:\/\/editura-unibuc.ro\/en\/acordul-in-limba-romana\/","title":{"rendered":"AGREEMENT IN ROMANIAN"},"content":{"rendered":"<p>Obiectivul lucr\u0103rii este cel de a face o descriere \u0219i o interpretare teoretic\u0103 a acordului \u00een limba rom\u00e2n\u0103, \u00eentr-un cadru teoretic generativist, dar f\u0103r\u0103 a exclude ipoteze din alte cadre teoretice \u0219i f\u0103r\u0103 a face analize foarte \u201etehnice\u201d ale acordului. Pe l\u00e2ng\u0103 limba standard (sistemul limbii), am avut \u00een vedere pe parcursul capitolelor \u0219i realiz\u0103ri colocviale ale acordului sau din registrul oral, dac\u0103 acestea au un grad de frecven\u021b\u0103 ridicat. (Introducere)<\/p>\n","protected":false},"excerpt":{"rendered":"<p>Obiectivul lucr\u0103rii este cel de a face o descriere \u0219i o interpretare teoretic\u0103 a acordului \u00een limba rom\u00e2n\u0103, \u00eentr-un cadru teoretic generativist, dar f\u0103r\u0103 a exclude ipoteze din alte cadre teoretice \u0219i f\u0103r\u0103 a face analize foarte \u201etehnice\u201d ale acordului. Pe l\u00e2ng\u0103 limba standard (sistemul limbii), am avut \u00een vedere pe parcursul capitolelor \u0219i realiz\u0103ri [&hellip;]<\/p>\n","protected":false},"featured_media":8761,"comment_status":"closed","ping_status":"closed","template":"","meta":[],"product_brand":[],"product_cat":[1464,979],"product_tag":[925],"class_list":{"0":"post-5561","1":"product","2":"type-product","3":"status-publish","4":"has-post-thumbnail","6":"product_cat-filologie","7":"product_cat-limba-romana","8":"product_tag-romana","10":"first","11":"outofstock","12":"shipping-taxable","13":"purchasable","14":"product-type-simple"},"_links":{"self":[{"href":"https:\/\/editura-unibuc.ro\/en\/wp-json\/wp\/v2\/product\/5561","targetHints":{"allow":["GET"]}}],"collection":[{"href":"https:\/\/editura-unibuc.ro\/en\/wp-json\/wp\/v2\/product"}],"about":[{"href":"https:\/\/editura-unibuc.ro\/en\/wp-json\/wp\/v2\/types\/product"}],"replies":[{"embeddable":true,"href":"https:\/\/editura-unibuc.ro\/en\/wp-json\/wp\/v2\/comments?post=5561"}],"wp:featuredmedia":[{"embeddable":true,"href":"https:\/\/editura-unibuc.ro\/en\/wp-json\/wp\/v2\/media\/8761"}],"wp:attachment":[{"href":"https:\/\/editura-unibuc.ro\/en\/wp-json\/wp\/v2\/media?parent=5561"}],"wp:term":[{"taxonomy":"product_brand","embeddable":true,"href":"https:\/\/editura-unibuc.ro\/en\/wp-json\/wp\/v2\/product_brand?post=5561"},{"taxonomy":"product_cat","embeddable":true,"href":"https:\/\/editura-unibuc.ro\/en\/wp-json\/wp\/v2\/product_cat?post=5561"},{"taxonomy":"product_tag","embeddable":true,"href":"https:\/\/editura-unibuc.ro\/en\/wp-json\/wp\/v2\/product_tag?post=5561"}],"curies":[{"name":"wp","href":"https:\/\/api.w.org\/{rel}","templated":true}]}}