{"id":5565,"date":"2013-03-26T13:40:02","date_gmt":"2013-03-26T10:40:02","guid":{"rendered":"https:\/\/editura-unibuc.ro\/?p=5565"},"modified":"2019-10-29T13:20:48","modified_gmt":"2019-10-29T11:20:48","slug":"introducere-in-spectroscopia-atomica","status":"publish","type":"product","link":"https:\/\/editura-unibuc.ro\/en\/introducere-in-spectroscopia-atomica\/","title":{"rendered":"INTRODUCTION TO ATOMIC SPECTROSCOPY"},"content":{"rendered":"<p>Spectroscopia se ocup\u0103 cu studiul emisiilor \u0219i absorb\u021biilor de energie de c\u0103tre substan\u021be, radia\u021bii \u0219i elemente chimice. \u00cen aceast\u0103 lucrare sunt studiate c\u00e2teva dintre principiile introductive ale spectroscopiei atomice, al modului \u00een care atomii substan\u021belor emit \u0219i absorb energie. CUPRINS: 1. Dezvoltarea istoric\u0103 a spectroscopiei; 2. Teoria atomic\u0103\u00a0 a lui Bohr; 3. Atomul Bohr-Sommerfeld; 4. Ipoteza De Broglie. Ecua\u021bia Schr\u00f6dinger; 5. Ecua\u021bia Schr\u00f6dinger aplicat\u0103 la atomul de hidrogen; 6. Termeni spectrali ai atomilor excita\u021bi; 7. Spectrele atomilor metalelor alcaline; 8. Teoria cuantic\u0103 a efectului Zeeman; Lucr\u0103ri de laborator: L1. Aparate spectrale cu prism\u0103 ; L2. Aparate spectrale cu re\u021bea de difrac\u021bie; L3. Spectrele atomului de hidrogen. Seria Balmer; L4. Observarea efectului Zeeman normal la cadmiu; L5. M\u0103surarea despic\u0103rii Zeeman la cadmiu; L6. Spectrofotometrie optic\u0103 \u00een vizibil-ultraviolet; L7. Spectrul atomului de heliu; Anexa 1: Spectrul vizibil al l\u0103mpii cu Hg; Spectrul vizibil al l\u0103mpii cu He; Anexa 2: Seriile spectrale ale hidrogenului; Anexa 3: M\u0103rimi \u0219i unit\u0103\u021bi de m\u0103sur\u0103; Bibliografie.<\/p>\n","protected":false},"excerpt":{"rendered":"<p>Spectroscopia se ocup\u0103 cu studiul emisiilor \u0219i absorb\u021biilor de energie de c\u0103tre substan\u021be, radia\u021bii \u0219i elemente chimice. \u00cen aceast\u0103 lucrare sunt studiate c\u00e2teva dintre principiile introductive ale spectroscopiei atomice, al modului \u00een care atomii substan\u021belor emit \u0219i absorb energie. CUPRINS: 1. Dezvoltarea istoric\u0103 a spectroscopiei; 2. Teoria atomic\u0103\u00a0 a lui Bohr; 3. Atomul Bohr-Sommerfeld; 4. [&hellip;]<\/p>\n","protected":false},"featured_media":8759,"comment_status":"closed","ping_status":"closed","template":"","meta":[],"product_brand":[],"product_cat":[982,984],"product_tag":[908],"class_list":{"0":"post-5565","1":"product","2":"type-product","3":"status-publish","4":"has-post-thumbnail","6":"product_cat-stiinte-exacte","7":"product_cat-fizica","8":"product_tag-fizica","10":"first","11":"outofstock","12":"shipping-taxable","13":"purchasable","14":"product-type-simple"},"_links":{"self":[{"href":"https:\/\/editura-unibuc.ro\/en\/wp-json\/wp\/v2\/product\/5565","targetHints":{"allow":["GET"]}}],"collection":[{"href":"https:\/\/editura-unibuc.ro\/en\/wp-json\/wp\/v2\/product"}],"about":[{"href":"https:\/\/editura-unibuc.ro\/en\/wp-json\/wp\/v2\/types\/product"}],"replies":[{"embeddable":true,"href":"https:\/\/editura-unibuc.ro\/en\/wp-json\/wp\/v2\/comments?post=5565"}],"wp:featuredmedia":[{"embeddable":true,"href":"https:\/\/editura-unibuc.ro\/en\/wp-json\/wp\/v2\/media\/8759"}],"wp:attachment":[{"href":"https:\/\/editura-unibuc.ro\/en\/wp-json\/wp\/v2\/media?parent=5565"}],"wp:term":[{"taxonomy":"product_brand","embeddable":true,"href":"https:\/\/editura-unibuc.ro\/en\/wp-json\/wp\/v2\/product_brand?post=5565"},{"taxonomy":"product_cat","embeddable":true,"href":"https:\/\/editura-unibuc.ro\/en\/wp-json\/wp\/v2\/product_cat?post=5565"},{"taxonomy":"product_tag","embeddable":true,"href":"https:\/\/editura-unibuc.ro\/en\/wp-json\/wp\/v2\/product_tag?post=5565"}],"curies":[{"name":"wp","href":"https:\/\/api.w.org\/{rel}","templated":true}]}}