{"id":780,"date":"2012-08-02T10:40:30","date_gmt":"2012-08-02T07:40:30","guid":{"rendered":"https:\/\/editura-unibuc.ro\/?p=780"},"modified":"2025-07-18T12:01:26","modified_gmt":"2025-07-18T09:01:26","slug":"identitate-in-uniunea-europeana","status":"publish","type":"product","link":"https:\/\/editura-unibuc.ro\/en\/identitate-in-uniunea-europeana\/","title":{"rendered":"IDENTITY IN THE EUROPEAN UNION"},"content":{"rendered":"<p>Europa este o comunitate imaginat\u0103, \u0219i aceasta \u00eenseamn\u0103 c\u0103 identitatea ei este un proiect \u00een construc\u021bie \u0219i cum devine Uniunea European\u0103 noua Europ\u0103, un spa\u021biu nou? Care este rolul comunic\u0103rii culturale \u00een aceast\u0103 dificil\u0103 asamblare de spa\u021bii \u0219i identit\u0103\u021bi ce coexist\u0103 \u00eentr-un spa\u021biu dat? Care este evolu\u021bia dinamicii identitare europene? Iat\u0103 c\u00e2teva \u00eentreb\u0103ri la care lucrarea de fa\u021b\u0103 \u00ee\u0219i propune s\u0103 r\u0103spund\u0103.<\/p>\n","protected":false},"excerpt":{"rendered":"<p>Europa este o comunitate imaginat\u0103, \u0219i aceasta \u00eenseamn\u0103 c\u0103 identitatea ei este un proiect \u00een construc\u021bie \u0219i cum devine Uniunea European\u0103 noua Europ\u0103, un spa\u021biu nou? Care este rolul comunic\u0103rii culturale \u00een aceast\u0103 dificil\u0103 asamblare de spa\u021bii \u0219i identit\u0103\u021bi ce coexist\u0103 \u00eentr-un spa\u021biu dat? Care este evolu\u021bia dinamicii identitare europene? Iat\u0103 c\u00e2teva \u00eentreb\u0103ri la care [&hellip;]<\/p>\n","protected":false},"featured_media":10602,"comment_status":"open","ping_status":"closed","template":"","meta":[],"product_brand":[],"product_cat":[991,998],"product_tag":[1425,1426,1427,1428],"class_list":{"0":"post-780","1":"product","2":"type-product","3":"status-publish","4":"has-post-thumbnail","6":"product_cat-stiinte-sociale","7":"product_cat-sociologie-si-asistenta-sociala","8":"product_tag-eu","9":"product_tag-identitate","10":"product_tag-ue","11":"product_tag-uniunea-europeana","13":"first","14":"instock","15":"shipping-taxable","16":"purchasable","17":"product-type-simple"},"_links":{"self":[{"href":"https:\/\/editura-unibuc.ro\/en\/wp-json\/wp\/v2\/product\/780","targetHints":{"allow":["GET"]}}],"collection":[{"href":"https:\/\/editura-unibuc.ro\/en\/wp-json\/wp\/v2\/product"}],"about":[{"href":"https:\/\/editura-unibuc.ro\/en\/wp-json\/wp\/v2\/types\/product"}],"replies":[{"embeddable":true,"href":"https:\/\/editura-unibuc.ro\/en\/wp-json\/wp\/v2\/comments?post=780"}],"wp:featuredmedia":[{"embeddable":true,"href":"https:\/\/editura-unibuc.ro\/en\/wp-json\/wp\/v2\/media\/10602"}],"wp:attachment":[{"href":"https:\/\/editura-unibuc.ro\/en\/wp-json\/wp\/v2\/media?parent=780"}],"wp:term":[{"taxonomy":"product_brand","embeddable":true,"href":"https:\/\/editura-unibuc.ro\/en\/wp-json\/wp\/v2\/product_brand?post=780"},{"taxonomy":"product_cat","embeddable":true,"href":"https:\/\/editura-unibuc.ro\/en\/wp-json\/wp\/v2\/product_cat?post=780"},{"taxonomy":"product_tag","embeddable":true,"href":"https:\/\/editura-unibuc.ro\/en\/wp-json\/wp\/v2\/product_tag?post=780"}],"curies":[{"name":"wp","href":"https:\/\/api.w.org\/{rel}","templated":true}]}}