{"id":784,"date":"2012-08-02T10:47:08","date_gmt":"2012-08-02T07:47:08","guid":{"rendered":"https:\/\/editura-unibuc.ro\/?p=784"},"modified":"2025-08-07T09:24:48","modified_gmt":"2025-08-07T06:24:48","slug":"meridiani-della-migrazione-nella-letteratura-romena-da-ureche-a-cioran","status":"publish","type":"product","link":"https:\/\/editura-unibuc.ro\/en\/meridiani-della-migrazione-nella-letteratura-romena-da-ureche-a-cioran\/","title":{"rendered":"TRAVEL PATTERNS IN ROMANIAN LITERATURE FROM URECHE TO CIORAN"},"content":{"rendered":"<p>Itinerariile parcurse de oamenii de cultur\u0103 rom\u00e2ni, prin c\u0103l\u0103torii, exiluri sau vizite, de la Grigore Ureche, Miron Costin, Dimitrie Cantemir p\u00e2n\u0103 la Emil Cioran devin, \u00een aceast\u0103 lucrare, un pretext \u0219i un bun prilej de analiz\u0103 a form\u0103rii unei identit\u0103\u021bi culturale rom\u00e2ne\u0219ti \u00een contact cu alteritatea european\u0103, otoman\u0103 sau rus\u0103.<\/p>\n","protected":false},"excerpt":{"rendered":"<p>Itinerariile parcurse de oamenii de cultur\u0103 rom\u00e2ni, prin c\u0103l\u0103torii, exiluri sau vizite, de la Grigore Ureche, Miron Costin, Dimitrie Cantemir p\u00e2n\u0103 la Emil Cioran devin, \u00een aceast\u0103 lucrare, un pretext \u0219i un bun prilej de analiz\u0103 a form\u0103rii unei identit\u0103\u021bi culturale rom\u00e2ne\u0219ti \u00een contact cu alteritatea european\u0103, otoman\u0103 sau rus\u0103.<\/p>\n","protected":false},"featured_media":10598,"comment_status":"open","ping_status":"closed","template":"","meta":[],"product_brand":[],"product_cat":[1464,980],"product_tag":[1421,919,1422,1423,925,1424],"class_list":{"0":"post-784","1":"product","2":"type-product","3":"status-publish","4":"has-post-thumbnail","6":"product_cat-filologie","7":"product_cat-limbi-romanice-clasice-si-orientale","8":"product_tag-calatorii","9":"product_tag-literatura","10":"product_tag-literature","11":"product_tag-migrazioni","12":"product_tag-romana","13":"product_tag-travel","15":"first","16":"outofstock","17":"shipping-taxable","18":"product-type-simple"},"_links":{"self":[{"href":"https:\/\/editura-unibuc.ro\/en\/wp-json\/wp\/v2\/product\/784","targetHints":{"allow":["GET"]}}],"collection":[{"href":"https:\/\/editura-unibuc.ro\/en\/wp-json\/wp\/v2\/product"}],"about":[{"href":"https:\/\/editura-unibuc.ro\/en\/wp-json\/wp\/v2\/types\/product"}],"replies":[{"embeddable":true,"href":"https:\/\/editura-unibuc.ro\/en\/wp-json\/wp\/v2\/comments?post=784"}],"wp:featuredmedia":[{"embeddable":true,"href":"https:\/\/editura-unibuc.ro\/en\/wp-json\/wp\/v2\/media\/10598"}],"wp:attachment":[{"href":"https:\/\/editura-unibuc.ro\/en\/wp-json\/wp\/v2\/media?parent=784"}],"wp:term":[{"taxonomy":"product_brand","embeddable":true,"href":"https:\/\/editura-unibuc.ro\/en\/wp-json\/wp\/v2\/product_brand?post=784"},{"taxonomy":"product_cat","embeddable":true,"href":"https:\/\/editura-unibuc.ro\/en\/wp-json\/wp\/v2\/product_cat?post=784"},{"taxonomy":"product_tag","embeddable":true,"href":"https:\/\/editura-unibuc.ro\/en\/wp-json\/wp\/v2\/product_tag?post=784"}],"curies":[{"name":"wp","href":"https:\/\/api.w.org\/{rel}","templated":true}]}}