{"id":794,"date":"2012-08-02T11:07:39","date_gmt":"2012-08-02T08:07:39","guid":{"rendered":"https:\/\/editura-unibuc.ro\/?p=794"},"modified":"2016-06-17T09:59:52","modified_gmt":"2016-06-17T06:59:52","slug":"czeslaw-milosz-la-bucuresti-materialele-colocviului-international-7-8-octombrie-2011","status":"publish","type":"product","link":"https:\/\/editura-unibuc.ro\/en\/czeslaw-milosz-la-bucuresti-materialele-colocviului-international-7-8-octombrie-2011\/","title":{"rendered":"CZESLAW MILOSZ IN BUCHAREST. Papers of the International Colloquium, October 7-8, 2011"},"content":{"rendered":"<p>Volumul de fa\u021b\u0103 reune\u0219te comunic\u0103rile prezentate la sec\u021biunea consacrat\u0103 centenarului na\u0219terii lui Czeslaw Milosz (1911-2004), \u00een cadrul sesiunii interna\u021bionale \u201cStudile slave \u00een context european\u201d, care a avut loc la Bucure\u0219ti \u00een zilele de 7-8 octombrie 2011, cu participarea unor speciali\u0219ti din \u021bar\u0103 \u0219i din str\u0103in\u0103tate. Lucr\u0103rile sec\u021biei s-au \u00eenscris \u00eentr-o tematic\u0103 larg\u0103, pun\u00e2nd \u00een relief variate metode de abordare a fenomenului literar \u0219i cultural.<\/p>\n","protected":false},"excerpt":{"rendered":"<p>Volumul de fa\u021b\u0103 reune\u0219te comunic\u0103rile prezentate la sec\u021biunea consacrat\u0103 centenarului na\u0219terii lui Czeslaw Milosz (1911-2004), \u00een cadrul sesiunii interna\u021bionale \u201cStudile slave \u00een context european\u201d, care a avut loc la Bucure\u0219ti \u00een zilele de 7-8 octombrie 2011, cu participarea unor speciali\u0219ti din \u021bar\u0103 \u0219i din str\u0103in\u0103tate. Lucr\u0103rile sec\u021biei s-au \u00eenscris \u00eentr-o tematic\u0103 larg\u0103, pun\u00e2nd \u00een relief [&hellip;]<\/p>\n","protected":false},"featured_media":10592,"comment_status":"open","ping_status":"closed","template":"","meta":[],"product_brand":[],"product_cat":[1464,981],"product_tag":[1419,1301,922],"class_list":{"0":"post-794","1":"product","2":"type-product","3":"status-publish","4":"has-post-thumbnail","6":"product_cat-filologie","7":"product_cat-limbi-slave","8":"product_tag-czeslaw-milosz","9":"product_tag-poloneza","10":"product_tag-slave","12":"first","13":"outofstock","14":"shipping-taxable","15":"purchasable","16":"product-type-simple"},"_links":{"self":[{"href":"https:\/\/editura-unibuc.ro\/en\/wp-json\/wp\/v2\/product\/794","targetHints":{"allow":["GET"]}}],"collection":[{"href":"https:\/\/editura-unibuc.ro\/en\/wp-json\/wp\/v2\/product"}],"about":[{"href":"https:\/\/editura-unibuc.ro\/en\/wp-json\/wp\/v2\/types\/product"}],"replies":[{"embeddable":true,"href":"https:\/\/editura-unibuc.ro\/en\/wp-json\/wp\/v2\/comments?post=794"}],"wp:featuredmedia":[{"embeddable":true,"href":"https:\/\/editura-unibuc.ro\/en\/wp-json\/wp\/v2\/media\/10592"}],"wp:attachment":[{"href":"https:\/\/editura-unibuc.ro\/en\/wp-json\/wp\/v2\/media?parent=794"}],"wp:term":[{"taxonomy":"product_brand","embeddable":true,"href":"https:\/\/editura-unibuc.ro\/en\/wp-json\/wp\/v2\/product_brand?post=794"},{"taxonomy":"product_cat","embeddable":true,"href":"https:\/\/editura-unibuc.ro\/en\/wp-json\/wp\/v2\/product_cat?post=794"},{"taxonomy":"product_tag","embeddable":true,"href":"https:\/\/editura-unibuc.ro\/en\/wp-json\/wp\/v2\/product_tag?post=794"}],"curies":[{"name":"wp","href":"https:\/\/api.w.org\/{rel}","templated":true}]}}