{"id":812,"date":"2012-08-02T11:38:04","date_gmt":"2012-08-02T08:38:04","guid":{"rendered":"https:\/\/editura-unibuc.ro\/?p=812"},"modified":"2024-06-28T09:55:52","modified_gmt":"2024-06-28T06:55:52","slug":"bazinul-hidrografic-al-raului-basca-studiu-de-hidrogeografie","status":"publish","type":"product","link":"https:\/\/editura-unibuc.ro\/en\/bazinul-hidrografic-al-raului-basca-studiu-de-hidrogeografie\/","title":{"rendered":"THE B\u00c2SCA RIVER HYDROGRAPHIC BASIN. HYDROGEOGRAPHIC STUDY"},"content":{"rendered":"<p>Lucrarea de fa\u021b\u0103 reprezint\u0103 rezultatul cercet\u0103rii doctorale a autorului \u0219i contribuie la completarea cuno\u0219tin\u021belor geografice, \u00een general \u0219i hidrologice, \u00een special legate de bazinul hidrografic al r\u00e2ului B\u00e2sca, situat pe rama extern\u0103 a Carpa\u021bilor de curbur\u0103. Lucrarea vizeaz\u0103 at\u00e2t cunoa\u0219terea \u0219tiin\u021bific\u0103, reprezent\u00e2nd o surs\u0103 de informa\u021bii \u0219i un model orientativ de de studiu teoretic \u0219i aplicat, util studen\u021bilor, masteranzilor, doctoranzilor \u0219i cercet\u0103torilor din domeniul hidrogeografic, c\u00e2t \u0219i domeniul practic, constituindu-se \u00eentr-un valoros suport informa\u021bional necesar comunit\u0103\u021bilor \u0219i autorit\u0103\u021bilor publice locale din zona supus\u0103 cercet\u0103rii, pentru un mai just management al resurselor de ap\u0103 \u0219i al riscurilor hidrice.<\/p>\n","protected":false},"excerpt":{"rendered":"<p>Lucrarea de fa\u021b\u0103 reprezint\u0103 rezultatul cercet\u0103rii doctorale a autorului \u0219i contribuie la completarea cuno\u0219tin\u021belor geografice, \u00een general \u0219i hidrologice, \u00een special legate de bazinul hidrografic al r\u00e2ului B\u00e2sca, situat pe rama extern\u0103 a Carpa\u021bilor de curbur\u0103. Lucrarea vizeaz\u0103 at\u00e2t cunoa\u0219terea \u0219tiin\u021bific\u0103, reprezent\u00e2nd o surs\u0103 de informa\u021bii \u0219i un model orientativ de de studiu teoretic \u0219i [&hellip;]<\/p>\n","protected":false},"featured_media":10589,"comment_status":"open","ping_status":"closed","template":"","meta":[],"product_brand":[],"product_cat":[1466,989],"product_tag":[903,1417,1418],"class_list":{"0":"post-812","1":"product","2":"type-product","3":"status-publish","4":"has-post-thumbnail","6":"product_cat-stiinte-ale-naturii","7":"product_cat-geografie","8":"product_tag-geografie","9":"product_tag-hidrografic","10":"product_tag-raul-basca","12":"first","13":"outofstock","14":"shipping-taxable","15":"purchasable","16":"product-type-simple"},"_links":{"self":[{"href":"https:\/\/editura-unibuc.ro\/en\/wp-json\/wp\/v2\/product\/812","targetHints":{"allow":["GET"]}}],"collection":[{"href":"https:\/\/editura-unibuc.ro\/en\/wp-json\/wp\/v2\/product"}],"about":[{"href":"https:\/\/editura-unibuc.ro\/en\/wp-json\/wp\/v2\/types\/product"}],"replies":[{"embeddable":true,"href":"https:\/\/editura-unibuc.ro\/en\/wp-json\/wp\/v2\/comments?post=812"}],"wp:featuredmedia":[{"embeddable":true,"href":"https:\/\/editura-unibuc.ro\/en\/wp-json\/wp\/v2\/media\/10589"}],"wp:attachment":[{"href":"https:\/\/editura-unibuc.ro\/en\/wp-json\/wp\/v2\/media?parent=812"}],"wp:term":[{"taxonomy":"product_brand","embeddable":true,"href":"https:\/\/editura-unibuc.ro\/en\/wp-json\/wp\/v2\/product_brand?post=812"},{"taxonomy":"product_cat","embeddable":true,"href":"https:\/\/editura-unibuc.ro\/en\/wp-json\/wp\/v2\/product_cat?post=812"},{"taxonomy":"product_tag","embeddable":true,"href":"https:\/\/editura-unibuc.ro\/en\/wp-json\/wp\/v2\/product_tag?post=812"}],"curies":[{"name":"wp","href":"https:\/\/api.w.org\/{rel}","templated":true}]}}