{"id":8720,"date":"2012-08-29T14:49:26","date_gmt":"2012-08-29T11:49:26","guid":{"rendered":"https:\/\/editura-unibuc.ro\/?p=911"},"modified":"2023-11-27T13:58:21","modified_gmt":"2023-11-27T11:58:21","slug":"human-geographies-journal-of-studies-and-research-in-human-geography-vol-6-issue-1-may-2012","status":"publish","type":"product","link":"https:\/\/editura-unibuc.ro\/en\/human-geographies-journal-of-studies-and-research-in-human-geography-vol-6-issue-1-may-2012\/","title":{"rendered":"HUMAN GEOGRAPHIES. Journal of Studies and Research in Human Geography. Vol.6, Issue 1, May 2012"},"content":{"rendered":"<p>Prezentul num\u0103r al periodicului Human Geographies ofer\u0103 publicului academic, \u0219i nu numai, studii \u0219i articole privind spa\u021biul rural \u00een Republica Ceh\u0103, \u00eemb\u0103tr\u00e2nirea popula\u021biei \u00een Cehia \u0219i Slovacia, folosirea spa\u021biului \u00een zonele metropolitane \u00een Rom\u00e2nia post-comunist\u0103, expansiunea \u0219i restr\u00e2ngerea spa\u021biului urban \u00een ora\u0219ul Bra\u0219ov, caracteristicile \u0219omajului \u00een Macedonia \u0219i, de asemenea alte materiale cuprinz\u00e2nd cercet\u0103ri relative la spa\u021biul rom\u00e2nesc \u00een rela\u021bie cu mediul \u0219i factorul antropic.<\/p>\n","protected":false},"excerpt":{"rendered":"<p>Prezentul num\u0103r al periodicului Human Geographies ofer\u0103 publicului academic, \u0219i nu numai, studii \u0219i articole privind spa\u021biul rural \u00een Republica Ceh\u0103, \u00eemb\u0103tr\u00e2nirea popula\u021biei \u00een Cehia \u0219i Slovacia, folosirea spa\u021biului \u00een zonele metropolitane \u00een Rom\u00e2nia post-comunist\u0103, expansiunea \u0219i restr\u00e2ngerea spa\u021biului urban \u00een ora\u0219ul Bra\u0219ov, caracteristicile \u0219omajului \u00een Macedonia \u0219i, de asemenea alte materiale cuprinz\u00e2nd cercet\u0103ri relative [&hellip;]<\/p>\n","protected":false},"featured_media":10565,"comment_status":"open","ping_status":"closed","template":"","meta":[],"product_brand":[],"product_cat":[3942,1469,1893,1466,989],"product_tag":[903,911],"class_list":{"0":"post-8720","1":"product","2":"type-product","3":"status-publish","4":"has-post-thumbnail","6":"product_cat-human-geographies","7":"product_cat-periodice","8":"product_cat-reviste-academice","9":"product_cat-stiinte-ale-naturii","10":"product_cat-geografie","11":"product_tag-geografie","12":"product_tag-geografie-umana","14":"first","15":"instock","16":"shipping-taxable","17":"purchasable","18":"product-type-simple"},"_links":{"self":[{"href":"https:\/\/editura-unibuc.ro\/en\/wp-json\/wp\/v2\/product\/8720","targetHints":{"allow":["GET"]}}],"collection":[{"href":"https:\/\/editura-unibuc.ro\/en\/wp-json\/wp\/v2\/product"}],"about":[{"href":"https:\/\/editura-unibuc.ro\/en\/wp-json\/wp\/v2\/types\/product"}],"replies":[{"embeddable":true,"href":"https:\/\/editura-unibuc.ro\/en\/wp-json\/wp\/v2\/comments?post=8720"}],"wp:featuredmedia":[{"embeddable":true,"href":"https:\/\/editura-unibuc.ro\/en\/wp-json\/wp\/v2\/media\/10565"}],"wp:attachment":[{"href":"https:\/\/editura-unibuc.ro\/en\/wp-json\/wp\/v2\/media?parent=8720"}],"wp:term":[{"taxonomy":"product_brand","embeddable":true,"href":"https:\/\/editura-unibuc.ro\/en\/wp-json\/wp\/v2\/product_brand?post=8720"},{"taxonomy":"product_cat","embeddable":true,"href":"https:\/\/editura-unibuc.ro\/en\/wp-json\/wp\/v2\/product_cat?post=8720"},{"taxonomy":"product_tag","embeddable":true,"href":"https:\/\/editura-unibuc.ro\/en\/wp-json\/wp\/v2\/product_tag?post=8720"}],"curies":[{"name":"wp","href":"https:\/\/api.w.org\/{rel}","templated":true}]}}