{"id":8721,"date":"2012-08-30T10:23:49","date_gmt":"2012-08-30T07:23:49","guid":{"rendered":"https:\/\/editura-unibuc.ro\/?p=926"},"modified":"2015-03-12T23:45:06","modified_gmt":"2015-03-12T21:45:06","slug":"langages-traduction","status":"publish","type":"product","link":"https:\/\/editura-unibuc.ro\/en\/langages-traduction\/","title":{"rendered":"LANGUAGE(S) AND TRANSLATION"},"content":{"rendered":"<p>Sommaire: In memoriam; Approches linguistiques des langages sp\u00e9ciaux; Glottodidactique et p\u00e9dagogie des langages sp\u00e9ciaux et de la traduction; Traduction litt\u00e9raire et \u00e9tudes textuelles: th\u00e9ories, pratiques, t\u00e9moignages; Traduction sp\u00e9cialis\u00e9e et \u00e9tudes terminologiques: th\u00e9ories, pratiques, t\u00e9moignages; Langage(s), traduction et \u00e9tudes des modalit\u00e9s.<\/p>\n<p>Ce volume a vu le jour sous le haut patronnage de l\u2019Agence Universitaire de la Francophonie et de l\u2019Ambassade de France en Roumanie qui ont financ\u00e9 les travaux du colloque \u201eLangage(s) et traduction\u201d du 9-10 juin 2011.<\/p>\n","protected":false},"excerpt":{"rendered":"<p>Sommaire: In memoriam; Approches linguistiques des langages sp\u00e9ciaux; Glottodidactique et p\u00e9dagogie des langages sp\u00e9ciaux et de la traduction; Traduction litt\u00e9raire et \u00e9tudes textuelles: th\u00e9ories, pratiques, t\u00e9moignages; Traduction sp\u00e9cialis\u00e9e et \u00e9tudes terminologiques: th\u00e9ories, pratiques, t\u00e9moignages; Langage(s), traduction et \u00e9tudes des modalit\u00e9s. Ce volume a vu le jour sous le haut patronnage de l\u2019Agence Universitaire de la [&hellip;]<\/p>\n","protected":false},"featured_media":10557,"comment_status":"open","ping_status":"closed","template":"","meta":[],"product_brand":[],"product_cat":[1464,977],"product_tag":[877,1380],"class_list":{"0":"post-8721","1":"product","2":"type-product","3":"status-publish","4":"has-post-thumbnail","6":"product_cat-filologie","7":"product_cat-limba-franceza","8":"product_tag-franceza","9":"product_tag-traduceri","11":"first","12":"instock","13":"shipping-taxable","14":"purchasable","15":"product-type-simple"},"_links":{"self":[{"href":"https:\/\/editura-unibuc.ro\/en\/wp-json\/wp\/v2\/product\/8721","targetHints":{"allow":["GET"]}}],"collection":[{"href":"https:\/\/editura-unibuc.ro\/en\/wp-json\/wp\/v2\/product"}],"about":[{"href":"https:\/\/editura-unibuc.ro\/en\/wp-json\/wp\/v2\/types\/product"}],"replies":[{"embeddable":true,"href":"https:\/\/editura-unibuc.ro\/en\/wp-json\/wp\/v2\/comments?post=8721"}],"wp:featuredmedia":[{"embeddable":true,"href":"https:\/\/editura-unibuc.ro\/en\/wp-json\/wp\/v2\/media\/10557"}],"wp:attachment":[{"href":"https:\/\/editura-unibuc.ro\/en\/wp-json\/wp\/v2\/media?parent=8721"}],"wp:term":[{"taxonomy":"product_brand","embeddable":true,"href":"https:\/\/editura-unibuc.ro\/en\/wp-json\/wp\/v2\/product_brand?post=8721"},{"taxonomy":"product_cat","embeddable":true,"href":"https:\/\/editura-unibuc.ro\/en\/wp-json\/wp\/v2\/product_cat?post=8721"},{"taxonomy":"product_tag","embeddable":true,"href":"https:\/\/editura-unibuc.ro\/en\/wp-json\/wp\/v2\/product_tag?post=8721"}],"curies":[{"name":"wp","href":"https:\/\/api.w.org\/{rel}","templated":true}]}}