{"id":8725,"date":"2012-09-03T11:46:58","date_gmt":"2012-09-03T08:46:58","guid":{"rendered":"https:\/\/editura-unibuc.ro\/?p=1013"},"modified":"2020-08-06T10:29:59","modified_gmt":"2020-08-06T07:29:59","slug":"lucrari-practice-de-biochimie-si-biologie-moleculara-vol-i-biochimie","status":"publish","type":"product","link":"https:\/\/editura-unibuc.ro\/en\/lucrari-practice-de-biochimie-si-biologie-moleculara-vol-i-biochimie\/","title":{"rendered":"PRACTICAL WORKS OF BIOCHEMISTRY AND MOLECULAR BIOLOGY. VOL. I. BIOCHEMISTRY"},"content":{"rendered":"<p>Lucrarea reprezint\u0103 o foarte succint\u0103 trecere \u00een revist\u0103 a celor mai utilizate metode din laboratorul de biochimie \u0219i laboratorul clinic care, sper\u0103m noi, vor fi utile studen\u021bilor \u0219i chiar absolven\u021bilor no\u0219tri ca s\u0103 \u00een\u021beleag\u0103 mai u\u0219or principiile de dozare, aplica\u021biile \u0219i mai ales semnifica\u021bia acestor determin\u0103ri. [\u2026] Lucr\u0103rile practice propuse pot fi realizate individual sau \u00een grup, \u00een cadrul laboratoarelor de biochimie. Motiva\u021bia acestei abord\u0103ri tinde s\u0103 justifice, \u00een plan pedagogic, preocuparea noastr\u0103 de a conferi problematicii lucr\u0103rii caracterul analitic \u0219i aplicativ pe care \u00eel implic\u0103 preg\u0103tirea practic\u0103 \u00een biochimie. (Autoarele)<\/p>\n","protected":false},"excerpt":{"rendered":"<p>Lucrarea reprezint\u0103 o foarte succint\u0103 trecere \u00een revist\u0103 a celor mai utilizate metode din laboratorul de biochimie \u0219i laboratorul clinic care, sper\u0103m noi, vor fi utile studen\u021bilor \u0219i chiar absolven\u021bilor no\u0219tri ca s\u0103 \u00een\u021beleag\u0103 mai u\u0219or principiile de dozare, aplica\u021biile \u0219i mai ales semnifica\u021bia acestor determin\u0103ri. [\u2026] Lucr\u0103rile practice propuse pot fi realizate individual sau [&hellip;]<\/p>\n","protected":false},"featured_media":11357,"comment_status":"open","ping_status":"closed","template":"","meta":[],"product_brand":[],"product_cat":[1466,988],"product_tag":[913,904],"class_list":{"0":"post-8725","1":"product","2":"type-product","3":"status-publish","4":"has-post-thumbnail","6":"product_cat-stiinte-ale-naturii","7":"product_cat-biologie","8":"product_tag-biochimie","9":"product_tag-biologie","11":"first","12":"outofstock","13":"shipping-taxable","14":"purchasable","15":"product-type-simple"},"_links":{"self":[{"href":"https:\/\/editura-unibuc.ro\/en\/wp-json\/wp\/v2\/product\/8725","targetHints":{"allow":["GET"]}}],"collection":[{"href":"https:\/\/editura-unibuc.ro\/en\/wp-json\/wp\/v2\/product"}],"about":[{"href":"https:\/\/editura-unibuc.ro\/en\/wp-json\/wp\/v2\/types\/product"}],"replies":[{"embeddable":true,"href":"https:\/\/editura-unibuc.ro\/en\/wp-json\/wp\/v2\/comments?post=8725"}],"wp:featuredmedia":[{"embeddable":true,"href":"https:\/\/editura-unibuc.ro\/en\/wp-json\/wp\/v2\/media\/11357"}],"wp:attachment":[{"href":"https:\/\/editura-unibuc.ro\/en\/wp-json\/wp\/v2\/media?parent=8725"}],"wp:term":[{"taxonomy":"product_brand","embeddable":true,"href":"https:\/\/editura-unibuc.ro\/en\/wp-json\/wp\/v2\/product_brand?post=8725"},{"taxonomy":"product_cat","embeddable":true,"href":"https:\/\/editura-unibuc.ro\/en\/wp-json\/wp\/v2\/product_cat?post=8725"},{"taxonomy":"product_tag","embeddable":true,"href":"https:\/\/editura-unibuc.ro\/en\/wp-json\/wp\/v2\/product_tag?post=8725"}],"curies":[{"name":"wp","href":"https:\/\/api.w.org\/{rel}","templated":true}]}}