{"id":8730,"date":"2012-09-03T12:15:34","date_gmt":"2012-09-03T09:15:34","guid":{"rendered":"https:\/\/editura-unibuc.ro\/?p=1030"},"modified":"2022-10-20T09:40:32","modified_gmt":"2022-10-20T06:40:32","slug":"elemente-de-lexicologie","status":"publish","type":"product","link":"https:\/\/editura-unibuc.ro\/en\/elemente-de-lexicologie\/","title":{"rendered":"ELEMENTS OF LEXICOLOGY"},"content":{"rendered":"<p>A cunoa\u0219te fenomenele care stau la baza constituirii lexicului rom\u00e2nesc de ieri \u0219i de azi \u00eenseamn\u0103, de fapt, a \u00een\u021belege configura\u021bia \u0219i evolu\u021bia unui aspect deosebit de important al limbii rom\u00e2ne. Imaginat\u0103 ca o sintez\u0103 a principalelor concepte din lexicologie care pot fi reg\u0103site disparat \u00een paginile numeroaselor studii de specialitate, aceast\u0103 lucrare se adreseaz\u0103 cu prec\u0103dere studen\u021bilor care urmeaz\u0103 cursuri de limb\u0103 rom\u00e2n\u0103 contemporan\u0103, dar \u0219i unui public larg, profesori, elevi, \u00een general tuturor celor care, din diferite motive, sunt preocupa\u021bi de lingvistic\u0103.<\/p>\n","protected":false},"excerpt":{"rendered":"<p>A cunoa\u0219te fenomenele care stau la baza constituirii lexicului rom\u00e2nesc de ieri \u0219i de azi \u00eenseamn\u0103, de fapt, a \u00een\u021belege configura\u021bia \u0219i evolu\u021bia unui aspect deosebit de important al limbii rom\u00e2ne. Imaginat\u0103 ca o sintez\u0103 a principalelor concepte din lexicologie care pot fi reg\u0103site disparat \u00een paginile numeroaselor studii de specialitate, aceast\u0103 lucrare se adreseaz\u0103 [&hellip;]<\/p>\n","protected":false},"featured_media":11345,"comment_status":"open","ping_status":"closed","template":"","meta":[],"product_brand":[],"product_cat":[1464,979],"product_tag":[1400,925],"class_list":{"0":"post-8730","1":"product","2":"type-product","3":"status-publish","4":"has-post-thumbnail","6":"product_cat-filologie","7":"product_cat-limba-romana","8":"product_tag-lexicologie","9":"product_tag-romana","11":"first","12":"outofstock","13":"shipping-taxable","14":"purchasable","15":"product-type-simple"},"_links":{"self":[{"href":"https:\/\/editura-unibuc.ro\/en\/wp-json\/wp\/v2\/product\/8730","targetHints":{"allow":["GET"]}}],"collection":[{"href":"https:\/\/editura-unibuc.ro\/en\/wp-json\/wp\/v2\/product"}],"about":[{"href":"https:\/\/editura-unibuc.ro\/en\/wp-json\/wp\/v2\/types\/product"}],"replies":[{"embeddable":true,"href":"https:\/\/editura-unibuc.ro\/en\/wp-json\/wp\/v2\/comments?post=8730"}],"wp:featuredmedia":[{"embeddable":true,"href":"https:\/\/editura-unibuc.ro\/en\/wp-json\/wp\/v2\/media\/11345"}],"wp:attachment":[{"href":"https:\/\/editura-unibuc.ro\/en\/wp-json\/wp\/v2\/media?parent=8730"}],"wp:term":[{"taxonomy":"product_brand","embeddable":true,"href":"https:\/\/editura-unibuc.ro\/en\/wp-json\/wp\/v2\/product_brand?post=8730"},{"taxonomy":"product_cat","embeddable":true,"href":"https:\/\/editura-unibuc.ro\/en\/wp-json\/wp\/v2\/product_cat?post=8730"},{"taxonomy":"product_tag","embeddable":true,"href":"https:\/\/editura-unibuc.ro\/en\/wp-json\/wp\/v2\/product_tag?post=8730"}],"curies":[{"name":"wp","href":"https:\/\/api.w.org\/{rel}","templated":true}]}}