{"id":8733,"date":"2012-09-03T13:38:38","date_gmt":"2012-09-03T10:38:38","guid":{"rendered":"https:\/\/editura-unibuc.ro\/?p=1049"},"modified":"2020-03-06T12:45:57","modified_gmt":"2020-03-06T10:45:57","slug":"exigentele-si-utilitatea-lecturii-etnologice-honorem-nicolae-constantinescu","status":"publish","type":"product","link":"https:\/\/editura-unibuc.ro\/en\/exigentele-si-utilitatea-lecturii-etnologice-honorem-nicolae-constantinescu\/","title":{"rendered":"THE EXIGENCIES AND UTILITY OF ETHNOLOGICAL READING. In Honorem NICOLAE CONSTANTINESCU"},"content":{"rendered":"<p>Studiile reunite \u00een acest volum omagial au ca punct de pornire \u0219i teritoriu comun paradigma studiilor folclorice, antropologice \u0219i literare. Patru dintre capitole se concentreaz\u0103 pe modul \u00een care sunt \u201ccitite\u201d modelele \u0219tiin\u021bifice, o reflectare a autorit\u0103\u021bii \u00een studiul folclorului pornind de la concepte de baz\u0103 ale disciplinei, o privire asupra trecutului \u0219i perspectivelor \u0219colii rom\u00e2ne\u0219ti de etnologie \u0219i dou\u0103 studii \u00een care se \u00eencearc\u0103 interpretarea unor lecturi anterioare. Volumul se \u00eencheie cu un portret al Profesorului Nicolae Constantinescu dintr-un unghi academic, intelectual.<\/p>\n","protected":false},"excerpt":{"rendered":"<p>Studiile reunite \u00een acest volum omagial au ca punct de pornire \u0219i teritoriu comun paradigma studiilor folclorice, antropologice \u0219i literare. Patru dintre capitole se concentreaz\u0103 pe modul \u00een care sunt \u201ccitite\u201d modelele \u0219tiin\u021bifice, o reflectare a autorit\u0103\u021bii \u00een studiul folclorului pornind de la concepte de baz\u0103 ale disciplinei, o privire asupra trecutului \u0219i perspectivelor \u0219colii [&hellip;]<\/p>\n","protected":false},"featured_media":11307,"comment_status":"closed","ping_status":"closed","template":"","meta":[],"product_brand":[],"product_cat":[1531,2509,1464,979],"product_tag":[957,958],"class_list":{"0":"post-8733","1":"product","2":"type-product","3":"status-publish","4":"has-post-thumbnail","6":"product_cat-colectii","7":"product_cat-personalitati-ale-universitatii-din-bucuresti","8":"product_cat-filologie","9":"product_cat-limba-romana","10":"product_tag-etnologie","11":"product_tag-folclor","13":"first","14":"instock","15":"shipping-taxable","16":"purchasable","17":"product-type-simple"},"_links":{"self":[{"href":"https:\/\/editura-unibuc.ro\/en\/wp-json\/wp\/v2\/product\/8733","targetHints":{"allow":["GET"]}}],"collection":[{"href":"https:\/\/editura-unibuc.ro\/en\/wp-json\/wp\/v2\/product"}],"about":[{"href":"https:\/\/editura-unibuc.ro\/en\/wp-json\/wp\/v2\/types\/product"}],"replies":[{"embeddable":true,"href":"https:\/\/editura-unibuc.ro\/en\/wp-json\/wp\/v2\/comments?post=8733"}],"wp:featuredmedia":[{"embeddable":true,"href":"https:\/\/editura-unibuc.ro\/en\/wp-json\/wp\/v2\/media\/11307"}],"wp:attachment":[{"href":"https:\/\/editura-unibuc.ro\/en\/wp-json\/wp\/v2\/media?parent=8733"}],"wp:term":[{"taxonomy":"product_brand","embeddable":true,"href":"https:\/\/editura-unibuc.ro\/en\/wp-json\/wp\/v2\/product_brand?post=8733"},{"taxonomy":"product_cat","embeddable":true,"href":"https:\/\/editura-unibuc.ro\/en\/wp-json\/wp\/v2\/product_cat?post=8733"},{"taxonomy":"product_tag","embeddable":true,"href":"https:\/\/editura-unibuc.ro\/en\/wp-json\/wp\/v2\/product_tag?post=8733"}],"curies":[{"name":"wp","href":"https:\/\/api.w.org\/{rel}","templated":true}]}}