{"id":8739,"date":"2012-09-04T12:03:23","date_gmt":"2012-09-04T09:03:23","guid":{"rendered":"https:\/\/editura-unibuc.ro\/?p=1122"},"modified":"2015-06-18T12:10:44","modified_gmt":"2015-06-18T09:10:44","slug":"curs-de-chimie-organica-editia-2-a-revazuta-si-adaugita","status":"publish","type":"product","link":"https:\/\/editura-unibuc.ro\/en\/curs-de-chimie-organica-editia-2-a-revazuta-si-adaugita\/","title":{"rendered":"COURSE OF ORGANIC CHEMISTRY. Second edition, revised and completed"},"content":{"rendered":"<p>Lucrarea intitulat\u0103 \u201cCurs de chimie organic\u0103\u201d pune la dispozi\u021bia studen\u021bilor de la Facultatea de Chimie a Universit\u0103\u021bii Bucure\u0219ti, din anul II \u0219i III, cuno\u0219tin\u021bele teoretice referitoare la Compu\u0219ii cu func\u021biuni mixte. Heterocicli (specializarea Chimie, Biochimie, Chimia Mediului), Compu\u0219i bioorganici (specializarea Chimie), Glucide. Peptide. Coloran\u021bi (specializarea Biochimie), ce se predau studen\u021bilor la curs, conform planului de \u00eenv\u0103\u021b\u0103m\u00e2nt \u00een vigoare \u0219i a programei analitice. (Prefa\u021ba la edi\u021bia a II-a)<\/p>\n","protected":false},"excerpt":{"rendered":"<p>Lucrarea intitulat\u0103 \u201cCurs de chimie organic\u0103\u201d pune la dispozi\u021bia studen\u021bilor de la Facultatea de Chimie a Universit\u0103\u021bii Bucure\u0219ti, din anul II \u0219i III, cuno\u0219tin\u021bele teoretice referitoare la Compu\u0219ii cu func\u021biuni mixte. Heterocicli (specializarea Chimie, Biochimie, Chimia Mediului), Compu\u0219i bioorganici (specializarea Chimie), Glucide. Peptide. Coloran\u021bi (specializarea Biochimie), ce se predau studen\u021bilor la curs, conform planului de [&hellip;]<\/p>\n","protected":false},"featured_media":11309,"comment_status":"open","ping_status":"closed","template":"","meta":[],"product_brand":[],"product_cat":[982,983],"product_tag":[907,1314],"class_list":{"0":"post-8739","1":"product","2":"type-product","3":"status-publish","4":"has-post-thumbnail","6":"product_cat-stiinte-exacte","7":"product_cat-chimie","8":"product_tag-chimie","9":"product_tag-chimie-organica","11":"first","12":"outofstock","13":"shipping-taxable","14":"purchasable","15":"product-type-simple"},"_links":{"self":[{"href":"https:\/\/editura-unibuc.ro\/en\/wp-json\/wp\/v2\/product\/8739","targetHints":{"allow":["GET"]}}],"collection":[{"href":"https:\/\/editura-unibuc.ro\/en\/wp-json\/wp\/v2\/product"}],"about":[{"href":"https:\/\/editura-unibuc.ro\/en\/wp-json\/wp\/v2\/types\/product"}],"replies":[{"embeddable":true,"href":"https:\/\/editura-unibuc.ro\/en\/wp-json\/wp\/v2\/comments?post=8739"}],"wp:featuredmedia":[{"embeddable":true,"href":"https:\/\/editura-unibuc.ro\/en\/wp-json\/wp\/v2\/media\/11309"}],"wp:attachment":[{"href":"https:\/\/editura-unibuc.ro\/en\/wp-json\/wp\/v2\/media?parent=8739"}],"wp:term":[{"taxonomy":"product_brand","embeddable":true,"href":"https:\/\/editura-unibuc.ro\/en\/wp-json\/wp\/v2\/product_brand?post=8739"},{"taxonomy":"product_cat","embeddable":true,"href":"https:\/\/editura-unibuc.ro\/en\/wp-json\/wp\/v2\/product_cat?post=8739"},{"taxonomy":"product_tag","embeddable":true,"href":"https:\/\/editura-unibuc.ro\/en\/wp-json\/wp\/v2\/product_tag?post=8739"}],"curies":[{"name":"wp","href":"https:\/\/api.w.org\/{rel}","templated":true}]}}