{"id":8740,"date":"2012-09-04T12:05:26","date_gmt":"2012-09-04T09:05:26","guid":{"rendered":"https:\/\/editura-unibuc.ro\/?p=1125"},"modified":"2025-08-07T09:30:50","modified_gmt":"2025-08-07T06:30:50","slug":"metodologie-de-analiza-interpretare-si-raportare-rezultatelor-de-cercetare","status":"publish","type":"product","link":"https:\/\/editura-unibuc.ro\/en\/metodologie-de-analiza-interpretare-si-raportare-rezultatelor-de-cercetare\/","title":{"rendered":"METHODOLOGY OF ANALISING, INTERPRETING AND REPORTING RESEARCH RESULTS"},"content":{"rendered":"<p>Acest ghid de alc\u0103tuire a unui raport de cercetare cuprinde descrierea pa\u0219ilor de urmat, precum: introducerea, primii pa\u0219i, enun\u021bul problemei \u0219i abordarea temei, alternativ \u00een rom\u00e2n\u0103 \u0219i englez\u0103. Cea mai mare parte a c\u0103r\u021bii o reprezint\u0103 un exemplu de raport de cercetare \u00een englez\u0103 (Surface-plasma interactions in GaAs subjected to capacitively coupled RF plasmas).<\/p>\n","protected":false},"excerpt":{"rendered":"<p>Acest ghid de alc\u0103tuire a unui raport de cercetare cuprinde descrierea pa\u0219ilor de urmat, precum: introducerea, primii pa\u0219i, enun\u021bul problemei \u0219i abordarea temei, alternativ \u00een rom\u00e2n\u0103 \u0219i englez\u0103. Cea mai mare parte a c\u0103r\u021bii o reprezint\u0103 un exemplu de raport de cercetare \u00een englez\u0103 (Surface-plasma interactions in GaAs subjected to capacitively coupled RF plasmas).<\/p>\n","protected":false},"featured_media":11269,"comment_status":"open","ping_status":"closed","template":"","meta":[],"product_brand":[],"product_cat":[982,983],"product_tag":[1046,1294,907],"class_list":{"0":"post-8740","1":"product","2":"type-product","3":"status-publish","4":"has-post-thumbnail","6":"product_cat-stiinte-exacte","7":"product_cat-chimie","8":"product_tag-analiza","9":"product_tag-cercetare","10":"product_tag-chimie","12":"first","13":"instock","14":"shipping-taxable","15":"purchasable","16":"product-type-simple"},"_links":{"self":[{"href":"https:\/\/editura-unibuc.ro\/en\/wp-json\/wp\/v2\/product\/8740","targetHints":{"allow":["GET"]}}],"collection":[{"href":"https:\/\/editura-unibuc.ro\/en\/wp-json\/wp\/v2\/product"}],"about":[{"href":"https:\/\/editura-unibuc.ro\/en\/wp-json\/wp\/v2\/types\/product"}],"replies":[{"embeddable":true,"href":"https:\/\/editura-unibuc.ro\/en\/wp-json\/wp\/v2\/comments?post=8740"}],"wp:featuredmedia":[{"embeddable":true,"href":"https:\/\/editura-unibuc.ro\/en\/wp-json\/wp\/v2\/media\/11269"}],"wp:attachment":[{"href":"https:\/\/editura-unibuc.ro\/en\/wp-json\/wp\/v2\/media?parent=8740"}],"wp:term":[{"taxonomy":"product_brand","embeddable":true,"href":"https:\/\/editura-unibuc.ro\/en\/wp-json\/wp\/v2\/product_brand?post=8740"},{"taxonomy":"product_cat","embeddable":true,"href":"https:\/\/editura-unibuc.ro\/en\/wp-json\/wp\/v2\/product_cat?post=8740"},{"taxonomy":"product_tag","embeddable":true,"href":"https:\/\/editura-unibuc.ro\/en\/wp-json\/wp\/v2\/product_tag?post=8740"}],"curies":[{"name":"wp","href":"https:\/\/api.w.org\/{rel}","templated":true}]}}