{"id":8742,"date":"2012-09-04T12:23:46","date_gmt":"2012-09-04T09:23:46","guid":{"rendered":"https:\/\/editura-unibuc.ro\/?p=1135"},"modified":"2025-08-07T12:55:02","modified_gmt":"2025-08-07T09:55:02","slug":"variabile-dependente-ale-limbajelor-de-indexare-subsistemul-indicilor-auxiliari","status":"publish","type":"product","link":"https:\/\/editura-unibuc.ro\/en\/variabile-dependente-ale-limbajelor-de-indexare-subsistemul-indicilor-auxiliari\/","title":{"rendered":"DEPENDENT VARIABLES OF INDEXATION LANGUAGES. The auxiliary indexes subsystem"},"content":{"rendered":"<p>Volumul propune un sistem conceptual propriu asupra indicilor auxiliari, care reprezint\u0103 determin\u0103ri conven\u021bionale create special pentru func\u021bionarea eficient\u0103 a sistemelor de indexare. Ace\u0219tia reprezint\u0103 variabile dependente fa\u021b\u0103 de indicii principali ai Clasific\u0103rii Zecimale Universale \u0219i au o form\u0103 specific\u0103 de exprimare care \u00eei individualizeaz\u0103. Ei sunt inclu\u0219i \u00een cadrul clasific\u0103rilor zecimale complexe atunci c\u00e2nd prelucrarea stocului informa\u021bional reclam\u0103 reflectarea nuan\u021bat\u0103 a unor aspecte distinctive, fa\u021bete constitutive sau o convergen\u021b\u0103 a no\u021biunilor \u0219i termenilor reprezentativi. Valoarea de referin\u021b\u0103, teoretic\u0103 \u0219i practic\u0103, a lucr\u0103rii, rezid\u0103 \u0219i \u00een structura conceptual\u0103 a analizei fiec\u0103rei tipologii de auxiliari: semnifica\u021bie \u0219i caracteristici; aria de utilizare \u0219i arhitectura normativ\u0103; ansamblul informa\u021bional \u0219i structura func\u021bional\u0103; determin\u0103ri metodice \u0219i paradigme opera\u021bionale; modele pragmatice explicative.(Zenovia Niculescu, Argument)<\/p>\n","protected":false},"excerpt":{"rendered":"<p>Volumul propune un sistem conceptual propriu asupra indicilor auxiliari, care reprezint\u0103 determin\u0103ri conven\u021bionale create special pentru func\u021bionarea eficient\u0103 a sistemelor de indexare. Ace\u0219tia reprezint\u0103 variabile dependente fa\u021b\u0103 de indicii principali ai Clasific\u0103rii Zecimale Universale \u0219i au o form\u0103 specific\u0103 de exprimare care \u00eei individualizeaz\u0103. Ei sunt inclu\u0219i \u00een cadrul clasific\u0103rilor zecimale complexe atunci c\u00e2nd prelucrarea [&hellip;]<\/p>\n","protected":false},"featured_media":11264,"comment_status":"open","ping_status":"closed","template":"","meta":[],"product_brand":[],"product_cat":[1464,979],"product_tag":[1297,1395],"class_list":{"0":"post-8742","1":"product","2":"type-product","3":"status-publish","4":"has-post-thumbnail","6":"product_cat-filologie","7":"product_cat-limba-romana","8":"product_tag-biblioteca","9":"product_tag-indexare","11":"first","12":"outofstock","13":"shipping-taxable","14":"purchasable","15":"product-type-simple"},"_links":{"self":[{"href":"https:\/\/editura-unibuc.ro\/en\/wp-json\/wp\/v2\/product\/8742","targetHints":{"allow":["GET"]}}],"collection":[{"href":"https:\/\/editura-unibuc.ro\/en\/wp-json\/wp\/v2\/product"}],"about":[{"href":"https:\/\/editura-unibuc.ro\/en\/wp-json\/wp\/v2\/types\/product"}],"replies":[{"embeddable":true,"href":"https:\/\/editura-unibuc.ro\/en\/wp-json\/wp\/v2\/comments?post=8742"}],"wp:featuredmedia":[{"embeddable":true,"href":"https:\/\/editura-unibuc.ro\/en\/wp-json\/wp\/v2\/media\/11264"}],"wp:attachment":[{"href":"https:\/\/editura-unibuc.ro\/en\/wp-json\/wp\/v2\/media?parent=8742"}],"wp:term":[{"taxonomy":"product_brand","embeddable":true,"href":"https:\/\/editura-unibuc.ro\/en\/wp-json\/wp\/v2\/product_brand?post=8742"},{"taxonomy":"product_cat","embeddable":true,"href":"https:\/\/editura-unibuc.ro\/en\/wp-json\/wp\/v2\/product_cat?post=8742"},{"taxonomy":"product_tag","embeddable":true,"href":"https:\/\/editura-unibuc.ro\/en\/wp-json\/wp\/v2\/product_tag?post=8742"}],"curies":[{"name":"wp","href":"https:\/\/api.w.org\/{rel}","templated":true}]}}