{"id":8743,"date":"2012-09-04T12:30:44","date_gmt":"2012-09-04T09:30:44","guid":{"rendered":"https:\/\/editura-unibuc.ro\/?p=1142"},"modified":"2024-05-13T12:16:30","modified_gmt":"2024-05-13T09:16:30","slug":"comunicarea-nonverbala-in-didascaliile-din-dramaturgia-romana","status":"publish","type":"product","link":"https:\/\/editura-unibuc.ro\/en\/comunicarea-nonverbala-in-didascaliile-din-dramaturgia-romana\/","title":{"rendered":"NON-VERBAL COMMUNICATION IN THE DIDASCALIES OF THE ROMANIAN DRAMA"},"content":{"rendered":"<p>Lucrarea debuteaz\u0103 cu un capitol teoretic privind comunicarea nonverbal\u0103, explic\u0103 apoi leg\u0103tura dintre comunicarea nonverbal\u0103 \u0219i textul literar continu\u00e2nd cu o parte despre discursul didascalic \u00een dramaturgia secolului XIX. Didascaliile sunt acele indica\u021bii scenice privind mi\u0219c\u0103rile actorilor pe scen\u0103, aceste scurte fragmente de text fiind considerate relevante \u00een conexiune cu limbajul nonverbal \u00een\u021beles sub toate aspectele sale. Urmeaz\u0103 analize ale operei unor dramaturgi rom\u00e2ni de secol XIX, precum Vasile Alecsandri, I.L.Caragiale, Alexandru Kiri\u021bescu, Mihail Sebastian sau Camil Petrescu, eviden\u021biind pentru fiecare caracteristicile limbajului nonverbal folosit \u00een didascaliile pieselor.<\/p>\n","protected":false},"excerpt":{"rendered":"<p>Lucrarea debuteaz\u0103 cu un capitol teoretic privind comunicarea nonverbal\u0103, explic\u0103 apoi leg\u0103tura dintre comunicarea nonverbal\u0103 \u0219i textul literar continu\u00e2nd cu o parte despre discursul didascalic \u00een dramaturgia secolului XIX. Didascaliile sunt acele indica\u021bii scenice privind mi\u0219c\u0103rile actorilor pe scen\u0103, aceste scurte fragmente de text fiind considerate relevante \u00een conexiune cu limbajul nonverbal \u00een\u021beles sub toate [&hellip;]<\/p>\n","protected":false},"featured_media":11260,"comment_status":"open","ping_status":"closed","template":"","meta":[],"product_brand":[],"product_cat":[1464,979],"product_tag":[1202,925],"class_list":{"0":"post-8743","1":"product","2":"type-product","3":"status-publish","4":"has-post-thumbnail","6":"product_cat-filologie","7":"product_cat-limba-romana","8":"product_tag-comunicare","9":"product_tag-romana","11":"first","12":"outofstock","13":"shipping-taxable","14":"purchasable","15":"product-type-simple"},"_links":{"self":[{"href":"https:\/\/editura-unibuc.ro\/en\/wp-json\/wp\/v2\/product\/8743","targetHints":{"allow":["GET"]}}],"collection":[{"href":"https:\/\/editura-unibuc.ro\/en\/wp-json\/wp\/v2\/product"}],"about":[{"href":"https:\/\/editura-unibuc.ro\/en\/wp-json\/wp\/v2\/types\/product"}],"replies":[{"embeddable":true,"href":"https:\/\/editura-unibuc.ro\/en\/wp-json\/wp\/v2\/comments?post=8743"}],"wp:featuredmedia":[{"embeddable":true,"href":"https:\/\/editura-unibuc.ro\/en\/wp-json\/wp\/v2\/media\/11260"}],"wp:attachment":[{"href":"https:\/\/editura-unibuc.ro\/en\/wp-json\/wp\/v2\/media?parent=8743"}],"wp:term":[{"taxonomy":"product_brand","embeddable":true,"href":"https:\/\/editura-unibuc.ro\/en\/wp-json\/wp\/v2\/product_brand?post=8743"},{"taxonomy":"product_cat","embeddable":true,"href":"https:\/\/editura-unibuc.ro\/en\/wp-json\/wp\/v2\/product_cat?post=8743"},{"taxonomy":"product_tag","embeddable":true,"href":"https:\/\/editura-unibuc.ro\/en\/wp-json\/wp\/v2\/product_tag?post=8743"}],"curies":[{"name":"wp","href":"https:\/\/api.w.org\/{rel}","templated":true}]}}