{"id":8745,"date":"2012-09-04T12:36:20","date_gmt":"2012-09-04T09:36:20","guid":{"rendered":"https:\/\/editura-unibuc.ro\/?p=1148"},"modified":"2016-08-11T13:54:45","modified_gmt":"2016-08-11T10:54:45","slug":"heterotopos-42011-villes-reelles-villes-imaginaires","status":"publish","type":"product","link":"https:\/\/editura-unibuc.ro\/en\/heterotopos-42011-villes-reelles-villes-imaginaires\/","title":{"rendered":"HETEROTOPOS 4\/2011. Real cities \u2013 Imaginary cities"},"content":{"rendered":"<p>Studiile reunite aici de c\u0103tre Lumini\u021ba Diaconu, redactate \u00een limba francez\u0103, unul singur \u00een italian\u0103, aduc \u00een prim plan imaginea ora\u0219ului, \u201cla ville\u201d, \u00een diverse ipostaze culturale, literare, istorice chiar, eviden\u021biind posibilit\u0103\u021bile variate de lectur\u0103 ale locului \u201ctopos\u201d, descris \u00een opere literare. Varietatea locurilor \u201ccitite\u201d merge de la Parisul omniprezent, la Bruges sau ora\u0219e italiene \u0219i orientale. Studiile de fa\u021b\u0103 reprezint\u0103 un demers de o analiz\u0103 rafinat\u0103 orientat\u0103 cu siguran\u021b\u0103 spre nivelul de sus al cercet\u0103rii literare.<\/p>\n","protected":false},"excerpt":{"rendered":"<p>Studiile reunite aici de c\u0103tre Lumini\u021ba Diaconu, redactate \u00een limba francez\u0103, unul singur \u00een italian\u0103, aduc \u00een prim plan imaginea ora\u0219ului, \u201cla ville\u201d, \u00een diverse ipostaze culturale, literare, istorice chiar, eviden\u021biind posibilit\u0103\u021bile variate de lectur\u0103 ale locului \u201ctopos\u201d, descris \u00een opere literare. Varietatea locurilor \u201ccitite\u201d merge de la Parisul omniprezent, la Bruges sau ora\u0219e italiene [&hellip;]<\/p>\n","protected":false},"featured_media":11254,"comment_status":"open","ping_status":"closed","template":"","meta":[],"product_brand":[],"product_cat":[1531,854,1464,977],"product_tag":[877,878],"class_list":{"0":"post-8745","1":"product","2":"type-product","3":"status-publish","4":"has-post-thumbnail","6":"product_cat-colectii","7":"product_cat-colectia-heterotopos","8":"product_cat-filologie","9":"product_cat-limba-franceza","10":"product_tag-franceza","11":"product_tag-heterotopos","13":"first","14":"outofstock","15":"shipping-taxable","16":"purchasable","17":"product-type-simple"},"_links":{"self":[{"href":"https:\/\/editura-unibuc.ro\/en\/wp-json\/wp\/v2\/product\/8745","targetHints":{"allow":["GET"]}}],"collection":[{"href":"https:\/\/editura-unibuc.ro\/en\/wp-json\/wp\/v2\/product"}],"about":[{"href":"https:\/\/editura-unibuc.ro\/en\/wp-json\/wp\/v2\/types\/product"}],"replies":[{"embeddable":true,"href":"https:\/\/editura-unibuc.ro\/en\/wp-json\/wp\/v2\/comments?post=8745"}],"wp:featuredmedia":[{"embeddable":true,"href":"https:\/\/editura-unibuc.ro\/en\/wp-json\/wp\/v2\/media\/11254"}],"wp:attachment":[{"href":"https:\/\/editura-unibuc.ro\/en\/wp-json\/wp\/v2\/media?parent=8745"}],"wp:term":[{"taxonomy":"product_brand","embeddable":true,"href":"https:\/\/editura-unibuc.ro\/en\/wp-json\/wp\/v2\/product_brand?post=8745"},{"taxonomy":"product_cat","embeddable":true,"href":"https:\/\/editura-unibuc.ro\/en\/wp-json\/wp\/v2\/product_cat?post=8745"},{"taxonomy":"product_tag","embeddable":true,"href":"https:\/\/editura-unibuc.ro\/en\/wp-json\/wp\/v2\/product_tag?post=8745"}],"curies":[{"name":"wp","href":"https:\/\/api.w.org\/{rel}","templated":true}]}}