{"id":8747,"date":"2012-09-04T12:48:41","date_gmt":"2012-09-04T09:48:41","guid":{"rendered":"https:\/\/editura-unibuc.ro\/?p=1160"},"modified":"2016-02-18T15:17:59","modified_gmt":"2016-02-18T13:17:59","slug":"evaluarea-si-caracterizarea-genetica-salmonidelor-din-romania","status":"publish","type":"product","link":"https:\/\/editura-unibuc.ro\/en\/evaluarea-si-caracterizarea-genetica-salmonidelor-din-romania\/","title":{"rendered":"EVALUATION AND GENETIC CHARACTERIZATION OF SALMONOIDES IN ROMANIA"},"content":{"rendered":"<p>Salmonidele reprezint\u0103 un grup heterogen de pe\u0219ti reuni\u021bi \u00eentr-o singur\u0103 familie, Salmonidae, cu 191 de specii, din care cel mai cunoscut este p\u0103stravul. Sunt specii r\u0103spandite \u00een emisfera nordic\u0103 \u0219i care au fost introduse \u00een foarte multe \u021b\u0103ri pentru pescuit sportiv \u0219i acvacultur\u0103. Importan\u021ba salmonidelor se manifest\u0103 at\u00e2t la nivel comercial, c\u00e2t \u0219i social. Rom\u00e2nia este una dintre \u021b\u0103rile europene cu un important poten\u021bial salmonicol natural \u0219i cu bune perspective \u00een dezvoltarea cre\u0219terii intensive a salmonidelor.<\/p>\n","protected":false},"excerpt":{"rendered":"<p>Salmonidele reprezint\u0103 un grup heterogen de pe\u0219ti reuni\u021bi \u00eentr-o singur\u0103 familie, Salmonidae, cu 191 de specii, din care cel mai cunoscut este p\u0103stravul. Sunt specii r\u0103spandite \u00een emisfera nordic\u0103 \u0219i care au fost introduse \u00een foarte multe \u021b\u0103ri pentru pescuit sportiv \u0219i acvacultur\u0103. Importan\u021ba salmonidelor se manifest\u0103 at\u00e2t la nivel comercial, c\u00e2t \u0219i social. Rom\u00e2nia [&hellip;]<\/p>\n","protected":false},"featured_media":11245,"comment_status":"open","ping_status":"closed","template":"","meta":[],"product_brand":[],"product_cat":[1466,988],"product_tag":[904,951],"class_list":{"0":"post-8747","1":"product","2":"type-product","3":"status-publish","4":"has-post-thumbnail","6":"product_cat-stiinte-ale-naturii","7":"product_cat-biologie","8":"product_tag-biologie","9":"product_tag-salmonide","11":"first","12":"instock","13":"shipping-taxable","14":"purchasable","15":"product-type-simple"},"_links":{"self":[{"href":"https:\/\/editura-unibuc.ro\/en\/wp-json\/wp\/v2\/product\/8747","targetHints":{"allow":["GET"]}}],"collection":[{"href":"https:\/\/editura-unibuc.ro\/en\/wp-json\/wp\/v2\/product"}],"about":[{"href":"https:\/\/editura-unibuc.ro\/en\/wp-json\/wp\/v2\/types\/product"}],"replies":[{"embeddable":true,"href":"https:\/\/editura-unibuc.ro\/en\/wp-json\/wp\/v2\/comments?post=8747"}],"wp:featuredmedia":[{"embeddable":true,"href":"https:\/\/editura-unibuc.ro\/en\/wp-json\/wp\/v2\/media\/11245"}],"wp:attachment":[{"href":"https:\/\/editura-unibuc.ro\/en\/wp-json\/wp\/v2\/media?parent=8747"}],"wp:term":[{"taxonomy":"product_brand","embeddable":true,"href":"https:\/\/editura-unibuc.ro\/en\/wp-json\/wp\/v2\/product_brand?post=8747"},{"taxonomy":"product_cat","embeddable":true,"href":"https:\/\/editura-unibuc.ro\/en\/wp-json\/wp\/v2\/product_cat?post=8747"},{"taxonomy":"product_tag","embeddable":true,"href":"https:\/\/editura-unibuc.ro\/en\/wp-json\/wp\/v2\/product_tag?post=8747"}],"curies":[{"name":"wp","href":"https:\/\/api.w.org\/{rel}","templated":true}]}}