{"id":8748,"date":"2012-09-04T12:51:09","date_gmt":"2012-09-04T09:51:09","guid":{"rendered":"https:\/\/editura-unibuc.ro\/?p=1163"},"modified":"2016-08-11T13:59:24","modified_gmt":"2016-08-11T10:59:24","slug":"folclorul-cum-poate-fi-inteles-studii-si-articole-de-etnologie-romaneasca","status":"publish","type":"product","link":"https:\/\/editura-unibuc.ro\/en\/folclorul-cum-poate-fi-inteles-studii-si-articole-de-etnologie-romaneasca\/","title":{"rendered":"FOLKLORE, HOW WE CAN UNDERSTAND IT. Studies and articles of Romanian ethnology"},"content":{"rendered":"<p>Cartea de fa\u021b\u0103 aduce \u00een prim plan o parte teoretic\u0103 necesar\u0103 \u00een studiul folclorului \u0219i folcloristicii, o parte practic\u0103 ce cuprinde c\u00e2teva \u00eencerc\u0103ri de definire a unor concepte din aria domeniului \u0219i o sectiune dedicat\u0103 nara\u021biunilor \u0219i modului de interpretare a acestora.<\/p>\n","protected":false},"excerpt":{"rendered":"<p>Cartea de fa\u021b\u0103 aduce \u00een prim plan o parte teoretic\u0103 necesar\u0103 \u00een studiul folclorului \u0219i folcloristicii, o parte practic\u0103 ce cuprinde c\u00e2teva \u00eencerc\u0103ri de definire a unor concepte din aria domeniului \u0219i o sectiune dedicat\u0103 nara\u021biunilor \u0219i modului de interpretare a acestora.<\/p>\n","protected":false},"featured_media":11242,"comment_status":"open","ping_status":"closed","template":"","meta":[],"product_brand":[],"product_cat":[1464,979],"product_tag":[1393,957,958],"class_list":{"0":"post-8748","1":"product","2":"type-product","3":"status-publish","4":"has-post-thumbnail","6":"product_cat-filologie","7":"product_cat-limba-romana","8":"product_tag-etnografie","9":"product_tag-etnologie","10":"product_tag-folclor","12":"first","13":"instock","14":"shipping-taxable","15":"purchasable","16":"product-type-simple"},"_links":{"self":[{"href":"https:\/\/editura-unibuc.ro\/en\/wp-json\/wp\/v2\/product\/8748","targetHints":{"allow":["GET"]}}],"collection":[{"href":"https:\/\/editura-unibuc.ro\/en\/wp-json\/wp\/v2\/product"}],"about":[{"href":"https:\/\/editura-unibuc.ro\/en\/wp-json\/wp\/v2\/types\/product"}],"replies":[{"embeddable":true,"href":"https:\/\/editura-unibuc.ro\/en\/wp-json\/wp\/v2\/comments?post=8748"}],"wp:featuredmedia":[{"embeddable":true,"href":"https:\/\/editura-unibuc.ro\/en\/wp-json\/wp\/v2\/media\/11242"}],"wp:attachment":[{"href":"https:\/\/editura-unibuc.ro\/en\/wp-json\/wp\/v2\/media?parent=8748"}],"wp:term":[{"taxonomy":"product_brand","embeddable":true,"href":"https:\/\/editura-unibuc.ro\/en\/wp-json\/wp\/v2\/product_brand?post=8748"},{"taxonomy":"product_cat","embeddable":true,"href":"https:\/\/editura-unibuc.ro\/en\/wp-json\/wp\/v2\/product_cat?post=8748"},{"taxonomy":"product_tag","embeddable":true,"href":"https:\/\/editura-unibuc.ro\/en\/wp-json\/wp\/v2\/product_tag?post=8748"}],"curies":[{"name":"wp","href":"https:\/\/api.w.org\/{rel}","templated":true}]}}