{"id":8749,"date":"2012-09-04T13:10:34","date_gmt":"2012-09-04T10:10:34","guid":{"rendered":"https:\/\/editura-unibuc.ro\/?p=1170"},"modified":"2018-01-04T10:18:36","modified_gmt":"2018-01-04T08:18:36","slug":"imaginarul-teorii-si-aplicatii","status":"publish","type":"product","link":"https:\/\/editura-unibuc.ro\/en\/imaginarul-teorii-si-aplicatii\/","title":{"rendered":"THE IMAGINARY. THEORIES AND APPLICATIONS"},"content":{"rendered":"<p>Lucrarea de fa\u021b\u0103 a fost g\u00e2ndit\u0103 ca suport pentru posibile explor\u0103ri ulterioare. Ea este constituit\u0103 din dou\u0103 p\u0103r\u021bi: prima parte, care \u00eemi apar\u021bine, cuprinde o serie de aspecte ale studiului imaginarului a\u0219a cum a fost dezvoltat \u00een special de \u0219coala francez\u0103 de g\u00e2ndire iar partea a doua include mai multe referate finale pentru examenul de specialitate \u0219i p\u0103r\u021bi mai ample dintr-o diserta\u021bie de studii masterale, toate fiind contribu\u021bii ale unora dintre studen\u021bii cu care am abordat studiul acestui domeniu \u00een ultimii ani la Facultatea de Filosofie \u0219i la Facultatea de Istorie. (Coordonator volum, Mihaela Pop)<\/p>\n","protected":false},"excerpt":{"rendered":"<p>Lucrarea de fa\u021b\u0103 a fost g\u00e2ndit\u0103 ca suport pentru posibile explor\u0103ri ulterioare. Ea este constituit\u0103 din dou\u0103 p\u0103r\u021bi: prima parte, care \u00eemi apar\u021bine, cuprinde o serie de aspecte ale studiului imaginarului a\u0219a cum a fost dezvoltat \u00een special de \u0219coala francez\u0103 de g\u00e2ndire iar partea a doua include mai multe referate finale pentru examenul de [&hellip;]<\/p>\n","protected":false},"featured_media":11236,"comment_status":"closed","ping_status":"closed","template":"","meta":[],"product_brand":[],"product_cat":[991,994],"product_tag":[959,921,1392,881],"class_list":{"0":"post-8749","1":"product","2":"type-product","3":"status-publish","4":"has-post-thumbnail","6":"product_cat-stiinte-sociale","7":"product_cat-filosofie","8":"product_tag-arta","9":"product_tag-filosofie","10":"product_tag-imaginar","11":"product_tag-istorie","13":"first","14":"outofstock","15":"shipping-taxable","16":"purchasable","17":"product-type-simple"},"_links":{"self":[{"href":"https:\/\/editura-unibuc.ro\/en\/wp-json\/wp\/v2\/product\/8749","targetHints":{"allow":["GET"]}}],"collection":[{"href":"https:\/\/editura-unibuc.ro\/en\/wp-json\/wp\/v2\/product"}],"about":[{"href":"https:\/\/editura-unibuc.ro\/en\/wp-json\/wp\/v2\/types\/product"}],"replies":[{"embeddable":true,"href":"https:\/\/editura-unibuc.ro\/en\/wp-json\/wp\/v2\/comments?post=8749"}],"wp:featuredmedia":[{"embeddable":true,"href":"https:\/\/editura-unibuc.ro\/en\/wp-json\/wp\/v2\/media\/11236"}],"wp:attachment":[{"href":"https:\/\/editura-unibuc.ro\/en\/wp-json\/wp\/v2\/media?parent=8749"}],"wp:term":[{"taxonomy":"product_brand","embeddable":true,"href":"https:\/\/editura-unibuc.ro\/en\/wp-json\/wp\/v2\/product_brand?post=8749"},{"taxonomy":"product_cat","embeddable":true,"href":"https:\/\/editura-unibuc.ro\/en\/wp-json\/wp\/v2\/product_cat?post=8749"},{"taxonomy":"product_tag","embeddable":true,"href":"https:\/\/editura-unibuc.ro\/en\/wp-json\/wp\/v2\/product_tag?post=8749"}],"curies":[{"name":"wp","href":"https:\/\/api.w.org\/{rel}","templated":true}]}}