{"id":885,"date":"2012-08-29T14:07:39","date_gmt":"2012-08-29T11:07:39","guid":{"rendered":"https:\/\/editura-unibuc.ro\/?p=885"},"modified":"2015-03-12T23:56:41","modified_gmt":"2015-03-12T21:56:41","slug":"managementul-sistemelor-informationale-in-comunicarea-de-masa","status":"publish","type":"product","link":"https:\/\/editura-unibuc.ro\/en\/managementul-sistemelor-informationale-in-comunicarea-de-masa\/","title":{"rendered":"MASS COMMUNICATION INFORMATION SYSTEMS MANAGEMENT"},"content":{"rendered":"<p>Cuprins: Societatea informa\u021bional\u0103 \u0219i dezvoltarea socio-economic\u0103. Premize europene; Sisteme informatice pentru organiza\u021bii; Implementarea unei solu\u021bii informatice pentru realizarea arhiv\u0103rii\/document\u0103rii \u00een structurile de informare \u0219i documentare din Radiodifuziunea Rom\u00e2n\u0103; Aspecte ale managementului calit\u0103\u021bii \u00een structuri de documentare\/arhivare pentru mass-media.<\/p>\n","protected":false},"excerpt":{"rendered":"<p>Cuprins: Societatea informa\u021bional\u0103 \u0219i dezvoltarea socio-economic\u0103. Premize europene; Sisteme informatice pentru organiza\u021bii; Implementarea unei solu\u021bii informatice pentru realizarea arhiv\u0103rii\/document\u0103rii \u00een structurile de informare \u0219i documentare din Radiodifuziunea Rom\u00e2n\u0103; Aspecte ale managementului calit\u0103\u021bii \u00een structuri de documentare\/arhivare pentru mass-media.<\/p>\n","protected":false},"featured_media":10579,"comment_status":"open","ping_status":"closed","template":"","meta":[],"product_brand":[],"product_cat":[1464,979],"product_tag":[1202,1412],"class_list":{"0":"post-885","1":"product","2":"type-product","3":"status-publish","4":"has-post-thumbnail","6":"product_cat-filologie","7":"product_cat-limba-romana","8":"product_tag-comunicare","9":"product_tag-informatie","11":"first","12":"instock","13":"shipping-taxable","14":"purchasable","15":"product-type-simple"},"_links":{"self":[{"href":"https:\/\/editura-unibuc.ro\/en\/wp-json\/wp\/v2\/product\/885","targetHints":{"allow":["GET"]}}],"collection":[{"href":"https:\/\/editura-unibuc.ro\/en\/wp-json\/wp\/v2\/product"}],"about":[{"href":"https:\/\/editura-unibuc.ro\/en\/wp-json\/wp\/v2\/types\/product"}],"replies":[{"embeddable":true,"href":"https:\/\/editura-unibuc.ro\/en\/wp-json\/wp\/v2\/comments?post=885"}],"wp:featuredmedia":[{"embeddable":true,"href":"https:\/\/editura-unibuc.ro\/en\/wp-json\/wp\/v2\/media\/10579"}],"wp:attachment":[{"href":"https:\/\/editura-unibuc.ro\/en\/wp-json\/wp\/v2\/media?parent=885"}],"wp:term":[{"taxonomy":"product_brand","embeddable":true,"href":"https:\/\/editura-unibuc.ro\/en\/wp-json\/wp\/v2\/product_brand?post=885"},{"taxonomy":"product_cat","embeddable":true,"href":"https:\/\/editura-unibuc.ro\/en\/wp-json\/wp\/v2\/product_cat?post=885"},{"taxonomy":"product_tag","embeddable":true,"href":"https:\/\/editura-unibuc.ro\/en\/wp-json\/wp\/v2\/product_tag?post=885"}],"curies":[{"name":"wp","href":"https:\/\/api.w.org\/{rel}","templated":true}]}}