{"id":896,"date":"2012-08-29T14:29:17","date_gmt":"2012-08-29T11:29:17","guid":{"rendered":"https:\/\/editura-unibuc.ro\/?p=896"},"modified":"2025-08-06T12:41:36","modified_gmt":"2025-08-06T09:41:36","slug":"filologie-rusa-xxviii","status":"publish","type":"product","link":"https:\/\/editura-unibuc.ro\/en\/filologie-rusa-xxviii\/","title":{"rendered":"RUSSIAN PHILOLOGY XXVIII"},"content":{"rendered":"<p>\u00cen num\u0103rul curent al periodicului \u201cFilologie rus\u0103\u201d, reg\u0103sim articole din domenii precum: lingvistic\u0103, literatur\u0103 \u0219i cultur\u0103, 300 de ani de la na\u0219terea lui M.V.Lomonosov, 120 de ani de la na\u0219terea M.I.\u021avetaeva, scrise de autori cunoscu\u021bi \u00een c\u00e2mpul disciplinei asemenea lui Kitajo Matsushi, Mihaela Moraru, Axinia Crasovschi sau Andreea Dunaeva.<\/p>\n","protected":false},"excerpt":{"rendered":"<p>\u00cen num\u0103rul curent al periodicului \u201cFilologie rus\u0103\u201d, reg\u0103sim articole din domenii precum: lingvistic\u0103, literatur\u0103 \u0219i cultur\u0103, 300 de ani de la na\u0219terea lui M.V.Lomonosov, 120 de ani de la na\u0219terea M.I.\u021avetaeva, scrise de autori cunoscu\u021bi \u00een c\u00e2mpul disciplinei asemenea lui Kitajo Matsushi, Mihaela Moraru, Axinia Crasovschi sau Andreea Dunaeva.<\/p>\n","protected":false},"featured_media":10573,"comment_status":"open","ping_status":"closed","template":"","meta":[],"product_brand":[],"product_cat":[3823,1464,981,1469,1893],"product_tag":[1044,1045],"class_list":{"0":"post-896","1":"product","2":"type-product","3":"status-publish","4":"has-post-thumbnail","6":"product_cat-stiinte-umane","7":"product_cat-filologie","8":"product_cat-limbi-slave","9":"product_cat-periodice","10":"product_cat-reviste-academice","11":"product_tag-filologie","12":"product_tag-rusa","14":"first","15":"outofstock","16":"shipping-taxable","17":"purchasable","18":"product-type-simple"},"_links":{"self":[{"href":"https:\/\/editura-unibuc.ro\/en\/wp-json\/wp\/v2\/product\/896","targetHints":{"allow":["GET"]}}],"collection":[{"href":"https:\/\/editura-unibuc.ro\/en\/wp-json\/wp\/v2\/product"}],"about":[{"href":"https:\/\/editura-unibuc.ro\/en\/wp-json\/wp\/v2\/types\/product"}],"replies":[{"embeddable":true,"href":"https:\/\/editura-unibuc.ro\/en\/wp-json\/wp\/v2\/comments?post=896"}],"wp:featuredmedia":[{"embeddable":true,"href":"https:\/\/editura-unibuc.ro\/en\/wp-json\/wp\/v2\/media\/10573"}],"wp:attachment":[{"href":"https:\/\/editura-unibuc.ro\/en\/wp-json\/wp\/v2\/media?parent=896"}],"wp:term":[{"taxonomy":"product_brand","embeddable":true,"href":"https:\/\/editura-unibuc.ro\/en\/wp-json\/wp\/v2\/product_brand?post=896"},{"taxonomy":"product_cat","embeddable":true,"href":"https:\/\/editura-unibuc.ro\/en\/wp-json\/wp\/v2\/product_cat?post=896"},{"taxonomy":"product_tag","embeddable":true,"href":"https:\/\/editura-unibuc.ro\/en\/wp-json\/wp\/v2\/product_tag?post=896"}],"curies":[{"name":"wp","href":"https:\/\/api.w.org\/{rel}","templated":true}]}}