{"id":900,"date":"2012-08-29T14:35:08","date_gmt":"2012-08-29T11:35:08","guid":{"rendered":"https:\/\/editura-unibuc.ro\/?p=900"},"modified":"2015-03-12T23:52:23","modified_gmt":"2015-03-12T21:52:23","slug":"ethnic-identity-dilemmas-in-early-twentieth-century-east-european-jewish-immigrant-narratives-in-the-united-states","status":"publish","type":"product","link":"https:\/\/editura-unibuc.ro\/en\/ethnic-identity-dilemmas-in-early-twentieth-century-east-european-jewish-immigrant-narratives-in-the-united-states\/","title":{"rendered":"ETHNIC IDENTITY DILEMMAS IN EARLY TWENTIETH CENTURY EAST EUROPEAN JEWISH IMMIGRANT NARRATIVES IN THE UNITED STATES"},"content":{"rendered":"<p>\u00cen acest studiu comparativ, autoarea surprinde r\u0103spunsul complex al imigran\u021bilor de origine evreiasc\u0103 din Estul Europei la tipurile de identitate specifice societ\u0103\u021bilor autocratice r\u0103s\u0103ritene \u0219i celei americane, democratice. Subiectul este urm\u0103rit \u00een activitatea \u0219i scrierile a dou\u0103 autoare originare din Rusia \u0219i a uneia din Rom\u00e2nia. Autoarea volumului de fa\u021b\u0103 \u00eencearc\u0103 astfel s\u0103 readuc\u0103 \u00een aten\u021bie imaginea unor scriitori americani de origine evreiasc\u0103 n\u0103scu\u021bi \u00een Rom\u00e2nia.<\/p>\n","protected":false},"excerpt":{"rendered":"<p>\u00cen acest studiu comparativ, autoarea surprinde r\u0103spunsul complex al imigran\u021bilor de origine evreiasc\u0103 din Estul Europei la tipurile de identitate specifice societ\u0103\u021bilor autocratice r\u0103s\u0103ritene \u0219i celei americane, democratice. Subiectul este urm\u0103rit \u00een activitatea \u0219i scrierile a dou\u0103 autoare originare din Rusia \u0219i a uneia din Rom\u00e2nia. Autoarea volumului de fa\u021b\u0103 \u00eencearc\u0103 astfel s\u0103 readuc\u0103 \u00een [&hellip;]<\/p>\n","protected":false},"featured_media":10570,"comment_status":"open","ping_status":"closed","template":"","meta":[],"product_brand":[],"product_cat":[1464,976],"product_tag":[1180,919,1411],"class_list":{"0":"post-900","1":"product","2":"type-product","3":"status-publish","4":"has-post-thumbnail","6":"product_cat-filologie","7":"product_cat-limba-engleza","8":"product_tag-evrei","9":"product_tag-literatura","10":"product_tag-statele-unite-ale-americii","12":"first","13":"instock","14":"shipping-taxable","15":"purchasable","16":"product-type-simple"},"_links":{"self":[{"href":"https:\/\/editura-unibuc.ro\/en\/wp-json\/wp\/v2\/product\/900","targetHints":{"allow":["GET"]}}],"collection":[{"href":"https:\/\/editura-unibuc.ro\/en\/wp-json\/wp\/v2\/product"}],"about":[{"href":"https:\/\/editura-unibuc.ro\/en\/wp-json\/wp\/v2\/types\/product"}],"replies":[{"embeddable":true,"href":"https:\/\/editura-unibuc.ro\/en\/wp-json\/wp\/v2\/comments?post=900"}],"wp:featuredmedia":[{"embeddable":true,"href":"https:\/\/editura-unibuc.ro\/en\/wp-json\/wp\/v2\/media\/10570"}],"wp:attachment":[{"href":"https:\/\/editura-unibuc.ro\/en\/wp-json\/wp\/v2\/media?parent=900"}],"wp:term":[{"taxonomy":"product_brand","embeddable":true,"href":"https:\/\/editura-unibuc.ro\/en\/wp-json\/wp\/v2\/product_brand?post=900"},{"taxonomy":"product_cat","embeddable":true,"href":"https:\/\/editura-unibuc.ro\/en\/wp-json\/wp\/v2\/product_cat?post=900"},{"taxonomy":"product_tag","embeddable":true,"href":"https:\/\/editura-unibuc.ro\/en\/wp-json\/wp\/v2\/product_tag?post=900"}],"curies":[{"name":"wp","href":"https:\/\/api.w.org\/{rel}","templated":true}]}}