{"id":905,"date":"2012-08-29T14:43:05","date_gmt":"2012-08-29T11:43:05","guid":{"rendered":"https:\/\/editura-unibuc.ro\/?p=905"},"modified":"2024-01-12T09:31:26","modified_gmt":"2024-01-12T07:31:26","slug":"dansul-popular-specific-zonelor-etnografice-indrumar-metodic","status":"publish","type":"product","link":"https:\/\/editura-unibuc.ro\/en\/dansul-popular-specific-zonelor-etnografice-indrumar-metodic\/","title":{"rendered":"SPECIFIC ETHNOGRAPHIC AREAS FOLK DANCE. Methodical guide"},"content":{"rendered":"<p>Prezentul \u00eendrumar de lucr\u0103ri practice cuprinde planurile calendaristice \u0219i conspectele de lec\u021bii, pentru 24 de lec\u021bii practice pentru anii I \u0219i II. Se \u00een\u021belege c\u0103 ele au un caracter orientativ \u00een leg\u0103tur\u0103 cu organizarea unei lec\u021bii de dansuri populare. \u021ain\u00e2nd seama c\u0103 orele de dansuri rom\u00e2ne\u0219ti au o densitate deosebit\u0103, aceste documente de planificare, vor fi adaptate posibilit\u0103\u021bilor cursan\u021bilor. \u00cen actuala form\u0103 ele vizeaz\u0103 lec\u021bia de 100 de minute, pentru studen\u021bi.(Introducere)<\/p>\n","protected":false},"excerpt":{"rendered":"<p>Prezentul \u00eendrumar de lucr\u0103ri practice cuprinde planurile calendaristice \u0219i conspectele de lec\u021bii, pentru 24 de lec\u021bii practice pentru anii I \u0219i II. Se \u00een\u021belege c\u0103 ele au un caracter orientativ \u00een leg\u0103tur\u0103 cu organizarea unei lec\u021bii de dansuri populare. \u021ain\u00e2nd seama c\u0103 orele de dansuri rom\u00e2ne\u0219ti au o densitate deosebit\u0103, aceste documente de planificare, vor [&hellip;]<\/p>\n","protected":false},"featured_media":10568,"comment_status":"open","ping_status":"closed","template":"","meta":[],"product_brand":[],"product_cat":[993,991],"product_tag":[1410,1269],"class_list":{"0":"post-905","1":"product","2":"type-product","3":"status-publish","4":"has-post-thumbnail","6":"product_cat-educatie-fizica-si-sport","7":"product_cat-stiinte-sociale","8":"product_tag-dans-folclor","9":"product_tag-sport","11":"first","12":"outofstock","13":"shipping-taxable","14":"purchasable","15":"product-type-simple"},"_links":{"self":[{"href":"https:\/\/editura-unibuc.ro\/en\/wp-json\/wp\/v2\/product\/905","targetHints":{"allow":["GET"]}}],"collection":[{"href":"https:\/\/editura-unibuc.ro\/en\/wp-json\/wp\/v2\/product"}],"about":[{"href":"https:\/\/editura-unibuc.ro\/en\/wp-json\/wp\/v2\/types\/product"}],"replies":[{"embeddable":true,"href":"https:\/\/editura-unibuc.ro\/en\/wp-json\/wp\/v2\/comments?post=905"}],"wp:featuredmedia":[{"embeddable":true,"href":"https:\/\/editura-unibuc.ro\/en\/wp-json\/wp\/v2\/media\/10568"}],"wp:attachment":[{"href":"https:\/\/editura-unibuc.ro\/en\/wp-json\/wp\/v2\/media?parent=905"}],"wp:term":[{"taxonomy":"product_brand","embeddable":true,"href":"https:\/\/editura-unibuc.ro\/en\/wp-json\/wp\/v2\/product_brand?post=905"},{"taxonomy":"product_cat","embeddable":true,"href":"https:\/\/editura-unibuc.ro\/en\/wp-json\/wp\/v2\/product_cat?post=905"},{"taxonomy":"product_tag","embeddable":true,"href":"https:\/\/editura-unibuc.ro\/en\/wp-json\/wp\/v2\/product_tag?post=905"}],"curies":[{"name":"wp","href":"https:\/\/api.w.org\/{rel}","templated":true}]}}