{"id":915,"date":"2012-08-29T14:53:12","date_gmt":"2012-08-29T11:53:12","guid":{"rendered":"https:\/\/editura-unibuc.ro\/?p=915"},"modified":"2025-08-08T13:42:17","modified_gmt":"2025-08-08T10:42:17","slug":"university-of-bucharest-review-vol-xiii-vol-i-new-series-no-2-2011-tales-of-war","status":"publish","type":"product","link":"https:\/\/editura-unibuc.ro\/en\/university-of-bucharest-review-vol-xiii-vol-i-new-series-no-2-2011-tales-of-war\/","title":{"rendered":"UNIVERSITY OF BUCHAREST REVIEW, VOL.XIII (VOL.I NEW SERIES), NO.2, 2011. TALES OF WAR"},"content":{"rendered":"<p>Dintre articolele prezentului volum, amintim: Jos\u00e9 Manuel Est\u00e9vez Sa\u00e1: The Ghost of The Troubles: Conflict and Reconciliation in Contemporary Irish Literature.; Martin Potter: War and Reconciliation in David Jones\u2019 \u201cIn Parenthesis\u201d; Radu Surdulescu: The Iraq War: From Political Argument to Fictional Discourse; Corin Braga: The Rationalist Critique of Utopian Thinking: Island of Fools and Other Anti-utopian Classics.<\/p>\n","protected":false},"excerpt":{"rendered":"<p>Dintre articolele prezentului volum, amintim: Jos\u00e9 Manuel Est\u00e9vez Sa\u00e1: The Ghost of The Troubles: Conflict and Reconciliation in Contemporary Irish Literature.; Martin Potter: War and Reconciliation in David Jones\u2019 \u201cIn Parenthesis\u201d; Radu Surdulescu: The Iraq War: From Political Argument to Fictional Discourse; Corin Braga: The Rationalist Critique of Utopian Thinking: Island of Fools and Other [&hellip;]<\/p>\n","protected":false},"featured_media":10562,"comment_status":"open","ping_status":"closed","template":"","meta":[],"product_brand":[],"product_cat":[1464,976,1469,1893],"product_tag":[926,919],"class_list":{"0":"post-915","1":"product","2":"type-product","3":"status-publish","4":"has-post-thumbnail","6":"product_cat-filologie","7":"product_cat-limba-engleza","8":"product_cat-periodice","9":"product_cat-reviste-academice","10":"product_tag-engleza","11":"product_tag-literatura","13":"first","14":"outofstock","15":"shipping-taxable","16":"purchasable","17":"product-type-simple"},"_links":{"self":[{"href":"https:\/\/editura-unibuc.ro\/en\/wp-json\/wp\/v2\/product\/915","targetHints":{"allow":["GET"]}}],"collection":[{"href":"https:\/\/editura-unibuc.ro\/en\/wp-json\/wp\/v2\/product"}],"about":[{"href":"https:\/\/editura-unibuc.ro\/en\/wp-json\/wp\/v2\/types\/product"}],"replies":[{"embeddable":true,"href":"https:\/\/editura-unibuc.ro\/en\/wp-json\/wp\/v2\/comments?post=915"}],"wp:featuredmedia":[{"embeddable":true,"href":"https:\/\/editura-unibuc.ro\/en\/wp-json\/wp\/v2\/media\/10562"}],"wp:attachment":[{"href":"https:\/\/editura-unibuc.ro\/en\/wp-json\/wp\/v2\/media?parent=915"}],"wp:term":[{"taxonomy":"product_brand","embeddable":true,"href":"https:\/\/editura-unibuc.ro\/en\/wp-json\/wp\/v2\/product_brand?post=915"},{"taxonomy":"product_cat","embeddable":true,"href":"https:\/\/editura-unibuc.ro\/en\/wp-json\/wp\/v2\/product_cat?post=915"},{"taxonomy":"product_tag","embeddable":true,"href":"https:\/\/editura-unibuc.ro\/en\/wp-json\/wp\/v2\/product_tag?post=915"}],"curies":[{"name":"wp","href":"https:\/\/api.w.org\/{rel}","templated":true}]}}