{"id":9352,"date":"2013-04-01T12:38:25","date_gmt":"2013-04-01T10:38:25","guid":{"rendered":"https:\/\/editura-unibuc.ro\/?p=9352"},"modified":"2015-03-13T15:12:13","modified_gmt":"2015-03-13T13:12:13","slug":"introducere-in-studiul-comparativ-al-limbilor-slave","status":"publish","type":"product","link":"https:\/\/editura-unibuc.ro\/en\/introducere-in-studiul-comparativ-al-limbilor-slave\/","title":{"rendered":"INTRODUCTION TO THE COMPARATIVE STUDY OF SLAVIC LANGUAGES"},"content":{"rendered":"<p>Ne-am propus o abordare comparativ-istoric\u0103, \u00een care aten\u021bia se va concentra asupra situa\u021biei limbilor slave \u00een context larg indo-european \u0219i chiar mai larg, \u201enostratic\u201d \u2013 pentru a folosi un termen tot mai des uzitat \u00een ultimele decenii. Nu am evitat discu\u021biile referitoare la \u00eenrudirea dintre limbile indo-europene (limbile slave fiind un grup al acestei familii) \u0219i alte limbi r\u0103sp\u00e2ndite \u00een spa\u021biul euro-asiatic, limbile uralice \u0219i limbile altaice, \u00een primul r\u00e2nd. (Cuv\u00e2nt \u00eenainte)<\/p>\n","protected":false},"excerpt":{"rendered":"<p>Ne-am propus o abordare comparativ-istoric\u0103, \u00een care aten\u021bia se va concentra asupra situa\u021biei limbilor slave \u00een context larg indo-european \u0219i chiar mai larg, \u201enostratic\u201d \u2013 pentru a folosi un termen tot mai des uzitat \u00een ultimele decenii. Nu am evitat discu\u021biile referitoare la \u00eenrudirea dintre limbile indo-europene (limbile slave fiind un grup al acestei familii) [&hellip;]<\/p>\n","protected":false},"featured_media":9353,"comment_status":"open","ping_status":"closed","template":"","meta":[],"product_brand":[],"product_cat":[1464,981],"product_tag":[895,922],"class_list":{"0":"post-9352","1":"product","2":"type-product","3":"status-publish","4":"has-post-thumbnail","6":"product_cat-filologie","7":"product_cat-limbi-slave","8":"product_tag-lingvistica","9":"product_tag-slave","11":"first","12":"instock","13":"shipping-taxable","14":"purchasable","15":"product-type-simple"},"_links":{"self":[{"href":"https:\/\/editura-unibuc.ro\/en\/wp-json\/wp\/v2\/product\/9352","targetHints":{"allow":["GET"]}}],"collection":[{"href":"https:\/\/editura-unibuc.ro\/en\/wp-json\/wp\/v2\/product"}],"about":[{"href":"https:\/\/editura-unibuc.ro\/en\/wp-json\/wp\/v2\/types\/product"}],"replies":[{"embeddable":true,"href":"https:\/\/editura-unibuc.ro\/en\/wp-json\/wp\/v2\/comments?post=9352"}],"wp:featuredmedia":[{"embeddable":true,"href":"https:\/\/editura-unibuc.ro\/en\/wp-json\/wp\/v2\/media\/9353"}],"wp:attachment":[{"href":"https:\/\/editura-unibuc.ro\/en\/wp-json\/wp\/v2\/media?parent=9352"}],"wp:term":[{"taxonomy":"product_brand","embeddable":true,"href":"https:\/\/editura-unibuc.ro\/en\/wp-json\/wp\/v2\/product_brand?post=9352"},{"taxonomy":"product_cat","embeddable":true,"href":"https:\/\/editura-unibuc.ro\/en\/wp-json\/wp\/v2\/product_cat?post=9352"},{"taxonomy":"product_tag","embeddable":true,"href":"https:\/\/editura-unibuc.ro\/en\/wp-json\/wp\/v2\/product_tag?post=9352"}],"curies":[{"name":"wp","href":"https:\/\/api.w.org\/{rel}","templated":true}]}}