{"id":9357,"date":"2013-04-02T08:22:17","date_gmt":"2013-04-02T06:22:17","guid":{"rendered":"https:\/\/editura-unibuc.ro\/?p=9357"},"modified":"2018-03-02T09:32:25","modified_gmt":"2018-03-02T07:32:25","slug":"proza-rusa-de-analiza-psihologica-v-suskin-v-rasputin-v-astafiev-editia-a-ii-a","status":"publish","type":"product","link":"https:\/\/editura-unibuc.ro\/en\/proza-rusa-de-analiza-psihologica-v-suskin-v-rasputin-v-astafiev-editia-a-ii-a\/","title":{"rendered":"THE PSYCHOLOGICAL ANALYSIS RUSSIAN LITERATURE (V. \u0218u\u0219kin, V. Rasputin, V. Astafiev) 2nd Edition"},"content":{"rendered":"<p>Redactat \u00een \u00eentregime \u00een limba rus\u0103, studiul doamnei Prof. dr. Mihaela Moraru surprinde aspecte culturale, stilistice, lingvistice (gramaticale, lexicale, sintactice), dar \u0219i literar-simbolice, \u00een proza ruseasc\u0103 a secolului XX. Principalii autori studia\u021bi sunt, reprezentan\u021bi ai zonei siberiene a Rusiei: Vasili \u0218u\u0219kin, scriitor, actor \u0219i regizor, n\u0103scut \u00een Siberia, \u00een mun\u021bii Altai; Valentin Rasputin, care locuie\u0219te periodic \u00een Moscova \u0219i Irkutsk (Siberia) \u0219i Victor Astafiev, n\u0103scut \u00een Siberia, \u00eenmorm\u00e2ntat la Ovsyanka, l\u00e2ng\u0103 Krasnoiarsk, pe malurile r\u00e2ului Enisei.<\/p>\n","protected":false},"excerpt":{"rendered":"<p>Redactat \u00een \u00eentregime \u00een limba rus\u0103, studiul doamnei Prof. dr. Mihaela Moraru surprinde aspecte culturale, stilistice, lingvistice (gramaticale, lexicale, sintactice), dar \u0219i literar-simbolice, \u00een proza ruseasc\u0103 a secolului XX. Principalii autori studia\u021bi sunt, reprezentan\u021bi ai zonei siberiene a Rusiei: Vasili \u0218u\u0219kin, scriitor, actor \u0219i regizor, n\u0103scut \u00een Siberia, \u00een mun\u021bii Altai; Valentin Rasputin, care locuie\u0219te [&hellip;]<\/p>\n","protected":false},"featured_media":9358,"comment_status":"open","ping_status":"closed","template":"","meta":[],"product_brand":[],"product_cat":[1464,981],"product_tag":[919,1045],"class_list":{"0":"post-9357","1":"product","2":"type-product","3":"status-publish","4":"has-post-thumbnail","6":"product_cat-filologie","7":"product_cat-limbi-slave","8":"product_tag-literatura","9":"product_tag-rusa","11":"first","12":"instock","13":"shipping-taxable","14":"purchasable","15":"product-type-simple"},"_links":{"self":[{"href":"https:\/\/editura-unibuc.ro\/en\/wp-json\/wp\/v2\/product\/9357","targetHints":{"allow":["GET"]}}],"collection":[{"href":"https:\/\/editura-unibuc.ro\/en\/wp-json\/wp\/v2\/product"}],"about":[{"href":"https:\/\/editura-unibuc.ro\/en\/wp-json\/wp\/v2\/types\/product"}],"replies":[{"embeddable":true,"href":"https:\/\/editura-unibuc.ro\/en\/wp-json\/wp\/v2\/comments?post=9357"}],"wp:featuredmedia":[{"embeddable":true,"href":"https:\/\/editura-unibuc.ro\/en\/wp-json\/wp\/v2\/media\/9358"}],"wp:attachment":[{"href":"https:\/\/editura-unibuc.ro\/en\/wp-json\/wp\/v2\/media?parent=9357"}],"wp:term":[{"taxonomy":"product_brand","embeddable":true,"href":"https:\/\/editura-unibuc.ro\/en\/wp-json\/wp\/v2\/product_brand?post=9357"},{"taxonomy":"product_cat","embeddable":true,"href":"https:\/\/editura-unibuc.ro\/en\/wp-json\/wp\/v2\/product_cat?post=9357"},{"taxonomy":"product_tag","embeddable":true,"href":"https:\/\/editura-unibuc.ro\/en\/wp-json\/wp\/v2\/product_tag?post=9357"}],"curies":[{"name":"wp","href":"https:\/\/api.w.org\/{rel}","templated":true}]}}