{"id":936,"date":"2012-08-30T11:09:34","date_gmt":"2012-08-30T08:09:34","guid":{"rendered":"https:\/\/editura-unibuc.ro\/?p=936"},"modified":"2026-04-20T13:13:41","modified_gmt":"2026-04-20T10:13:41","slug":"romanoslavica-vol-xlviii-nr-1","status":"publish","type":"product","link":"https:\/\/editura-unibuc.ro\/en\/romanoslavica-vol-xlviii-nr-1\/","title":{"rendered":"ROMANOSLAVICA Vol. XLVIII, No. 1"},"content":{"rendered":"<p>Prezentul num\u0103r al periodicului ROMANOSLAVICA ofer\u0103 articole de lingvistic\u0103, literatur\u0103, mentalit\u0103\u021bi \u0219i recenzii redactate de speciali\u0219ti cunoscu\u021bi, precum Antoaneta Olteanu, Mariana Mangiulea, Livia Cotorcea, Dagmar Maria Anoca, precum \u0219i invita\u021bi cu renume din str\u0103in\u0103tate.<\/p>\n","protected":false},"excerpt":{"rendered":"<p>Prezentul num\u0103r al periodicului ROMANOSLAVICA ofer\u0103 articole de lingvistic\u0103, literatur\u0103, mentalit\u0103\u021bi \u0219i recenzii redactate de speciali\u0219ti cunoscu\u021bi, precum Antoaneta Olteanu, Mariana Mangiulea, Livia Cotorcea, Dagmar Maria Anoca, precum \u0219i invita\u021bi cu renume din str\u0103in\u0103tate.<\/p>\n","protected":false},"featured_media":10552,"comment_status":"open","ping_status":"closed","template":"","meta":[],"product_brand":[],"product_cat":[3823,1464,981,1469,1893],"product_tag":[925,922],"class_list":{"0":"post-936","1":"product","2":"type-product","3":"status-publish","4":"has-post-thumbnail","6":"product_cat-stiinte-umane","7":"product_cat-filologie","8":"product_cat-limbi-slave","9":"product_cat-periodice","10":"product_cat-reviste-academice","11":"product_tag-romana","12":"product_tag-slave","14":"first","15":"outofstock","16":"shipping-taxable","17":"purchasable","18":"product-type-simple"},"_links":{"self":[{"href":"https:\/\/editura-unibuc.ro\/en\/wp-json\/wp\/v2\/product\/936","targetHints":{"allow":["GET"]}}],"collection":[{"href":"https:\/\/editura-unibuc.ro\/en\/wp-json\/wp\/v2\/product"}],"about":[{"href":"https:\/\/editura-unibuc.ro\/en\/wp-json\/wp\/v2\/types\/product"}],"replies":[{"embeddable":true,"href":"https:\/\/editura-unibuc.ro\/en\/wp-json\/wp\/v2\/comments?post=936"}],"wp:featuredmedia":[{"embeddable":true,"href":"https:\/\/editura-unibuc.ro\/en\/wp-json\/wp\/v2\/media\/10552"}],"wp:attachment":[{"href":"https:\/\/editura-unibuc.ro\/en\/wp-json\/wp\/v2\/media?parent=936"}],"wp:term":[{"taxonomy":"product_brand","embeddable":true,"href":"https:\/\/editura-unibuc.ro\/en\/wp-json\/wp\/v2\/product_brand?post=936"},{"taxonomy":"product_cat","embeddable":true,"href":"https:\/\/editura-unibuc.ro\/en\/wp-json\/wp\/v2\/product_cat?post=936"},{"taxonomy":"product_tag","embeddable":true,"href":"https:\/\/editura-unibuc.ro\/en\/wp-json\/wp\/v2\/product_tag?post=936"}],"curies":[{"name":"wp","href":"https:\/\/api.w.org\/{rel}","templated":true}]}}