{"id":9360,"date":"2013-04-02T09:39:54","date_gmt":"2013-04-02T07:39:54","guid":{"rendered":"https:\/\/editura-unibuc.ro\/?p=9360"},"modified":"2015-03-13T15:06:56","modified_gmt":"2015-03-13T13:06:56","slug":"lucrari-si-rapoarte-de-cercetare-vol-iii","status":"publish","type":"product","link":"https:\/\/editura-unibuc.ro\/en\/lucrari-si-rapoarte-de-cercetare-vol-iii\/","title":{"rendered":"RESEARCH WORKS AND REPORTS VOL. III"},"content":{"rendered":"<p>Cuprins \/ Contents: The Hydrogeomorphological System in the Concepts of Geomorphometry and of Modern Morphological Theories. Applications to Hazard and Risk Diagnosis in Areas of the Romanian Plain (CNCSIS PROJECT PN II \u2013 IDEI code 1954\/2009); The Fluvial Geomorphology of the C\u0103lm\u0103\u021bui River in the Teleorman County; Analiza morfometric\u0103 a crovurilor din C\u00e2mpia Rom\u00e2n\u0103 de est \/ Morphometric Analysis of Microdepressions in Areas From Eastern Romanian Plain; Nouveaux sch\u00e9mas de l\u2019agriculture saharienne en Alg\u00e9rie: imagerie satellitale et bases de donn\u00e9es g\u00e9ographiques comme outils d\u2019analyse et de suivi; The Correlation Between Drainage Density and Relief Energy Within the E\u0219elni\u021ba Basin; Empirical Study Concerning the Main Danube Defile Geosites: Some Tourists\u2019 Reflections; Comparaison entre deux Mod\u00e8les Num\u00e9rique d\u2019Altitudes (MNA) r\u00e9alis\u00e9s par interf\u00e9rom\u00e9trie radar RSO (INSAR) pour \u00e9tudier les mouvements de terrain (glissements de terrain et coul\u00e9es de boue) dans la r\u00e9gion de Buzau (Roumanie); Note regarding the factors causing snow avalanches; Morphometric Aspects in S\u0103s\u0103u\u0219 River Basin; The influence of Geological Structure and Lithology in the Topography of Mislea Basin; Aspects Regarding to Ecological Reconstruction at Cop\u0219a Mic\u0103 Area; The Geomorphometry Analysis. Case Studies in Drainage Basins Representative as Relief; Amenaj\u0103rile hidrotehnice de pe r\u00e2ul Arge\u0219: \u00eentre necesitate energetic\u0103 \u0219i impact asupra reliefului; Workshop Fieldtrip; Danube Defile.<\/p>\n","protected":false},"excerpt":{"rendered":"<p>Cuprins \/ Contents: The Hydrogeomorphological System in the Concepts of Geomorphometry and of Modern Morphological Theories. Applications to Hazard and Risk Diagnosis in Areas of the Romanian Plain (CNCSIS PROJECT PN II \u2013 IDEI code 1954\/2009); The Fluvial Geomorphology of the C\u0103lm\u0103\u021bui River in the Teleorman County; Analiza morfometric\u0103 a crovurilor din C\u00e2mpia Rom\u00e2n\u0103 de [&hellip;]<\/p>\n","protected":false},"featured_media":9361,"comment_status":"open","ping_status":"closed","template":"","meta":[],"product_brand":[],"product_cat":[1466,989],"product_tag":[1294,903],"class_list":{"0":"post-9360","1":"product","2":"type-product","3":"status-publish","4":"has-post-thumbnail","6":"product_cat-stiinte-ale-naturii","7":"product_cat-geografie","8":"product_tag-cercetare","9":"product_tag-geografie","11":"first","12":"instock","13":"shipping-taxable","14":"purchasable","15":"product-type-simple"},"_links":{"self":[{"href":"https:\/\/editura-unibuc.ro\/en\/wp-json\/wp\/v2\/product\/9360","targetHints":{"allow":["GET"]}}],"collection":[{"href":"https:\/\/editura-unibuc.ro\/en\/wp-json\/wp\/v2\/product"}],"about":[{"href":"https:\/\/editura-unibuc.ro\/en\/wp-json\/wp\/v2\/types\/product"}],"replies":[{"embeddable":true,"href":"https:\/\/editura-unibuc.ro\/en\/wp-json\/wp\/v2\/comments?post=9360"}],"wp:featuredmedia":[{"embeddable":true,"href":"https:\/\/editura-unibuc.ro\/en\/wp-json\/wp\/v2\/media\/9361"}],"wp:attachment":[{"href":"https:\/\/editura-unibuc.ro\/en\/wp-json\/wp\/v2\/media?parent=9360"}],"wp:term":[{"taxonomy":"product_brand","embeddable":true,"href":"https:\/\/editura-unibuc.ro\/en\/wp-json\/wp\/v2\/product_brand?post=9360"},{"taxonomy":"product_cat","embeddable":true,"href":"https:\/\/editura-unibuc.ro\/en\/wp-json\/wp\/v2\/product_cat?post=9360"},{"taxonomy":"product_tag","embeddable":true,"href":"https:\/\/editura-unibuc.ro\/en\/wp-json\/wp\/v2\/product_tag?post=9360"}],"curies":[{"name":"wp","href":"https:\/\/api.w.org\/{rel}","templated":true}]}}