{"id":946,"date":"2012-08-30T11:48:19","date_gmt":"2012-08-30T08:48:19","guid":{"rendered":"https:\/\/editura-unibuc.ro\/?p=946"},"modified":"2024-04-11T11:41:24","modified_gmt":"2024-04-11T08:41:24","slug":"istoria-literaturii-bulgare-1878-1918","status":"publish","type":"product","link":"https:\/\/editura-unibuc.ro\/en\/istoria-literaturii-bulgare-1878-1918\/","title":{"rendered":"HISTORY OF BULGARIAN LITERATURE. 1878-1918"},"content":{"rendered":"<p>Subiectul acestei c\u0103r\u021bi \u00een constituie literatura bulgar\u0103 de dup\u0103 Eliberare p\u00e2n\u0103 la sf\u00e2r\u0219itul Primului R\u0103zboi Mondial, comentat\u0103 \u00een coordonatele istorice \u0219i culturale ale epocii, \u00eentr-o viziune modern\u0103, reconsiderat\u0103 \u0219i \u00een spiritul \u00eenceputului de secol XXI. Lucrarea se deschide cu o prezentare succint\u0103 a situa\u021biei istorice din Bulgaria \u00een perioda analizat\u0103, dup\u0103 care urmeaz\u0103 un capitol dens, \u00een care autorul face o caracterizare de ansamblu a literaturii bulgare supus\u0103 influen\u021belor realismului, modernismului \u0219i simbolismului. \u00cen discutarea operelor importante, autorul a considerat necesar s\u0103 prezinte subientul \u00een liniile sale esen\u021biale, pentru ca apoi s\u0103 desf\u0103\u0219oare interpret\u0103ri referitoare la personaje, conflicte, expresie artistic\u0103, s\u0103 realizeze asocieri interesante cu mitologia \u0219i folclorul bulgar sau balcanic. (Conf.univ.dr. Mariana Mangiulea)<\/p>\n","protected":false},"excerpt":{"rendered":"<p>Subiectul acestei c\u0103r\u021bi \u00een constituie literatura bulgar\u0103 de dup\u0103 Eliberare p\u00e2n\u0103 la sf\u00e2r\u0219itul Primului R\u0103zboi Mondial, comentat\u0103 \u00een coordonatele istorice \u0219i culturale ale epocii, \u00eentr-o viziune modern\u0103, reconsiderat\u0103 \u0219i \u00een spiritul \u00eenceputului de secol XXI. Lucrarea se deschide cu o prezentare succint\u0103 a situa\u021biei istorice din Bulgaria \u00een perioda analizat\u0103, dup\u0103 care urmeaz\u0103 un capitol [&hellip;]<\/p>\n","protected":false},"featured_media":10546,"comment_status":"open","ping_status":"closed","template":"","meta":[],"product_brand":[],"product_cat":[1464,981],"product_tag":[1272,919],"class_list":{"0":"post-946","1":"product","2":"type-product","3":"status-publish","4":"has-post-thumbnail","6":"product_cat-filologie","7":"product_cat-limbi-slave","8":"product_tag-bulgara","9":"product_tag-literatura","11":"first","12":"instock","13":"shipping-taxable","14":"purchasable","15":"product-type-simple"},"_links":{"self":[{"href":"https:\/\/editura-unibuc.ro\/en\/wp-json\/wp\/v2\/product\/946","targetHints":{"allow":["GET"]}}],"collection":[{"href":"https:\/\/editura-unibuc.ro\/en\/wp-json\/wp\/v2\/product"}],"about":[{"href":"https:\/\/editura-unibuc.ro\/en\/wp-json\/wp\/v2\/types\/product"}],"replies":[{"embeddable":true,"href":"https:\/\/editura-unibuc.ro\/en\/wp-json\/wp\/v2\/comments?post=946"}],"wp:featuredmedia":[{"embeddable":true,"href":"https:\/\/editura-unibuc.ro\/en\/wp-json\/wp\/v2\/media\/10546"}],"wp:attachment":[{"href":"https:\/\/editura-unibuc.ro\/en\/wp-json\/wp\/v2\/media?parent=946"}],"wp:term":[{"taxonomy":"product_brand","embeddable":true,"href":"https:\/\/editura-unibuc.ro\/en\/wp-json\/wp\/v2\/product_brand?post=946"},{"taxonomy":"product_cat","embeddable":true,"href":"https:\/\/editura-unibuc.ro\/en\/wp-json\/wp\/v2\/product_cat?post=946"},{"taxonomy":"product_tag","embeddable":true,"href":"https:\/\/editura-unibuc.ro\/en\/wp-json\/wp\/v2\/product_tag?post=946"}],"curies":[{"name":"wp","href":"https:\/\/api.w.org\/{rel}","templated":true}]}}