{"id":9468,"date":"2013-04-08T13:46:19","date_gmt":"2013-04-08T11:46:19","guid":{"rendered":"https:\/\/editura-unibuc.ro\/?p=9468"},"modified":"2025-08-06T12:25:37","modified_gmt":"2025-08-06T09:25:37","slug":"etica-in-psihologia-educatiei","status":"publish","type":"product","link":"https:\/\/editura-unibuc.ro\/en\/etica-in-psihologia-educatiei\/","title":{"rendered":"ETHICS OF EDUCATION PSYCHOLOGY"},"content":{"rendered":"<p>Tematica acestei c\u0103r\u021bi este deosebit de important\u0103, at\u00e2t \u00een plan teoretic c\u00e2t \u0219i aplicativ, pentru toate activit\u0103\u021bile desf\u0103\u0219urate \u00een domeniul educa\u021biei, cu predilec\u021bie pentru exercitarea profesiei de psiholog cu drept de liber\u0103 practic\u0103. Un mare filozof consider\u0103 \u00a0c\u0103 etica este o \u0219tiin\u021b\u0103 care a disp\u0103rut \u00een toat\u0103 lumea. Consecin\u021bele at\u00e2t de grave \u0219i nocive ale acestui fapt impun lumii s\u0103 reinventeze \u0219tiin\u021ba numit\u0103 etic\u0103. Acest lucru devine cu at\u00e2t mai necesar \u00een condi\u021biile \u00een care competen\u021ba \u00een absen\u021ba eticii are un rol cu totul nefast, \u0219i \u00eendeosebi \u00een domeniul educa\u021biei, unde modelul este decisiv \u00een formarea valorilor \u0219i competen\u021belor morale. Lucrarea trateaz\u0103 un subiect de maxim\u0103 \u00eensemn\u0103tate \u0219i actualitate. Apreciem rigoarea \u0219tiin\u021bific\u0103, stilul deosebit de accesibil \u0219i pl\u0103cut \u00een care este scris\u0103 cartea. (Prof. univ. dr. Mihaela Roco, Universitatea din Bucure\u0219ti)<\/p>\n","protected":false},"excerpt":{"rendered":"<p>Tematica acestei c\u0103r\u021bi este deosebit de important\u0103, at\u00e2t \u00een plan teoretic c\u00e2t \u0219i aplicativ, pentru toate activit\u0103\u021bile desf\u0103\u0219urate \u00een domeniul educa\u021biei, cu predilec\u021bie pentru exercitarea profesiei de psiholog cu drept de liber\u0103 practic\u0103. Un mare filozof consider\u0103 \u00a0c\u0103 etica este o \u0219tiin\u021b\u0103 care a disp\u0103rut \u00een toat\u0103 lumea. Consecin\u021bele at\u00e2t de grave \u0219i nocive ale [&hellip;]<\/p>\n","protected":false},"featured_media":9469,"comment_status":"open","ping_status":"closed","template":"","meta":[],"product_brand":[],"product_cat":[991,997],"product_tag":[1170,1111],"class_list":{"0":"post-9468","1":"product","2":"type-product","3":"status-publish","4":"has-post-thumbnail","6":"product_cat-stiinte-sociale","7":"product_cat-psihologie-stiintele-educatiei-si-pedagogie","8":"product_tag-educatie","9":"product_tag-psihologie","11":"first","12":"outofstock","13":"shipping-taxable","14":"purchasable","15":"product-type-simple"},"_links":{"self":[{"href":"https:\/\/editura-unibuc.ro\/en\/wp-json\/wp\/v2\/product\/9468","targetHints":{"allow":["GET"]}}],"collection":[{"href":"https:\/\/editura-unibuc.ro\/en\/wp-json\/wp\/v2\/product"}],"about":[{"href":"https:\/\/editura-unibuc.ro\/en\/wp-json\/wp\/v2\/types\/product"}],"replies":[{"embeddable":true,"href":"https:\/\/editura-unibuc.ro\/en\/wp-json\/wp\/v2\/comments?post=9468"}],"wp:featuredmedia":[{"embeddable":true,"href":"https:\/\/editura-unibuc.ro\/en\/wp-json\/wp\/v2\/media\/9469"}],"wp:attachment":[{"href":"https:\/\/editura-unibuc.ro\/en\/wp-json\/wp\/v2\/media?parent=9468"}],"wp:term":[{"taxonomy":"product_brand","embeddable":true,"href":"https:\/\/editura-unibuc.ro\/en\/wp-json\/wp\/v2\/product_brand?post=9468"},{"taxonomy":"product_cat","embeddable":true,"href":"https:\/\/editura-unibuc.ro\/en\/wp-json\/wp\/v2\/product_cat?post=9468"},{"taxonomy":"product_tag","embeddable":true,"href":"https:\/\/editura-unibuc.ro\/en\/wp-json\/wp\/v2\/product_tag?post=9468"}],"curies":[{"name":"wp","href":"https:\/\/api.w.org\/{rel}","templated":true}]}}