{"id":9517,"date":"2013-04-16T09:37:04","date_gmt":"2013-04-16T07:37:04","guid":{"rendered":"https:\/\/editura-unibuc.ro\/?p=9517"},"modified":"2015-03-13T15:06:11","modified_gmt":"2015-03-13T13:06:11","slug":"bibliotecile-medicale-si-utilizatorii-de-informatii-din-romania-in-era-digitala-editia-a-ii-a-revizuita-si-adaugita","status":"publish","type":"product","link":"https:\/\/editura-unibuc.ro\/en\/bibliotecile-medicale-si-utilizatorii-de-informatii-din-romania-in-era-digitala-editia-a-ii-a-revizuita-si-adaugita\/","title":{"rendered":"MEDICAL LIBRARIES AND INFORMATION USERS IN ROMANIA IN THE DIGITAL ERA. 2nd Edition, revised and enlarged"},"content":{"rendered":"<p>Lucrarea de fa\u021b\u0103, dedicat\u0103 acestei categorii de biblioteci universitare specializate din Rom\u00e2nia \u0219i utilizatorilor specifici, urm\u0103re\u0219te prezentarea situa\u021biei actuale \u0219i a elementelor de modernizare \u00eenregistrate \u00een ultimii ani \u00een activitatea acestor structuri. Interesul de care s-a bucurat lucrarea \u00een prima sa edi\u021bie, ne-a determinat s\u0103 consider\u0103m necesar\u0103 publicarea celei de-a II-a edi\u021bii, o edi\u021bie rev\u0103zut\u0103 \u0219i ad\u0103ugit\u0103. (Not\u0103 la edi\u021bia a II-a)<\/p>\n","protected":false},"excerpt":{"rendered":"<p>Lucrarea de fa\u021b\u0103, dedicat\u0103 acestei categorii de biblioteci universitare specializate din Rom\u00e2nia \u0219i utilizatorilor specifici, urm\u0103re\u0219te prezentarea situa\u021biei actuale \u0219i a elementelor de modernizare \u00eenregistrate \u00een ultimii ani \u00een activitatea acestor structuri. Interesul de care s-a bucurat lucrarea \u00een prima sa edi\u021bie, ne-a determinat s\u0103 consider\u0103m necesar\u0103 publicarea celei de-a II-a edi\u021bii, o edi\u021bie rev\u0103zut\u0103 [&hellip;]<\/p>\n","protected":false},"featured_media":9518,"comment_status":"open","ping_status":"closed","template":"","meta":[],"product_brand":[],"product_cat":[1464,979],"product_tag":[1291,1292,1293],"class_list":{"0":"post-9517","1":"product","2":"type-product","3":"status-publish","4":"has-post-thumbnail","6":"product_cat-filologie","7":"product_cat-limba-romana","8":"product_tag-biblioteci","9":"product_tag-digital","10":"product_tag-medical","12":"first","13":"instock","14":"shipping-taxable","15":"purchasable","16":"product-type-simple"},"_links":{"self":[{"href":"https:\/\/editura-unibuc.ro\/en\/wp-json\/wp\/v2\/product\/9517","targetHints":{"allow":["GET"]}}],"collection":[{"href":"https:\/\/editura-unibuc.ro\/en\/wp-json\/wp\/v2\/product"}],"about":[{"href":"https:\/\/editura-unibuc.ro\/en\/wp-json\/wp\/v2\/types\/product"}],"replies":[{"embeddable":true,"href":"https:\/\/editura-unibuc.ro\/en\/wp-json\/wp\/v2\/comments?post=9517"}],"wp:featuredmedia":[{"embeddable":true,"href":"https:\/\/editura-unibuc.ro\/en\/wp-json\/wp\/v2\/media\/9518"}],"wp:attachment":[{"href":"https:\/\/editura-unibuc.ro\/en\/wp-json\/wp\/v2\/media?parent=9517"}],"wp:term":[{"taxonomy":"product_brand","embeddable":true,"href":"https:\/\/editura-unibuc.ro\/en\/wp-json\/wp\/v2\/product_brand?post=9517"},{"taxonomy":"product_cat","embeddable":true,"href":"https:\/\/editura-unibuc.ro\/en\/wp-json\/wp\/v2\/product_cat?post=9517"},{"taxonomy":"product_tag","embeddable":true,"href":"https:\/\/editura-unibuc.ro\/en\/wp-json\/wp\/v2\/product_tag?post=9517"}],"curies":[{"name":"wp","href":"https:\/\/api.w.org\/{rel}","templated":true}]}}