{"id":9521,"date":"2013-04-16T09:43:27","date_gmt":"2013-04-16T07:43:27","guid":{"rendered":"https:\/\/editura-unibuc.ro\/?p=9521"},"modified":"2025-08-07T10:48:54","modified_gmt":"2025-08-07T07:48:54","slug":"revista-cercurilor-studentesti-ale-departamentului-de-limba-si-literatura-franceza","status":"publish","type":"product","link":"https:\/\/editura-unibuc.ro\/en\/revista-cercurilor-studentesti-ale-departamentului-de-limba-si-literatura-franceza\/","title":{"rendered":"STUDENT CLUBS&#8217; REVIEW OF THE FRENCH LANGUAGE AND LITERATURE DEPARTMENT"},"content":{"rendered":"<p>Cuprins: Alexandra Ilina: L\u2019image persuasive et l\u2019image s\u00e9ductrice; Alexandru Berc\u0103: Trahison et vengeance dans La Chanson du Roland et Nibelungenlied; Mara Cernat: Perceval \u2013 alegoria lui Iisus \u00een Le Haut Livre du Graal (Perlesvaus); Laura Stan: Yvain vs La Chanson du Roland: Les combats chavaleresques; Adelina Vladislav: Les d\u00e9guisements du Tristan; Mioara Stroe: La Religieuse \u2013 farce, histoire eccl\u00e9siastique et vision anticlerical\u00e9; Andreea Apostu: En la for\u00eat de Longue Attente&#8230; ou six promenades dans les bois des Nabis et d\u2019ailleurs; Larisa Botnari: le rapport cr\u00e9ateur-\u0153uvre dans le roman \u00c0 la recherche du temps perdu de Marcel Proust; Maria Meca: Absurdul \u0219i sinuciderea; Silvia Prafan: \u00catre et Para\u00eetre dans Huis clos de Jean-Paul Sartre ; Ancu\u021ba Mortu: Des scarab\u00e9es; Virgil \u021a\u00e2ru: Am\u00e9lie vs. Am\u00e9lie. La polarisation du moi nothombien; Laura Dumitrescu: Doctor mirabilis, caelestis et diabilis.<\/p>\n","protected":false},"excerpt":{"rendered":"<p>Cuprins: Alexandra Ilina: L\u2019image persuasive et l\u2019image s\u00e9ductrice; Alexandru Berc\u0103: Trahison et vengeance dans La Chanson du Roland et Nibelungenlied; Mara Cernat: Perceval \u2013 alegoria lui Iisus \u00een Le Haut Livre du Graal (Perlesvaus); Laura Stan: Yvain vs La Chanson du Roland: Les combats chavaleresques; Adelina Vladislav: Les d\u00e9guisements du Tristan; Mioara Stroe: La Religieuse [&hellip;]<\/p>\n","protected":false},"featured_media":9522,"comment_status":"open","ping_status":"closed","template":"","meta":[],"product_brand":[],"product_cat":[3944,1464,977,1469,1893],"product_tag":[877,1042],"class_list":{"0":"post-9521","1":"product","2":"type-product","3":"status-publish","4":"has-post-thumbnail","6":"product_cat-revista-cercurilor-studentesti-limba-si-literatura-franceza","7":"product_cat-filologie","8":"product_cat-limba-franceza","9":"product_cat-periodice","10":"product_cat-reviste-academice","11":"product_tag-franceza","12":"product_tag-revista","14":"first","15":"outofstock","16":"purchasable","17":"product-type-simple"},"_links":{"self":[{"href":"https:\/\/editura-unibuc.ro\/en\/wp-json\/wp\/v2\/product\/9521","targetHints":{"allow":["GET"]}}],"collection":[{"href":"https:\/\/editura-unibuc.ro\/en\/wp-json\/wp\/v2\/product"}],"about":[{"href":"https:\/\/editura-unibuc.ro\/en\/wp-json\/wp\/v2\/types\/product"}],"replies":[{"embeddable":true,"href":"https:\/\/editura-unibuc.ro\/en\/wp-json\/wp\/v2\/comments?post=9521"}],"wp:featuredmedia":[{"embeddable":true,"href":"https:\/\/editura-unibuc.ro\/en\/wp-json\/wp\/v2\/media\/9522"}],"wp:attachment":[{"href":"https:\/\/editura-unibuc.ro\/en\/wp-json\/wp\/v2\/media?parent=9521"}],"wp:term":[{"taxonomy":"product_brand","embeddable":true,"href":"https:\/\/editura-unibuc.ro\/en\/wp-json\/wp\/v2\/product_brand?post=9521"},{"taxonomy":"product_cat","embeddable":true,"href":"https:\/\/editura-unibuc.ro\/en\/wp-json\/wp\/v2\/product_cat?post=9521"},{"taxonomy":"product_tag","embeddable":true,"href":"https:\/\/editura-unibuc.ro\/en\/wp-json\/wp\/v2\/product_tag?post=9521"}],"curies":[{"name":"wp","href":"https:\/\/api.w.org\/{rel}","templated":true}]}}