{"id":9531,"date":"2013-04-16T09:58:53","date_gmt":"2013-04-16T07:58:53","guid":{"rendered":"https:\/\/editura-unibuc.ro\/?p=9531"},"modified":"2015-03-13T15:04:19","modified_gmt":"2015-03-13T13:04:19","slug":"media-discourses-about-crisis","status":"publish","type":"product","link":"https:\/\/editura-unibuc.ro\/en\/media-discourses-about-crisis\/","title":{"rendered":"MEDIA DISCOURSES ABOUT CRISIS"},"content":{"rendered":"<p>Contents: H. Denis Wu, Dino P. Christenson \u2013 Comparing Chinese and U.S. Media Coverage of the Global Recession: Linking the Economy, News and Public Expectation; Rosario de Mateo, Laura Berg\u00e9s \u2013 Media and Journalism Inside the Systemic Crisis; Peter A. Thompson \u2013 Communication and Financial Crisis: Reflexivity and Representation; Max Rose \u2013 The Frames of Poverty: Crisis and the Framing of an Issue in the United States, 1960-2008; Bianca Marina Mitu \u2013 Media, Crisis and Economic Change; Chris Skinner \u2013 South Durban Basin \u2013 A Classic Socio-Economic and Environmental Hotspot; Rodrigo Araya, Flavia Berger, Sofia Sagus\u00e9 and Elemental \u2013 Open Controversy Management; Silvia Branea \u2013 The Globalization of Anxiety; Youngkee Ju \u2013 The Patriotism Reflected in New York Times Framing of People in 9\/11; Rikke Bjerg Jensen \u2013 Perceptions of War: Afghanistan, Military, Influence; Irena Dumitru, Valentin Nicula \u2013 The Paradox of Communicating Intelligence: Secret versus Transparency in the Security Culture; Bak\u00f3 Roz\u00e1lia Kl\u00e1ra \u2013 Crisis Communication Online: Principles and Practices; Valentina Marinescu \u2013 Reconstruction of a Post-Crisis Event in Romanian Media; Notes on authors.<\/p>\n","protected":false},"excerpt":{"rendered":"<p>Contents: H. Denis Wu, Dino P. Christenson \u2013 Comparing Chinese and U.S. Media Coverage of the Global Recession: Linking the Economy, News and Public Expectation; Rosario de Mateo, Laura Berg\u00e9s \u2013 Media and Journalism Inside the Systemic Crisis; Peter A. Thompson \u2013 Communication and Financial Crisis: Reflexivity and Representation; Max Rose \u2013 The Frames of [&hellip;]<\/p>\n","protected":false},"featured_media":9532,"comment_status":"open","ping_status":"closed","template":"","meta":[],"product_brand":[],"product_cat":[1464,976],"product_tag":[926,1215],"class_list":{"0":"post-9531","1":"product","2":"type-product","3":"status-publish","4":"has-post-thumbnail","6":"product_cat-filologie","7":"product_cat-limba-engleza","8":"product_tag-engleza","9":"product_tag-media","11":"first","12":"instock","13":"shipping-taxable","14":"purchasable","15":"product-type-simple"},"_links":{"self":[{"href":"https:\/\/editura-unibuc.ro\/en\/wp-json\/wp\/v2\/product\/9531","targetHints":{"allow":["GET"]}}],"collection":[{"href":"https:\/\/editura-unibuc.ro\/en\/wp-json\/wp\/v2\/product"}],"about":[{"href":"https:\/\/editura-unibuc.ro\/en\/wp-json\/wp\/v2\/types\/product"}],"replies":[{"embeddable":true,"href":"https:\/\/editura-unibuc.ro\/en\/wp-json\/wp\/v2\/comments?post=9531"}],"wp:featuredmedia":[{"embeddable":true,"href":"https:\/\/editura-unibuc.ro\/en\/wp-json\/wp\/v2\/media\/9532"}],"wp:attachment":[{"href":"https:\/\/editura-unibuc.ro\/en\/wp-json\/wp\/v2\/media?parent=9531"}],"wp:term":[{"taxonomy":"product_brand","embeddable":true,"href":"https:\/\/editura-unibuc.ro\/en\/wp-json\/wp\/v2\/product_brand?post=9531"},{"taxonomy":"product_cat","embeddable":true,"href":"https:\/\/editura-unibuc.ro\/en\/wp-json\/wp\/v2\/product_cat?post=9531"},{"taxonomy":"product_tag","embeddable":true,"href":"https:\/\/editura-unibuc.ro\/en\/wp-json\/wp\/v2\/product_tag?post=9531"}],"curies":[{"name":"wp","href":"https:\/\/api.w.org\/{rel}","templated":true}]}}