{"id":9534,"date":"2013-04-16T13:38:20","date_gmt":"2013-04-16T11:38:20","guid":{"rendered":"https:\/\/editura-unibuc.ro\/?p=9534"},"modified":"2024-04-10T08:45:27","modified_gmt":"2024-04-10T05:45:27","slug":"studii-de-biblioteconomie-si-stiinta-informarii-nr-162012","status":"publish","type":"product","link":"https:\/\/editura-unibuc.ro\/en\/studii-de-biblioteconomie-si-stiinta-informarii-nr-162012\/","title":{"rendered":"STUDIES OF BIBLIOTECHONOMY AND INFORMATION SCIENCE, Nr.16\/2012"},"content":{"rendered":"<p>Cuprins: Aspecte privind managementul de bibliotec\u0103: Ionel Enache \u2013 Sisteme de management al bibliotecilor; Arja M\u00e4ntykangas \u2013 Func\u021bia de director de bibliotec\u0103 \u00een societatea informa\u021bional\u0103: dezvoltare pe aceast\u0103 tem\u0103; Octavia-Luciana Madge \u2013 Cadru pentru crearea unei culturi a \u00eenv\u0103\u021b\u0103rii \u0219i a partaj\u0103rii cunoa\u0219terii \u00een biblioteci \u0219i servicii de informare; \u00cenv\u0103\u021b\u0103m\u00e2nt biblioteconomci la distan\u021b\u0103. Cultura informa\u021biei: Silvia Tomescu \u2013 \u00cenv\u0103\u021b\u0103m\u00e2ntul biblioteconomic rom\u00e2nesc la distan\u021b\u0103. Contextul actual \u0219i posibile solu\u021bii; Agnes Erich, Cristina Popescu \u2013 Cultura informa\u021biei \u2013 o nou\u0103 abordare \u00een sprijinul dezvolt\u0103rii abilit\u0103\u021bilor didactice; Documente de arhiv\u0103: Adina Berciu-Dr\u0103ghicescu \u2013 Chiliiile rom\u00e2ne\u0219ti de la Muntele Athos \u00een secolele XIX-XXI. Documente de arhiv\u0103; Rezumatele articolelor \u00een limba francez\u0103.<\/p>\n","protected":false},"excerpt":{"rendered":"<p>Cuprins: Aspecte privind managementul de bibliotec\u0103: Ionel Enache \u2013 Sisteme de management al bibliotecilor; Arja M\u00e4ntykangas \u2013 Func\u021bia de director de bibliotec\u0103 \u00een societatea informa\u021bional\u0103: dezvoltare pe aceast\u0103 tem\u0103; Octavia-Luciana Madge \u2013 Cadru pentru crearea unei culturi a \u00eenv\u0103\u021b\u0103rii \u0219i a partaj\u0103rii cunoa\u0219terii \u00een biblioteci \u0219i servicii de informare; \u00cenv\u0103\u021b\u0103m\u00e2nt biblioteconomci la distan\u021b\u0103. Cultura informa\u021biei: [&hellip;]<\/p>\n","protected":false},"featured_media":9535,"comment_status":"open","ping_status":"closed","template":"","meta":[],"product_brand":[],"product_cat":[1464,979],"product_tag":[1142,1290],"class_list":{"0":"post-9534","1":"product","2":"type-product","3":"status-publish","4":"has-post-thumbnail","6":"product_cat-filologie","7":"product_cat-limba-romana","8":"product_tag-biblioteconomie","9":"product_tag-informare","11":"first","12":"outofstock","13":"shipping-taxable","14":"purchasable","15":"product-type-simple"},"_links":{"self":[{"href":"https:\/\/editura-unibuc.ro\/en\/wp-json\/wp\/v2\/product\/9534","targetHints":{"allow":["GET"]}}],"collection":[{"href":"https:\/\/editura-unibuc.ro\/en\/wp-json\/wp\/v2\/product"}],"about":[{"href":"https:\/\/editura-unibuc.ro\/en\/wp-json\/wp\/v2\/types\/product"}],"replies":[{"embeddable":true,"href":"https:\/\/editura-unibuc.ro\/en\/wp-json\/wp\/v2\/comments?post=9534"}],"wp:featuredmedia":[{"embeddable":true,"href":"https:\/\/editura-unibuc.ro\/en\/wp-json\/wp\/v2\/media\/9535"}],"wp:attachment":[{"href":"https:\/\/editura-unibuc.ro\/en\/wp-json\/wp\/v2\/media?parent=9534"}],"wp:term":[{"taxonomy":"product_brand","embeddable":true,"href":"https:\/\/editura-unibuc.ro\/en\/wp-json\/wp\/v2\/product_brand?post=9534"},{"taxonomy":"product_cat","embeddable":true,"href":"https:\/\/editura-unibuc.ro\/en\/wp-json\/wp\/v2\/product_cat?post=9534"},{"taxonomy":"product_tag","embeddable":true,"href":"https:\/\/editura-unibuc.ro\/en\/wp-json\/wp\/v2\/product_tag?post=9534"}],"curies":[{"name":"wp","href":"https:\/\/api.w.org\/{rel}","templated":true}]}}