{"id":956,"date":"2012-08-30T12:04:17","date_gmt":"2012-08-30T09:04:17","guid":{"rendered":"https:\/\/editura-unibuc.ro\/?p=956"},"modified":"2020-03-06T12:49:11","modified_gmt":"2020-03-06T10:49:11","slug":"metafizica-si-stiinta-volum-dedicat-profesorului-ilie-parvu","status":"publish","type":"product","link":"https:\/\/editura-unibuc.ro\/en\/metafizica-si-stiinta-volum-dedicat-profesorului-ilie-parvu\/","title":{"rendered":"METAPHYSICS AND SCIENCE. Dedicated to professor Ilie P\u00e2rvu"},"content":{"rendered":"<p>\u201cNu pu\u021bini dintre cei care cultiv\u0103 ast\u0103zi \u00een mod profesional zone specializate ale cercet\u0103rii filosofice p\u0103\u0219esc pe c\u0103i pe care Ilie P\u00e2rvu s-a \u00eencumetat s\u0103 le exploreze, mult timp f\u0103r\u0103 sprijin \u0219i \u00eencurajare. Cei ce cunosc mai bine vicisitudinile care au marcat regimul vie\u021bii filosofice rom\u00e2ne\u0219ti \u00een ultimele decenii vor putea aprecia mai bine aceast\u0103 contribu\u021bie, unic\u0103 \u00een felul ei, \u0219i \u00eei vor acorda recunoa\u0219terea pe care o merit\u0103\u201d. (Editorii)<\/p>\n<p>\u201cLectura studiilor propuse pentru acest volum de colegii \u0219i pritenii mei m-a bucurat \u00een mod deosebit. Nu cred c\u0103 exist\u0103 un mai bun omagiu dec\u00e2t modul \u00een care aceste studii au examinat critic sau, uneori, au extins, au aplicat la alte domenii ale filosofiei unele dintre ideile \u0219i perspectivele prezente \u00een lucr\u0103rile mele.\u201d Ilie P\u00e2rvu<\/p>\n","protected":false},"excerpt":{"rendered":"<p>\u201cNu pu\u021bini dintre cei care cultiv\u0103 ast\u0103zi \u00een mod profesional zone specializate ale cercet\u0103rii filosofice p\u0103\u0219esc pe c\u0103i pe care Ilie P\u00e2rvu s-a \u00eencumetat s\u0103 le exploreze, mult timp f\u0103r\u0103 sprijin \u0219i \u00eencurajare. Cei ce cunosc mai bine vicisitudinile care au marcat regimul vie\u021bii filosofice rom\u00e2ne\u0219ti \u00een ultimele decenii vor putea aprecia mai bine aceast\u0103 [&hellip;]<\/p>\n","protected":false},"featured_media":10541,"comment_status":"open","ping_status":"closed","template":"","meta":[],"product_brand":[],"product_cat":[1531,2509,991,994],"product_tag":[921,960,961],"class_list":{"0":"post-956","1":"product","2":"type-product","3":"status-publish","4":"has-post-thumbnail","6":"product_cat-colectii","7":"product_cat-personalitati-ale-universitatii-din-bucuresti","8":"product_cat-stiinte-sociale","9":"product_cat-filosofie","10":"product_tag-filosofie","11":"product_tag-metafizica","12":"product_tag-stiinta","14":"first","15":"instock","16":"shipping-taxable","17":"purchasable","18":"product-type-simple"},"_links":{"self":[{"href":"https:\/\/editura-unibuc.ro\/en\/wp-json\/wp\/v2\/product\/956","targetHints":{"allow":["GET"]}}],"collection":[{"href":"https:\/\/editura-unibuc.ro\/en\/wp-json\/wp\/v2\/product"}],"about":[{"href":"https:\/\/editura-unibuc.ro\/en\/wp-json\/wp\/v2\/types\/product"}],"replies":[{"embeddable":true,"href":"https:\/\/editura-unibuc.ro\/en\/wp-json\/wp\/v2\/comments?post=956"}],"wp:featuredmedia":[{"embeddable":true,"href":"https:\/\/editura-unibuc.ro\/en\/wp-json\/wp\/v2\/media\/10541"}],"wp:attachment":[{"href":"https:\/\/editura-unibuc.ro\/en\/wp-json\/wp\/v2\/media?parent=956"}],"wp:term":[{"taxonomy":"product_brand","embeddable":true,"href":"https:\/\/editura-unibuc.ro\/en\/wp-json\/wp\/v2\/product_brand?post=956"},{"taxonomy":"product_cat","embeddable":true,"href":"https:\/\/editura-unibuc.ro\/en\/wp-json\/wp\/v2\/product_cat?post=956"},{"taxonomy":"product_tag","embeddable":true,"href":"https:\/\/editura-unibuc.ro\/en\/wp-json\/wp\/v2\/product_tag?post=956"}],"curies":[{"name":"wp","href":"https:\/\/api.w.org\/{rel}","templated":true}]}}