{"id":9562,"date":"2013-04-18T12:39:19","date_gmt":"2013-04-18T10:39:19","guid":{"rendered":"https:\/\/editura-unibuc.ro\/?p=9562"},"modified":"2015-03-13T15:03:16","modified_gmt":"2015-03-13T13:03:16","slug":"website-ul-corporatist-instrument-de-promovare-a-culturii-organizationale","status":"publish","type":"product","link":"https:\/\/editura-unibuc.ro\/en\/website-ul-corporatist-instrument-de-promovare-a-culturii-organizationale\/","title":{"rendered":"CORPORATE WEBSITE &#8211; ORGANIZATIONAL CULTURE PROMOTION INSTRUMENT"},"content":{"rendered":"<p>Studiul reliefeaz\u0103 modul \u00een care sunt oglindite pe website-urile corporatiste selec\u021bionate, elementele culturii organiza\u021bionale \u0219i importan\u021ba acordat\u0103 acesteia de c\u0103tre cei care au comandat realizarea website-ului. Studiul se constituie \u00eentr-un punct de plecare pentru analize ulterioare de aprofundare a acestei tematici dar deschide \u0219i perspective pentru noi direc\u021bii de cercetare \u00een care s\u0103 fie abordate organiza\u021bii fie c\u0103 apar\u021bin sectoarelor pentru profit \u0219i de stat sau sectorului nonprofit.<\/p>\n","protected":false},"excerpt":{"rendered":"<p>Studiul reliefeaz\u0103 modul \u00een care sunt oglindite pe website-urile corporatiste selec\u021bionate, elementele culturii organiza\u021bionale \u0219i importan\u021ba acordat\u0103 acesteia de c\u0103tre cei care au comandat realizarea website-ului. Studiul se constituie \u00eentr-un punct de plecare pentru analize ulterioare de aprofundare a acestei tematici dar deschide \u0219i perspective pentru noi direc\u021bii de cercetare \u00een care s\u0103 fie abordate [&hellip;]<\/p>\n","protected":false},"featured_media":9563,"comment_status":"open","ping_status":"closed","template":"","meta":[],"product_brand":[],"product_cat":[991,998],"product_tag":[1287,1288,1289],"class_list":{"0":"post-9562","1":"product","2":"type-product","3":"status-publish","4":"has-post-thumbnail","6":"product_cat-stiinte-sociale","7":"product_cat-sociologie-si-asistenta-sociala","8":"product_tag-internet","9":"product_tag-organizatii","10":"product_tag-website","12":"first","13":"instock","14":"shipping-taxable","15":"purchasable","16":"product-type-simple"},"_links":{"self":[{"href":"https:\/\/editura-unibuc.ro\/en\/wp-json\/wp\/v2\/product\/9562","targetHints":{"allow":["GET"]}}],"collection":[{"href":"https:\/\/editura-unibuc.ro\/en\/wp-json\/wp\/v2\/product"}],"about":[{"href":"https:\/\/editura-unibuc.ro\/en\/wp-json\/wp\/v2\/types\/product"}],"replies":[{"embeddable":true,"href":"https:\/\/editura-unibuc.ro\/en\/wp-json\/wp\/v2\/comments?post=9562"}],"wp:featuredmedia":[{"embeddable":true,"href":"https:\/\/editura-unibuc.ro\/en\/wp-json\/wp\/v2\/media\/9563"}],"wp:attachment":[{"href":"https:\/\/editura-unibuc.ro\/en\/wp-json\/wp\/v2\/media?parent=9562"}],"wp:term":[{"taxonomy":"product_brand","embeddable":true,"href":"https:\/\/editura-unibuc.ro\/en\/wp-json\/wp\/v2\/product_brand?post=9562"},{"taxonomy":"product_cat","embeddable":true,"href":"https:\/\/editura-unibuc.ro\/en\/wp-json\/wp\/v2\/product_cat?post=9562"},{"taxonomy":"product_tag","embeddable":true,"href":"https:\/\/editura-unibuc.ro\/en\/wp-json\/wp\/v2\/product_tag?post=9562"}],"curies":[{"name":"wp","href":"https:\/\/api.w.org\/{rel}","templated":true}]}}