{"id":9567,"date":"2013-04-18T12:45:14","date_gmt":"2013-04-18T10:45:14","guid":{"rendered":"https:\/\/editura-unibuc.ro\/?p=9567"},"modified":"2022-03-01T10:46:44","modified_gmt":"2022-03-01T08:46:44","slug":"bazele-contabilitatii-editia-a-ii-a-revazuta-si-adaugita","status":"publish","type":"product","link":"https:\/\/editura-unibuc.ro\/en\/bazele-contabilitatii-editia-a-ii-a-revazuta-si-adaugita\/","title":{"rendered":"ACCOUNTING BASICS. 2nd Edition reviewed and enlarged"},"content":{"rendered":"<p>Cursul introductiv de contabilitate, aflat la edi\u021bia a II-a, este structurat \u00een capitole, dup\u0103 cum urmeaz\u0103: I. Contabilitatea \u2013 obiective \u0219i perspective; II. Modele de baz\u0103 privind pozi\u021bia financiar\u0103 \u0219i rezultatul ob\u021binut; III. Contul \u0219i dubla \u00eenregistrare; IV. Documenta\u021bia \u2013 procedeu al metodei contabilit\u0103\u021bii. Documentele de eviden\u021b\u0103; V. Evaluarea ca procedeu al metodei contabilit\u0103\u021bii; VI. Analiza \u0219i func\u021bionarea conturilor; VII. Balan\u021ba de verificare \u2013 procedeu de baz\u0103 al metodei contabilit\u0103\u021bii; VIII. Lucr\u0103rile de \u00eenchidere a exerci\u021biului; Bibliografie selectiv\u0103.<\/p>\n","protected":false},"excerpt":{"rendered":"<p>Cursul introductiv de contabilitate, aflat la edi\u021bia a II-a, este structurat \u00een capitole, dup\u0103 cum urmeaz\u0103: I. Contabilitatea \u2013 obiective \u0219i perspective; II. Modele de baz\u0103 privind pozi\u021bia financiar\u0103 \u0219i rezultatul ob\u021binut; III. Contul \u0219i dubla \u00eenregistrare; IV. Documenta\u021bia \u2013 procedeu al metodei contabilit\u0103\u021bii. Documentele de eviden\u021b\u0103; V. Evaluarea ca procedeu al metodei contabilit\u0103\u021bii; VI. [&hellip;]<\/p>\n","protected":false},"featured_media":9568,"comment_status":"open","ping_status":"closed","template":"","meta":[],"product_brand":[],"product_cat":[991,992],"product_tag":[1286,1066],"class_list":{"0":"post-9567","1":"product","2":"type-product","3":"status-publish","4":"has-post-thumbnail","6":"product_cat-stiinte-sociale","7":"product_cat-administratie-si-afaceri","8":"product_tag-contabilitate","9":"product_tag-economie","11":"first","12":"outofstock","13":"shipping-taxable","14":"purchasable","15":"product-type-simple"},"_links":{"self":[{"href":"https:\/\/editura-unibuc.ro\/en\/wp-json\/wp\/v2\/product\/9567","targetHints":{"allow":["GET"]}}],"collection":[{"href":"https:\/\/editura-unibuc.ro\/en\/wp-json\/wp\/v2\/product"}],"about":[{"href":"https:\/\/editura-unibuc.ro\/en\/wp-json\/wp\/v2\/types\/product"}],"replies":[{"embeddable":true,"href":"https:\/\/editura-unibuc.ro\/en\/wp-json\/wp\/v2\/comments?post=9567"}],"wp:featuredmedia":[{"embeddable":true,"href":"https:\/\/editura-unibuc.ro\/en\/wp-json\/wp\/v2\/media\/9568"}],"wp:attachment":[{"href":"https:\/\/editura-unibuc.ro\/en\/wp-json\/wp\/v2\/media?parent=9567"}],"wp:term":[{"taxonomy":"product_brand","embeddable":true,"href":"https:\/\/editura-unibuc.ro\/en\/wp-json\/wp\/v2\/product_brand?post=9567"},{"taxonomy":"product_cat","embeddable":true,"href":"https:\/\/editura-unibuc.ro\/en\/wp-json\/wp\/v2\/product_cat?post=9567"},{"taxonomy":"product_tag","embeddable":true,"href":"https:\/\/editura-unibuc.ro\/en\/wp-json\/wp\/v2\/product_tag?post=9567"}],"curies":[{"name":"wp","href":"https:\/\/api.w.org\/{rel}","templated":true}]}}