{"id":960,"date":"2012-08-30T12:12:17","date_gmt":"2012-08-30T09:12:17","guid":{"rendered":"https:\/\/editura-unibuc.ro\/?p=960"},"modified":"2023-10-06T09:09:32","modified_gmt":"2023-10-06T06:09:32","slug":"poetica-apocalipsei-razboiul-cultural-in-revistele-literare-romanesti-1944-1947","status":"publish","type":"product","link":"https:\/\/editura-unibuc.ro\/en\/poetica-apocalipsei-razboiul-cultural-in-revistele-literare-romanesti-1944-1947\/","title":{"rendered":"LYRICS OF APOCALYPSE. The Cultural Battle in Romanian Literary Magazines (1944-1947)"},"content":{"rendered":"<p>Pentru a oferi o imagine c\u00eet mai cuprinz\u0103toare a spectaculoaselor schimb\u0103ri petrecute \u00een intervalul 23 august 1944 \u2013 30 decembrie 1947 \u00een spa\u021biul literaturii, Delia Ungureanu a investigat cu seriozitate \u0219i cu extraordinar\u0103 acribie \u0219tiin\u021bific\u0103 arhivele literare \u0219i istorice ale epocii, citind \u00een paralel documentele istorice, presa cotidian\u0103 procomunist\u0103 \u0219i colec\u021biile a patru reviste literare cu un impact deosebit \u00een istoria literaturii rom\u00e2ne: Revista Funda\u021biilor Regale, Orizont, Revista literar\u0103 \u0219i Revista cercului literar de la Sibiu. Perspectiva la care apeleaz\u0103 Delia Ungureanu este una interdisciplinar\u0103, articulat\u0103 la intersec\u021bia istoriei literare cu sociologia literaturii, istoria, literatura comparat\u0103 \u0219i last but not least, teoria literaturii. Cu o rigoare conceptual\u0103 incontestabil\u0103, \u00een care spiritul de geometrie \u0219i spiritul de fine\u021be coexist\u0103 exemplar, autoarea construie\u0219te pas cu pas o imagine pe c\u00e2t de complex\u0103, pe at\u00e2t de conving\u0103toare a uneia dintre cele mai confuze perioade din istoria literaturii rom\u00e2ne. Argumentat\u0103 \u0219i conving\u0103toare, cercetarea Deliei Ungureanu este unul dintre cele mai bune studii rom\u00e2ne\u0219ti pe care le-am citit \u00een ultima vreme, av\u00e2nd la baz\u0103 o foarte serioas\u0103 munc\u0103 de documentare \u00een arhive. (Carmen Mu\u0219at)<\/p>\n","protected":false},"excerpt":{"rendered":"<p>Pentru a oferi o imagine c\u00eet mai cuprinz\u0103toare a spectaculoaselor schimb\u0103ri petrecute \u00een intervalul 23 august 1944 \u2013 30 decembrie 1947 \u00een spa\u021biul literaturii, Delia Ungureanu a investigat cu seriozitate \u0219i cu extraordinar\u0103 acribie \u0219tiin\u021bific\u0103 arhivele literare \u0219i istorice ale epocii, citind \u00een paralel documentele istorice, presa cotidian\u0103 procomunist\u0103 \u0219i colec\u021biile a patru reviste literare [&hellip;]<\/p>\n","protected":false},"featured_media":10538,"comment_status":"open","ping_status":"closed","template":"","meta":[],"product_brand":[],"product_cat":[1464,979],"product_tag":[920,919,925],"class_list":{"0":"post-960","1":"product","2":"type-product","3":"status-publish","4":"has-post-thumbnail","6":"product_cat-filologie","7":"product_cat-limba-romana","8":"product_tag-cultura","9":"product_tag-literatura","10":"product_tag-romana","12":"first","13":"outofstock","14":"shipping-taxable","15":"purchasable","16":"product-type-simple"},"_links":{"self":[{"href":"https:\/\/editura-unibuc.ro\/en\/wp-json\/wp\/v2\/product\/960","targetHints":{"allow":["GET"]}}],"collection":[{"href":"https:\/\/editura-unibuc.ro\/en\/wp-json\/wp\/v2\/product"}],"about":[{"href":"https:\/\/editura-unibuc.ro\/en\/wp-json\/wp\/v2\/types\/product"}],"replies":[{"embeddable":true,"href":"https:\/\/editura-unibuc.ro\/en\/wp-json\/wp\/v2\/comments?post=960"}],"wp:featuredmedia":[{"embeddable":true,"href":"https:\/\/editura-unibuc.ro\/en\/wp-json\/wp\/v2\/media\/10538"}],"wp:attachment":[{"href":"https:\/\/editura-unibuc.ro\/en\/wp-json\/wp\/v2\/media?parent=960"}],"wp:term":[{"taxonomy":"product_brand","embeddable":true,"href":"https:\/\/editura-unibuc.ro\/en\/wp-json\/wp\/v2\/product_brand?post=960"},{"taxonomy":"product_cat","embeddable":true,"href":"https:\/\/editura-unibuc.ro\/en\/wp-json\/wp\/v2\/product_cat?post=960"},{"taxonomy":"product_tag","embeddable":true,"href":"https:\/\/editura-unibuc.ro\/en\/wp-json\/wp\/v2\/product_tag?post=960"}],"curies":[{"name":"wp","href":"https:\/\/api.w.org\/{rel}","templated":true}]}}