{"id":965,"date":"2012-08-30T12:20:09","date_gmt":"2012-08-30T09:20:09","guid":{"rendered":"https:\/\/editura-unibuc.ro\/?p=965"},"modified":"2016-06-17T10:29:51","modified_gmt":"2016-06-17T07:29:51","slug":"ingenium-ars-talent-si-mestesug-studia-honorem-marianae-baluta-skultety","status":"publish","type":"product","link":"https:\/\/editura-unibuc.ro\/en\/ingenium-ars-talent-si-mestesug-studia-honorem-marianae-baluta-skultety\/","title":{"rendered":"INGENIUM ET ARS. Gifts and crafts. Studia in honorem Marianae B\u0103lu\u021b\u0103-Skult\u00e9ty"},"content":{"rendered":"<p>Volumul Ingenium et ars. Talent \u0219i me\u0219te\u0219ug. Studia in honorem Marianae B\u0103lu\u021b\u0103-Skult\u00e9ty se \u00eenscrie \u00een prestigioasa serie de publica\u021bii ap\u0103rute sub egida Institutului de Studii Clasice al Facult\u0103\u021bii de Limbi \u0219i Literaturi Str\u0103ine din Universitatea Bucure\u0219ti, \u00een colec\u021bia Limbi, culturi, identit\u0103\u021bi. \u00cen cuprinsul volumului se reg\u0103sesc studii \u0219i articole ale unor autori precum Alexander Baumgarten, Florica Bechet sau Ana-Cristina Halichias, acestea trat\u00e2nd subiecte variate cantonate \u00een aria limbilor clasice, a antichit\u0103\u021bii sau Evului Mediu.<\/p>\n","protected":false},"excerpt":{"rendered":"<p>Volumul Ingenium et ars. Talent \u0219i me\u0219te\u0219ug. Studia in honorem Marianae B\u0103lu\u021b\u0103-Skult\u00e9ty se \u00eenscrie \u00een prestigioasa serie de publica\u021bii ap\u0103rute sub egida Institutului de Studii Clasice al Facult\u0103\u021bii de Limbi \u0219i Literaturi Str\u0103ine din Universitatea Bucure\u0219ti, \u00een colec\u021bia Limbi, culturi, identit\u0103\u021bi. \u00cen cuprinsul volumului se reg\u0103sesc studii \u0219i articole ale unor autori precum Alexander Baumgarten, [&hellip;]<\/p>\n","protected":false},"featured_media":10535,"comment_status":"open","ping_status":"closed","template":"","meta":[],"product_brand":[],"product_cat":[1531,856,1464,980],"product_tag":[942,923],"class_list":{"0":"post-965","1":"product","2":"type-product","3":"status-publish","4":"has-post-thumbnail","6":"product_cat-colectii","7":"product_cat-colectia-lci-limbi-culturi-identitati","8":"product_cat-filologie","9":"product_cat-limbi-romanice-clasice-si-orientale","10":"product_tag-antichitate","11":"product_tag-clasice","13":"first","14":"instock","15":"shipping-taxable","16":"purchasable","17":"product-type-simple"},"_links":{"self":[{"href":"https:\/\/editura-unibuc.ro\/en\/wp-json\/wp\/v2\/product\/965","targetHints":{"allow":["GET"]}}],"collection":[{"href":"https:\/\/editura-unibuc.ro\/en\/wp-json\/wp\/v2\/product"}],"about":[{"href":"https:\/\/editura-unibuc.ro\/en\/wp-json\/wp\/v2\/types\/product"}],"replies":[{"embeddable":true,"href":"https:\/\/editura-unibuc.ro\/en\/wp-json\/wp\/v2\/comments?post=965"}],"wp:featuredmedia":[{"embeddable":true,"href":"https:\/\/editura-unibuc.ro\/en\/wp-json\/wp\/v2\/media\/10535"}],"wp:attachment":[{"href":"https:\/\/editura-unibuc.ro\/en\/wp-json\/wp\/v2\/media?parent=965"}],"wp:term":[{"taxonomy":"product_brand","embeddable":true,"href":"https:\/\/editura-unibuc.ro\/en\/wp-json\/wp\/v2\/product_brand?post=965"},{"taxonomy":"product_cat","embeddable":true,"href":"https:\/\/editura-unibuc.ro\/en\/wp-json\/wp\/v2\/product_cat?post=965"},{"taxonomy":"product_tag","embeddable":true,"href":"https:\/\/editura-unibuc.ro\/en\/wp-json\/wp\/v2\/product_tag?post=965"}],"curies":[{"name":"wp","href":"https:\/\/api.w.org\/{rel}","templated":true}]}}