{"id":9687,"date":"2013-05-09T13:15:21","date_gmt":"2013-05-09T11:15:21","guid":{"rendered":"https:\/\/editura-unibuc.ro\/?p=9687"},"modified":"2015-03-13T15:02:22","modified_gmt":"2015-03-13T13:02:22","slug":"formarea-profesorului-de-limbi-straine-din-invatamantul-prescolar-si-primar-din-romania-schimbari-de-paradigma-in-contextul-profesionalizarii","status":"publish","type":"product","link":"https:\/\/editura-unibuc.ro\/en\/formarea-profesorului-de-limbi-straine-din-invatamantul-prescolar-si-primar-din-romania-schimbari-de-paradigma-in-contextul-profesionalizarii\/","title":{"rendered":"KINDERGARTEN AND PRIMARY SCHOOL FOREIGN LANGUAGES TEACHER FORMATION IN ROMANIA &#8211; paradigm shifts in professional development context"},"content":{"rendered":"<p>Aceast\u0103 lucrare se adreseaz\u0103, \u00een propor\u021bie egal\u0103, formatorilor \u0219i celor care se preg\u0103tesc pentru a \u00eembr\u0103\u021bi\u0219a o carier\u0103 didactic\u0103 \u00een domeniul, at\u00e2t de solicitant \u0219i dificil, al limbilor str\u0103ine, \u00eendemn\u00e2nd la investigarea reflectiv\u0103 a propriilor practici, dar \u0219i la o analiz\u0103 minu\u021bioas\u0103 a experien\u021belor derulate \u00een alte \u021b\u0103ri. (Introducere)<\/p>\n","protected":false},"excerpt":{"rendered":"<p>Aceast\u0103 lucrare se adreseaz\u0103, \u00een propor\u021bie egal\u0103, formatorilor \u0219i celor care se preg\u0103tesc pentru a \u00eembr\u0103\u021bi\u0219a o carier\u0103 didactic\u0103 \u00een domeniul, at\u00e2t de solicitant \u0219i dificil, al limbilor str\u0103ine, \u00eendemn\u00e2nd la investigarea reflectiv\u0103 a propriilor practici, dar \u0219i la o analiz\u0103 minu\u021bioas\u0103 a experien\u021belor derulate \u00een alte \u021b\u0103ri. (Introducere)<\/p>\n","protected":false},"featured_media":9688,"comment_status":"open","ping_status":"closed","template":"","meta":[],"product_brand":[],"product_cat":[991,997],"product_tag":[1285,1059,1111],"class_list":{"0":"post-9687","1":"product","2":"type-product","3":"status-publish","4":"has-post-thumbnail","6":"product_cat-stiinte-sociale","7":"product_cat-psihologie-stiintele-educatiei-si-pedagogie","8":"product_tag-formare","9":"product_tag-limbi-straine","10":"product_tag-psihologie","12":"first","13":"instock","14":"shipping-taxable","15":"purchasable","16":"product-type-simple"},"_links":{"self":[{"href":"https:\/\/editura-unibuc.ro\/en\/wp-json\/wp\/v2\/product\/9687","targetHints":{"allow":["GET"]}}],"collection":[{"href":"https:\/\/editura-unibuc.ro\/en\/wp-json\/wp\/v2\/product"}],"about":[{"href":"https:\/\/editura-unibuc.ro\/en\/wp-json\/wp\/v2\/types\/product"}],"replies":[{"embeddable":true,"href":"https:\/\/editura-unibuc.ro\/en\/wp-json\/wp\/v2\/comments?post=9687"}],"wp:featuredmedia":[{"embeddable":true,"href":"https:\/\/editura-unibuc.ro\/en\/wp-json\/wp\/v2\/media\/9688"}],"wp:attachment":[{"href":"https:\/\/editura-unibuc.ro\/en\/wp-json\/wp\/v2\/media?parent=9687"}],"wp:term":[{"taxonomy":"product_brand","embeddable":true,"href":"https:\/\/editura-unibuc.ro\/en\/wp-json\/wp\/v2\/product_brand?post=9687"},{"taxonomy":"product_cat","embeddable":true,"href":"https:\/\/editura-unibuc.ro\/en\/wp-json\/wp\/v2\/product_cat?post=9687"},{"taxonomy":"product_tag","embeddable":true,"href":"https:\/\/editura-unibuc.ro\/en\/wp-json\/wp\/v2\/product_tag?post=9687"}],"curies":[{"name":"wp","href":"https:\/\/api.w.org\/{rel}","templated":true}]}}