{"id":9697,"date":"2013-05-09T13:37:34","date_gmt":"2013-05-09T11:37:34","guid":{"rendered":"https:\/\/editura-unibuc.ro\/?p=9697"},"modified":"2015-03-13T15:01:05","modified_gmt":"2015-03-13T13:01:05","slug":"etudes-sur-le-xviiie-siecle-iii","status":"publish","type":"product","link":"https:\/\/editura-unibuc.ro\/en\/etudes-sur-le-xviiie-siecle-iii\/","title":{"rendered":"STUDIES ON THE XVIIIth CENTURY III"},"content":{"rendered":"<p>Table des mati\u00e8res\/Cuprins: Ren\u00e1ta Bojni\u010danov\u00e1, Motivos espa\u00f1oles en la obra An\u00e9cdotas y dichos alegres&#8230; del escritor eslovaco Jozef Ign\u00e1c Bajza. Una primera aproximac\u00edon; Beatriz G\u00f3mez Pablos, El habla palaciega y cortesana en el siglo XVIII ; Mihaela Irimia, Of English Pride in Classic Modernity: The Colonial Route of the Gold Coin ; Drago\u0219-Alexandru Ivana, Sentimental Quixotism vs. Mandevillian Economics in Sarah Fielding\u2019s The Adventures of David Simple and Volume the Last; Ileana Mih\u0103il\u0103, Trahison ou traitrise? L\u2019assasinat du prince moldave Gr\u00e9goire III Ghica en 1777 et ses reflets litt\u00e9raires; Radana \u0160trb\u00e1kov\u00e1, El l\u00e9xico referido a la indumentaria infantil en el DIARIO DE MADRID (1788-1800); Andreea Vl\u0103descu, Fiches pour une typologie du personnage f\u00e9minin au XVIIIe si\u00e8cle: picara, s\u00e9ductrice et libertine.<\/p>","protected":false},"excerpt":{"rendered":"<p>Table des mati\u00e8res\/Cuprins: Ren\u00e1ta Bojni\u010danov\u00e1, Motivos espa\u00f1oles en la obra An\u00e9cdotas y dichos alegres&#8230; del escritor eslovaco Jozef Ign\u00e1c Bajza. Una primera aproximac\u00edon; Beatriz G\u00f3mez Pablos, El habla palaciega y cortesana en el siglo XVIII ; Mihaela Irimia, Of English Pride in Classic Modernity: The Colonial Route of the Gold Coin ; Drago\u0219-Alexandru Ivana, Sentimental [&hellip;]<\/p>\n","protected":false},"featured_media":9698,"comment_status":"open","ping_status":"closed","template":"","meta":[],"product_brand":[],"product_cat":[1464,977],"product_tag":[877,1283],"class_list":{"0":"post-9697","1":"product","2":"type-product","3":"status-publish","4":"has-post-thumbnail","6":"product_cat-filologie","7":"product_cat-limba-franceza","8":"product_tag-franceza","9":"product_tag-studii-culturale","11":"first","12":"instock","13":"shipping-taxable","14":"purchasable","15":"product-type-simple"},"_links":{"self":[{"href":"https:\/\/editura-unibuc.ro\/en\/wp-json\/wp\/v2\/product\/9697","targetHints":{"allow":["GET"]}}],"collection":[{"href":"https:\/\/editura-unibuc.ro\/en\/wp-json\/wp\/v2\/product"}],"about":[{"href":"https:\/\/editura-unibuc.ro\/en\/wp-json\/wp\/v2\/types\/product"}],"replies":[{"embeddable":true,"href":"https:\/\/editura-unibuc.ro\/en\/wp-json\/wp\/v2\/comments?post=9697"}],"wp:featuredmedia":[{"embeddable":true,"href":"https:\/\/editura-unibuc.ro\/en\/wp-json\/wp\/v2\/media\/9698"}],"wp:attachment":[{"href":"https:\/\/editura-unibuc.ro\/en\/wp-json\/wp\/v2\/media?parent=9697"}],"wp:term":[{"taxonomy":"product_brand","embeddable":true,"href":"https:\/\/editura-unibuc.ro\/en\/wp-json\/wp\/v2\/product_brand?post=9697"},{"taxonomy":"product_cat","embeddable":true,"href":"https:\/\/editura-unibuc.ro\/en\/wp-json\/wp\/v2\/product_cat?post=9697"},{"taxonomy":"product_tag","embeddable":true,"href":"https:\/\/editura-unibuc.ro\/en\/wp-json\/wp\/v2\/product_tag?post=9697"}],"curies":[{"name":"wp","href":"https:\/\/api.w.org\/{rel}","templated":true}]}}