{"id":9703,"date":"2013-05-09T13:49:43","date_gmt":"2013-05-09T11:49:43","guid":{"rendered":"https:\/\/editura-unibuc.ro\/?p=9703"},"modified":"2015-03-13T15:00:13","modified_gmt":"2015-03-13T13:00:13","slug":"managementul-informatiei-si-al-documentelor","status":"publish","type":"product","link":"https:\/\/editura-unibuc.ro\/en\/managementul-informatiei-si-al-documentelor\/","title":{"rendered":"DOCUMENT AND INFORMATION MANAGEMENT"},"content":{"rendered":"<p>Domeniile de aplicare ale mangementului informa\u021biei \u0219i managementului con\u021binutului sunt diverse: administra\u021bie public\u0103, s\u0103n\u0103tate, \u00eenv\u0103\u021b\u0103m\u00e2nt, biblioteci. \u00cen fapt, principiile de management al informa\u021biei (con\u021binutului) sunt acelea\u0219i indiferent de domeniul de aplicare. Biblioteci de con\u021binut digital sunt reg\u0103site \u00een toate sectoarele unde sunt folosite calculatoare \u0219i unde se opereaz\u0103 cu informa\u021bie digital\u0103. Lucrarea se adreseaz\u0103 cercet\u0103torilor \u00een domeniul managementului informa\u021biei \u0219i managementului con\u021binutului \u00een general, speciali\u0219tilor \u00een domeniu dar \u0219i studen\u021bilor care urmeaz\u0103 s\u0103 \u00ee\u0219i construiasc\u0103 o profesie legat\u0103 de managementul informa\u021biei digitale. (Prefa\u021b\u0103)<\/p>\n","protected":false},"excerpt":{"rendered":"<p>Domeniile de aplicare ale mangementului informa\u021biei \u0219i managementului con\u021binutului sunt diverse: administra\u021bie public\u0103, s\u0103n\u0103tate, \u00eenv\u0103\u021b\u0103m\u00e2nt, biblioteci. \u00cen fapt, principiile de management al informa\u021biei (con\u021binutului) sunt acelea\u0219i indiferent de domeniul de aplicare. Biblioteci de con\u021binut digital sunt reg\u0103site \u00een toate sectoarele unde sunt folosite calculatoare \u0219i unde se opereaz\u0103 cu informa\u021bie digital\u0103. Lucrarea se adreseaz\u0103 cercet\u0103torilor [&hellip;]<\/p>\n","protected":false},"featured_media":9704,"comment_status":"open","ping_status":"closed","template":"","meta":[],"product_brand":[],"product_cat":[1464,979],"product_tag":[1281,1282],"class_list":{"0":"post-9703","1":"product","2":"type-product","3":"status-publish","4":"has-post-thumbnail","6":"product_cat-filologie","7":"product_cat-limba-romana","8":"product_tag-informatica-aplicata","9":"product_tag-secretariat","11":"first","12":"instock","13":"shipping-taxable","14":"purchasable","15":"product-type-simple"},"_links":{"self":[{"href":"https:\/\/editura-unibuc.ro\/en\/wp-json\/wp\/v2\/product\/9703","targetHints":{"allow":["GET"]}}],"collection":[{"href":"https:\/\/editura-unibuc.ro\/en\/wp-json\/wp\/v2\/product"}],"about":[{"href":"https:\/\/editura-unibuc.ro\/en\/wp-json\/wp\/v2\/types\/product"}],"replies":[{"embeddable":true,"href":"https:\/\/editura-unibuc.ro\/en\/wp-json\/wp\/v2\/comments?post=9703"}],"wp:featuredmedia":[{"embeddable":true,"href":"https:\/\/editura-unibuc.ro\/en\/wp-json\/wp\/v2\/media\/9704"}],"wp:attachment":[{"href":"https:\/\/editura-unibuc.ro\/en\/wp-json\/wp\/v2\/media?parent=9703"}],"wp:term":[{"taxonomy":"product_brand","embeddable":true,"href":"https:\/\/editura-unibuc.ro\/en\/wp-json\/wp\/v2\/product_brand?post=9703"},{"taxonomy":"product_cat","embeddable":true,"href":"https:\/\/editura-unibuc.ro\/en\/wp-json\/wp\/v2\/product_cat?post=9703"},{"taxonomy":"product_tag","embeddable":true,"href":"https:\/\/editura-unibuc.ro\/en\/wp-json\/wp\/v2\/product_tag?post=9703"}],"curies":[{"name":"wp","href":"https:\/\/api.w.org\/{rel}","templated":true}]}}