{"id":9706,"date":"2013-05-09T13:56:18","date_gmt":"2013-05-09T11:56:18","guid":{"rendered":"https:\/\/editura-unibuc.ro\/?p=9706"},"modified":"2015-03-13T14:59:42","modified_gmt":"2015-03-13T12:59:42","slug":"turismul-durabil-in-culoarul-transcarpatic-gura-humorului-campulung-vatra-dornei-bargau","status":"publish","type":"product","link":"https:\/\/editura-unibuc.ro\/en\/turismul-durabil-in-culoarul-transcarpatic-gura-humorului-campulung-vatra-dornei-bargau\/","title":{"rendered":"DURABLE TOURISM IN THE TRANSCARPATHIAN CORRIDOR GURA HUMORULUI \u2013 C\u00c2MPULUNG \u2013 VATRA DORNEI \u2013 B\u00c2RG\u0102U"},"content":{"rendered":"<p>\u201e\u00cen prezenta lucrare, autoarea ne supune aten\u021biei un domeniu de activitate realtiv nou \u2013 turismul durabil, cu evidente semnifica\u021bii pentru evolu\u021bia contemporan\u0103 a \u021b\u0103rii. Printr-o documentare \u0219tiin\u021bific\u0103 minu\u021bioas\u0103, studierea unei bogate \u0219i variate bibliografii, prin culegerea \u0219i prelucrarea unui fond variat de date statistice, autoarea a reu\u0219it s\u0103 realizeze un studiu geografic cu o abordare modern\u0103 a evolu\u021biei \u0219i perspectivelor de dezvoltare durabil\u0103 a turismului, prezentat prin studiul de caz al unui teritoriu mai pu\u021bin analizat \u00een profil socio-economic ca entitate geografic\u0103 separat\u0103, \u0219i anume cel al Culoarului Transcarpatic Gura Humorului \u2013 C\u00e2mpulung \u2013 Vatra Dornei \u2013 B\u00e2rg\u0103u, \u0219i care se dovede\u0219te cu at\u00e2t mai actual \u0219i util diferitelor grupuri de actori interesa\u021bi de turismul durabil, dup\u0103 cum le denume\u0219te autoarea \u00een paginile acestuia\u201d. (Prof. univ. dr. George Erdeli, Facultatea de Geografie, Universitatea din Bucure\u0219ti)<\/p>\n","protected":false},"excerpt":{"rendered":"<p>\u201e\u00cen prezenta lucrare, autoarea ne supune aten\u021biei un domeniu de activitate realtiv nou \u2013 turismul durabil, cu evidente semnifica\u021bii pentru evolu\u021bia contemporan\u0103 a \u021b\u0103rii. Printr-o documentare \u0219tiin\u021bific\u0103 minu\u021bioas\u0103, studierea unei bogate \u0219i variate bibliografii, prin culegerea \u0219i prelucrarea unui fond variat de date statistice, autoarea a reu\u0219it s\u0103 realizeze un studiu geografic cu o abordare [&hellip;]<\/p>\n","protected":false},"featured_media":9707,"comment_status":"open","ping_status":"closed","template":"","meta":[],"product_brand":[],"product_cat":[1466,989],"product_tag":[903,916],"class_list":{"0":"post-9706","1":"product","2":"type-product","3":"status-publish","4":"has-post-thumbnail","6":"product_cat-stiinte-ale-naturii","7":"product_cat-geografie","8":"product_tag-geografie","9":"product_tag-turism","11":"first","12":"instock","13":"shipping-taxable","14":"purchasable","15":"product-type-simple"},"_links":{"self":[{"href":"https:\/\/editura-unibuc.ro\/en\/wp-json\/wp\/v2\/product\/9706","targetHints":{"allow":["GET"]}}],"collection":[{"href":"https:\/\/editura-unibuc.ro\/en\/wp-json\/wp\/v2\/product"}],"about":[{"href":"https:\/\/editura-unibuc.ro\/en\/wp-json\/wp\/v2\/types\/product"}],"replies":[{"embeddable":true,"href":"https:\/\/editura-unibuc.ro\/en\/wp-json\/wp\/v2\/comments?post=9706"}],"wp:featuredmedia":[{"embeddable":true,"href":"https:\/\/editura-unibuc.ro\/en\/wp-json\/wp\/v2\/media\/9707"}],"wp:attachment":[{"href":"https:\/\/editura-unibuc.ro\/en\/wp-json\/wp\/v2\/media?parent=9706"}],"wp:term":[{"taxonomy":"product_brand","embeddable":true,"href":"https:\/\/editura-unibuc.ro\/en\/wp-json\/wp\/v2\/product_brand?post=9706"},{"taxonomy":"product_cat","embeddable":true,"href":"https:\/\/editura-unibuc.ro\/en\/wp-json\/wp\/v2\/product_cat?post=9706"},{"taxonomy":"product_tag","embeddable":true,"href":"https:\/\/editura-unibuc.ro\/en\/wp-json\/wp\/v2\/product_tag?post=9706"}],"curies":[{"name":"wp","href":"https:\/\/api.w.org\/{rel}","templated":true}]}}