{"id":973,"date":"2012-08-30T12:45:58","date_gmt":"2012-08-30T09:45:58","guid":{"rendered":"https:\/\/editura-unibuc.ro\/?p=973"},"modified":"2015-06-18T12:02:32","modified_gmt":"2015-06-18T09:02:32","slug":"trei-teorii-etice-kant-mill-hare","status":"publish","type":"product","link":"https:\/\/editura-unibuc.ro\/en\/trei-teorii-etice-kant-mill-hare\/","title":{"rendered":"THREE ETHICAL THEORIES &#8211; KANT, MILL, HARE (Book and CD)"},"content":{"rendered":"<p>Aceast\u0103 carte prezint\u0103 \u00eentr.o form\u0103 accesibil\u0103 trei mari teorii etice, teoriile lui I. Kant, J. S. Mill \u0219i R. M. Hare. \u00centr-un fel, ele au marcat etica secolelor al XVIII-lea, al XIX-lea \u0219i al XX-lea, pun\u00e2nd bazele deontologismului etic modern, utilitarismului \u0219i unei tentative de sintez\u0103 a lor. (Autorul) Volumul poate fi util oric\u0103rui specialist \u00een \u0219tiin\u021be sociale sau umaniste sau celor care de\u021bin un limbaj filosofic \u0219i etic minimal, de\u0219i cartea este destinat\u0103 \u00een primul r\u00e2nd studen\u021bilor de la Facultatea de Filosofie.<\/p>\n","protected":false},"excerpt":{"rendered":"<p>Aceast\u0103 carte prezint\u0103 \u00eentr.o form\u0103 accesibil\u0103 trei mari teorii etice, teoriile lui I. Kant, J. S. Mill \u0219i R. M. Hare. \u00centr-un fel, ele au marcat etica secolelor al XVIII-lea, al XIX-lea \u0219i al XX-lea, pun\u00e2nd bazele deontologismului etic modern, utilitarismului \u0219i unei tentative de sintez\u0103 a lor. (Autorul) Volumul poate fi util oric\u0103rui specialist [&hellip;]<\/p>\n","protected":false},"featured_media":10530,"comment_status":"open","ping_status":"closed","template":"","meta":[],"product_brand":[],"product_cat":[991,994],"product_tag":[1347,921],"class_list":{"0":"post-973","1":"product","2":"type-product","3":"status-publish","4":"has-post-thumbnail","6":"product_cat-stiinte-sociale","7":"product_cat-filosofie","8":"product_tag-etica","9":"product_tag-filosofie","11":"first","12":"outofstock","13":"shipping-taxable","14":"purchasable","15":"product-type-simple"},"_links":{"self":[{"href":"https:\/\/editura-unibuc.ro\/en\/wp-json\/wp\/v2\/product\/973","targetHints":{"allow":["GET"]}}],"collection":[{"href":"https:\/\/editura-unibuc.ro\/en\/wp-json\/wp\/v2\/product"}],"about":[{"href":"https:\/\/editura-unibuc.ro\/en\/wp-json\/wp\/v2\/types\/product"}],"replies":[{"embeddable":true,"href":"https:\/\/editura-unibuc.ro\/en\/wp-json\/wp\/v2\/comments?post=973"}],"wp:featuredmedia":[{"embeddable":true,"href":"https:\/\/editura-unibuc.ro\/en\/wp-json\/wp\/v2\/media\/10530"}],"wp:attachment":[{"href":"https:\/\/editura-unibuc.ro\/en\/wp-json\/wp\/v2\/media?parent=973"}],"wp:term":[{"taxonomy":"product_brand","embeddable":true,"href":"https:\/\/editura-unibuc.ro\/en\/wp-json\/wp\/v2\/product_brand?post=973"},{"taxonomy":"product_cat","embeddable":true,"href":"https:\/\/editura-unibuc.ro\/en\/wp-json\/wp\/v2\/product_cat?post=973"},{"taxonomy":"product_tag","embeddable":true,"href":"https:\/\/editura-unibuc.ro\/en\/wp-json\/wp\/v2\/product_tag?post=973"}],"curies":[{"name":"wp","href":"https:\/\/api.w.org\/{rel}","templated":true}]}}