{"id":977,"date":"2012-08-30T12:56:18","date_gmt":"2012-08-30T09:56:18","guid":{"rendered":"https:\/\/editura-unibuc.ro\/?p=977"},"modified":"2015-03-12T23:36:56","modified_gmt":"2015-03-12T21:36:56","slug":"sonete-din-crimeea","status":"publish","type":"product","link":"https:\/\/editura-unibuc.ro\/en\/sonete-din-crimeea\/","title":{"rendered":"SONNETS FROM CRIMEA"},"content":{"rendered":"<p>Ciclul de sonete este str\u00e2ns legat de perioada \u0219ederii poetului \u00een Rusia. O mare influen\u021b\u0103 asupra crea\u021biei lui Mickiewicz a avut c\u0103l\u0103toria de dou\u0103 luni \u00een Crimeea, o c\u0103l\u0103torie plin\u0103 de peripe\u021bii \u0219i de \u00eent\u00e2mpl\u0103ri exotice. Sonetele se \u00eenscriu \u00een poetica romantic\u0103 datorit\u0103 imagina\u021biei ne\u00eencorsetate, care traverseaz\u0103 nestingherit spa\u021biul \u0219i timpul, dar \u0219i motivelor orientale, at\u00e2t de frecvent \u00eent\u00e2lnite \u00een perioada romantismului. (C.Geamba\u0219u)<\/p>\n","protected":false},"excerpt":{"rendered":"<p>Ciclul de sonete este str\u00e2ns legat de perioada \u0219ederii poetului \u00een Rusia. O mare influen\u021b\u0103 asupra crea\u021biei lui Mickiewicz a avut c\u0103l\u0103toria de dou\u0103 luni \u00een Crimeea, o c\u0103l\u0103torie plin\u0103 de peripe\u021bii \u0219i de \u00eent\u00e2mpl\u0103ri exotice. Sonetele se \u00eenscriu \u00een poetica romantic\u0103 datorit\u0103 imagina\u021biei ne\u00eencorsetate, care traverseaz\u0103 nestingherit spa\u021biul \u0219i timpul, dar \u0219i motivelor orientale, [&hellip;]<\/p>\n","protected":false},"featured_media":10527,"comment_status":"open","ping_status":"closed","template":"","meta":[],"product_brand":[],"product_cat":[1464,981],"product_tag":[902,1301],"class_list":{"0":"post-977","1":"product","2":"type-product","3":"status-publish","4":"has-post-thumbnail","6":"product_cat-filologie","7":"product_cat-limbi-slave","8":"product_tag-poezie","9":"product_tag-poloneza","11":"first","12":"instock","13":"shipping-taxable","14":"purchasable","15":"product-type-simple"},"_links":{"self":[{"href":"https:\/\/editura-unibuc.ro\/en\/wp-json\/wp\/v2\/product\/977","targetHints":{"allow":["GET"]}}],"collection":[{"href":"https:\/\/editura-unibuc.ro\/en\/wp-json\/wp\/v2\/product"}],"about":[{"href":"https:\/\/editura-unibuc.ro\/en\/wp-json\/wp\/v2\/types\/product"}],"replies":[{"embeddable":true,"href":"https:\/\/editura-unibuc.ro\/en\/wp-json\/wp\/v2\/comments?post=977"}],"wp:featuredmedia":[{"embeddable":true,"href":"https:\/\/editura-unibuc.ro\/en\/wp-json\/wp\/v2\/media\/10527"}],"wp:attachment":[{"href":"https:\/\/editura-unibuc.ro\/en\/wp-json\/wp\/v2\/media?parent=977"}],"wp:term":[{"taxonomy":"product_brand","embeddable":true,"href":"https:\/\/editura-unibuc.ro\/en\/wp-json\/wp\/v2\/product_brand?post=977"},{"taxonomy":"product_cat","embeddable":true,"href":"https:\/\/editura-unibuc.ro\/en\/wp-json\/wp\/v2\/product_cat?post=977"},{"taxonomy":"product_tag","embeddable":true,"href":"https:\/\/editura-unibuc.ro\/en\/wp-json\/wp\/v2\/product_tag?post=977"}],"curies":[{"name":"wp","href":"https:\/\/api.w.org\/{rel}","templated":true}]}}