{"id":981,"date":"2012-08-30T13:16:16","date_gmt":"2012-08-30T10:16:16","guid":{"rendered":"https:\/\/editura-unibuc.ro\/?p=981"},"modified":"2015-03-12T23:36:02","modified_gmt":"2015-03-12T21:36:02","slug":"treny-lamentatii","status":"publish","type":"product","link":"https:\/\/editura-unibuc.ro\/en\/treny-lamentatii\/","title":{"rendered":"TRENY\/LAMENTATIONS"},"content":{"rendered":"<p>Cultura literar\u0103 \u0219i filosofic\u0103 a lui J.Kochanowski (1530-1584), dob\u00e2ndit\u0103 la Universit\u0103\u021bile din Cracovia, Krolewiec, Leipzig \u0219i Padova, poart\u0103 amprentele proprii antichit\u0103\u021bii, umanismului, Reformei \u0219i tradi\u021biei populare. Operele lui Homer, Cicero, Vergiliu, Hora\u021biu, Dante, \u0219i mai ales cele ale lui Petrarca \u0219i Ronsard i-au dezvoltat \u0219i modelat gustul literar. Opera [proprie] a lui J.Kochanowski nu este \u00eentins\u0103, dar e profund\u0103 \u0219i original\u0103, constituindu-se \u00eentr-o adev\u0103rat\u0103 sintez\u0103 a tendin\u021belor renascentiste manifestate \u00een domeniul literaturii. (C. Geamba\u0219u)<\/p>\n","protected":false},"excerpt":{"rendered":"<p>Cultura literar\u0103 \u0219i filosofic\u0103 a lui J.Kochanowski (1530-1584), dob\u00e2ndit\u0103 la Universit\u0103\u021bile din Cracovia, Krolewiec, Leipzig \u0219i Padova, poart\u0103 amprentele proprii antichit\u0103\u021bii, umanismului, Reformei \u0219i tradi\u021biei populare. Operele lui Homer, Cicero, Vergiliu, Hora\u021biu, Dante, \u0219i mai ales cele ale lui Petrarca \u0219i Ronsard i-au dezvoltat \u0219i modelat gustul literar. Opera [proprie] a lui J.Kochanowski nu este [&hellip;]<\/p>\n","protected":false},"featured_media":10525,"comment_status":"open","ping_status":"closed","template":"","meta":[],"product_brand":[],"product_cat":[1464,981],"product_tag":[902,1301],"class_list":{"0":"post-981","1":"product","2":"type-product","3":"status-publish","4":"has-post-thumbnail","6":"product_cat-filologie","7":"product_cat-limbi-slave","8":"product_tag-poezie","9":"product_tag-poloneza","11":"first","12":"instock","13":"shipping-taxable","14":"purchasable","15":"product-type-simple"},"_links":{"self":[{"href":"https:\/\/editura-unibuc.ro\/en\/wp-json\/wp\/v2\/product\/981","targetHints":{"allow":["GET"]}}],"collection":[{"href":"https:\/\/editura-unibuc.ro\/en\/wp-json\/wp\/v2\/product"}],"about":[{"href":"https:\/\/editura-unibuc.ro\/en\/wp-json\/wp\/v2\/types\/product"}],"replies":[{"embeddable":true,"href":"https:\/\/editura-unibuc.ro\/en\/wp-json\/wp\/v2\/comments?post=981"}],"wp:featuredmedia":[{"embeddable":true,"href":"https:\/\/editura-unibuc.ro\/en\/wp-json\/wp\/v2\/media\/10525"}],"wp:attachment":[{"href":"https:\/\/editura-unibuc.ro\/en\/wp-json\/wp\/v2\/media?parent=981"}],"wp:term":[{"taxonomy":"product_brand","embeddable":true,"href":"https:\/\/editura-unibuc.ro\/en\/wp-json\/wp\/v2\/product_brand?post=981"},{"taxonomy":"product_cat","embeddable":true,"href":"https:\/\/editura-unibuc.ro\/en\/wp-json\/wp\/v2\/product_cat?post=981"},{"taxonomy":"product_tag","embeddable":true,"href":"https:\/\/editura-unibuc.ro\/en\/wp-json\/wp\/v2\/product_tag?post=981"}],"curies":[{"name":"wp","href":"https:\/\/api.w.org\/{rel}","templated":true}]}}